{"id":5658,"date":"2026-03-09T10:32:02","date_gmt":"2026-03-09T09:32:02","guid":{"rendered":"https:\/\/www.atlasens.fr\/?page_id=5658"},"modified":"2026-03-11T17:16:26","modified_gmt":"2026-03-11T16:16:26","slug":"organisation","status":"publish","type":"page","link":"https:\/\/www.atlasens.fr\/index.php\/conseil-strategique\/organisation\/","title":{"rendered":"Organisation"},"content":{"rendered":"<p>[et_pb_section fb_built=&#8221;1&#8243; _builder_version=&#8221;4.27.4&#8243; _module_preset=&#8221;default&#8221; custom_margin=&#8221;0px||||false|false&#8221; custom_padding=&#8221;0px|||||&#8221; locked=&#8221;off&#8221; global_colors_info=&#8221;{}&#8221;][et_pb_row _builder_version=&#8221;4.27.4&#8243; _module_preset=&#8221;default&#8221; global_colors_info=&#8221;{}&#8221;][et_pb_column type=&#8221;4_4&#8243; _builder_version=&#8221;4.27.4&#8243; _module_preset=&#8221;default&#8221; global_colors_info=&#8221;{}&#8221;][et_pb_divider color=&#8221;#3686c9&#8243; divider_weight=&#8221;2px&#8221; _builder_version=&#8221;4.16&#8243; max_width=&#8221;60px&#8221; module_alignment=&#8221;center&#8221; height=&#8221;2px&#8221; global_colors_info=&#8221;{}&#8221;][\/et_pb_divider][et_pb_text module_id=&#8221;offres&#8221; _builder_version=&#8221;4.27.4&#8243; text_font=&#8221;||||||||&#8221; header_font=&#8221;||||||||&#8221; header_2_font=&#8221;Playfair Display|700|||||||&#8221; header_2_font_size=&#8221;38px&#8221; header_2_letter_spacing=&#8221;1px&#8221; header_2_line_height=&#8221;1.4em&#8221; header_3_font=&#8221;Poppins|700||on|||||&#8221; header_3_text_color=&#8221;#edbb5f&#8221; header_3_font_size=&#8221;14px&#8221; header_3_letter_spacing=&#8221;1px&#8221; header_3_line_height=&#8221;2em&#8221; background_layout=&#8221;dark&#8221; custom_margin=&#8221;|1px|9px|1px|false|false&#8221; custom_padding=&#8221;|5px|1px|5px||true&#8221; animation_style=&#8221;fade&#8221; locked=&#8221;off&#8221; inline_fonts=&#8221;Belleza&#8221; global_colors_info=&#8221;{}&#8221;]<\/p>\n<h3 style=\"text-align: center;\"><span style=\"color: #3686c9; font-family: Belleza; font-weight: normal; font-size: x-large;\"><strong>Organisation<\/strong><\/span><\/h3>\n<p>[\/et_pb_text][\/et_pb_column][\/et_pb_row][et_pb_row column_structure=&#8221;2_5,3_5&#8243; _builder_version=&#8221;4.27.4&#8243; _module_preset=&#8221;default&#8221; locked=&#8221;off&#8221; global_colors_info=&#8221;{}&#8221;][et_pb_column type=&#8221;2_5&#8243; _builder_version=&#8221;4.27.4&#8243; _module_preset=&#8221;default&#8221; global_colors_info=&#8221;{}&#8221;][et_pb_image src=&#8221;https:\/\/www.atlasens.fr\/wp-content\/uploads\/2025\/12\/carre_02.png&#8221; title_text=&#8221;carre_02&#8243; align=&#8221;center&#8221; _builder_version=&#8221;4.27.4&#8243; _module_preset=&#8221;default&#8221; background_color=&#8221;RGBA(255,255,255,0)&#8221; custom_margin=&#8221;|50px||50px|false|true&#8221; global_colors_info=&#8221;{}&#8221;][\/et_pb_image][\/et_pb_column][et_pb_column type=&#8221;3_5&#8243; _builder_version=&#8221;4.27.4&#8243; _module_preset=&#8221;default&#8221; global_colors_info=&#8221;{}&#8221;][et_pb_text _builder_version=&#8221;4.27.4&#8243; _module_preset=&#8221;default&#8221; header_line_height=&#8221;1.3em&#8221; header_2_line_height=&#8221;1.3em&#8221; global_colors_info=&#8221;{}&#8221;]<\/p>\n<h1 style=\"text-align: center;\"><strong>Mettre en place une organisation efficace et coh\u00e9rente avec les objectifs strat\u00e9giques<\/strong><\/h1>\n<h2 style=\"text-align: center;\">\u00a0 \u00a0<\/h2>\n<h2 style=\"text-align: center;\">Une strat\u00e9gie n\u2019est efficace que si elle est soutenue par une organisation claire, agile et adapt\u00e9e aux ressources disponibles. Nous aidons \u00e0 ajuster structures, processus, r\u00f4les et outils pour atteindre les objectifs d\u00e9finis dans la strat\u00e9gie de l\u2019entreprise.<\/h2>\n<p>[\/et_pb_text][\/et_pb_column][\/et_pb_row][et_pb_row _builder_version=&#8221;4.27.4&#8243; _module_preset=&#8221;default&#8221; global_colors_info=&#8221;{}&#8221;][et_pb_column type=&#8221;4_4&#8243; _builder_version=&#8221;4.27.4&#8243; _module_preset=&#8221;default&#8221; global_colors_info=&#8221;{}&#8221;][et_pb_text _builder_version=&#8221;4.27.4&#8243; _module_preset=&#8221;default&#8221; header_2_line_height=&#8221;1.3em&#8221; global_colors_info=&#8221;{}&#8221;]<\/p>\n<h2>Atlasens vous accompagne\u202fdans les phases suivantes :<\/h2>\n<ul>\n<li>\n<h2>L\u2019analyse des forces et zones de blocage (diagnostic organisationnel) en lien avec le projet strat\u00e9gique<\/h2>\n<\/li>\n<li>\n<h2>La construction de sc\u00e9narios d\u2019\u00e9volution et leur \u00e9valuation.<\/h2>\n<\/li>\n<li>\n<h2>La mise en \u0153uvre du sc\u00e9nario retenu avec les outils associ\u00e9s\u202f: organigrammes, processus, fiches de fonction, outils de pilotage.<\/h2>\n<\/li>\n<li>\n<h2>L\u2019accompagnement au changement pour faciliter l\u2019appropriation.<\/h2>\n<\/li>\n<\/ul>\n<p>[\/et_pb_text][\/et_pb_column][\/et_pb_row][et_pb_row disabled_on=&#8221;off|off|on&#8221; _builder_version=&#8221;4.27.4&#8243; _module_preset=&#8221;default&#8221; locked=&#8221;off&#8221; global_colors_info=&#8221;{}&#8221;][et_pb_column type=&#8221;4_4&#8243; _builder_version=&#8221;4.27.4&#8243; _module_preset=&#8221;default&#8221; global_colors_info=&#8221;{}&#8221;][et_pb_divider color=&#8221;#3686c9&#8243; divider_weight=&#8221;2px&#8221; _builder_version=&#8221;4.16&#8243; max_width=&#8221;60px&#8221; module_alignment=&#8221;center&#8221; height=&#8221;2px&#8221; global_colors_info=&#8221;{}&#8221;][\/et_pb_divider][\/et_pb_column][\/et_pb_row][et_pb_row disabled_on=&#8221;off|off|off&#8221; _builder_version=&#8221;4.27.4&#8243; _module_preset=&#8221;default&#8221; locked=&#8221;off&#8221; global_colors_info=&#8221;{}&#8221;][et_pb_column type=&#8221;4_4&#8243; _builder_version=&#8221;4.27.4&#8243; _module_preset=&#8221;default&#8221; global_colors_info=&#8221;{}&#8221;][\/et_pb_column][\/et_pb_row][et_pb_row disabled_on=&#8221;off|on|on&#8221; _builder_version=&#8221;4.27.4&#8243; _module_preset=&#8221;default&#8221; global_colors_info=&#8221;{}&#8221;][et_pb_column type=&#8221;4_4&#8243; _builder_version=&#8221;4.27.4&#8243; _module_preset=&#8221;default&#8221; global_colors_info=&#8221;{}&#8221;][et_pb_text module_id=&#8221;offres&#8221; _builder_version=&#8221;4.27.4&#8243; text_font=&#8221;||||||||&#8221; header_font=&#8221;||||||||&#8221; header_2_font=&#8221;Playfair Display|700|||||||&#8221; header_2_font_size=&#8221;38px&#8221; header_2_letter_spacing=&#8221;1px&#8221; header_2_line_height=&#8221;1.4em&#8221; header_3_font=&#8221;Poppins|700||on|||||&#8221; header_3_text_color=&#8221;#edbb5f&#8221; header_3_font_size=&#8221;14px&#8221; header_3_letter_spacing=&#8221;1px&#8221; header_3_line_height=&#8221;2em&#8221; background_layout=&#8221;dark&#8221; custom_margin=&#8221;|1px|9px|1px|false|false&#8221; custom_padding=&#8221;|5px|1px|5px||true&#8221; animation_style=&#8221;fade&#8221; locked=&#8221;off&#8221; inline_fonts=&#8221;Belleza&#8221; global_colors_info=&#8221;{}&#8221;]<\/p>\n<h3 style=\"text-align: center;\"><span style=\"color: #3686c9; font-family: Belleza; font-weight: normal; font-size: x-large;\"><strong>Notre Valeur Ajout\u00e9e<\/strong><\/span><\/h3>\n<p>[\/et_pb_text][et_pb_text _builder_version=&#8221;4.27.4&#8243; _module_preset=&#8221;default&#8221; global_colors_info=&#8221;{}&#8221;]<\/p>\n<h2><span style=\"color: #000000;\">Relier l\u2019organisation aux objectifs strat\u00e9giques et s\u00e9curiser la conduite du changement. <\/span><span style=\"color: #000000;\"><\/span><\/h2>\n<p>[\/et_pb_text][\/et_pb_column][\/et_pb_row][et_pb_row disabled_on=&#8221;on|on|off&#8221; _builder_version=&#8221;4.27.4&#8243; _module_preset=&#8221;default&#8221; global_colors_info=&#8221;{}&#8221;][et_pb_column type=&#8221;4_4&#8243; _builder_version=&#8221;4.27.4&#8243; _module_preset=&#8221;default&#8221; global_colors_info=&#8221;{}&#8221;][\/et_pb_column][\/et_pb_row][et_pb_row column_structure=&#8221;2_5,3_5&#8243; use_custom_gutter=&#8221;on&#8221; gutter_width=&#8221;0&#8243; disabled_on=&#8221;on|on|off&#8221; _builder_version=&#8221;4.27.4&#8243; custom_margin=&#8221;|auto|-57px|auto||&#8221; custom_padding=&#8221;0px|0px|42px|37px||&#8221; locked=&#8221;off&#8221; global_colors_info=&#8221;{}&#8221;][et_pb_column type=&#8221;2_5&#8243; _builder_version=&#8221;4.27.4&#8243; z_index=&#8221;8&#8243; custom_padding=&#8221;|||&#8221; global_colors_info=&#8221;{}&#8221; custom_padding__hover=&#8221;|||&#8221;][et_pb_cta title=&#8221;Notre Valeur Ajout\u00e9e&#8221; button_url=&#8221;#&#8221; _builder_version=&#8221;4.27.4&#8243; header_font=&#8221;Poppins|700||on|||||&#8221; header_font_size=&#8221;14px&#8221; header_letter_spacing=&#8221;2px&#8221; header_line_height=&#8221;2em&#8221; body_font=&#8221;Playfair Display|700||on|||||&#8221; body_font_size=&#8221;34px&#8221; body_line_height=&#8221;1.4em&#8221; background_color=&#8221;#3e8ac9&#8243; custom_button=&#8221;on&#8221; button_text_color=&#8221;#f3cd7e&#8221; button_bg_color=&#8221;#ffffff&#8221; button_border_width=&#8221;0px&#8221; button_border_radius=&#8221;0px&#8221; button_letter_spacing=&#8221;1px&#8221; button_font=&#8221;Saira Extra Condensed|600||on|||||&#8221; button_icon=&#8221;&#x24;||divi||400&#8243; z_index=&#8221;0&#8243; custom_margin=&#8221;-100px||-36px||false|false&#8221; custom_padding=&#8221;53px|16px|16px|12px|false|false&#8221; animation_style=&#8221;slide&#8221; animation_direction=&#8221;bottom&#8221; animation_intensity_slide=&#8221;10%&#8221; animation_starting_opacity=&#8221;100%&#8221; button_border_radius_hover=&#8221;1px&#8221; locked=&#8221;off&#8221; inline_fonts=&#8221;Belleza&#8221; global_colors_info=&#8221;{}&#8221; button_text_size__hover_enabled=&#8221;off&#8221; button_one_text_size__hover_enabled=&#8221;off&#8221; button_two_text_size__hover_enabled=&#8221;off&#8221; button_text_color__hover_enabled=&#8221;off&#8221; button_one_text_color__hover_enabled=&#8221;off&#8221; button_two_text_color__hover_enabled=&#8221;off&#8221; button_border_width__hover_enabled=&#8221;off&#8221; button_one_border_width__hover_enabled=&#8221;off&#8221; button_two_border_width__hover_enabled=&#8221;off&#8221; button_border_color__hover_enabled=&#8221;off&#8221; button_one_border_color__hover_enabled=&#8221;off&#8221; button_two_border_color__hover_enabled=&#8221;off&#8221; button_border_radius__hover_enabled=&#8221;on&#8221; button_border_radius__hover=&#8221;1px&#8221; button_one_border_radius__hover_enabled=&#8221;off&#8221; button_two_border_radius__hover_enabled=&#8221;off&#8221; button_letter_spacing__hover_enabled=&#8221;off&#8221; button_one_letter_spacing__hover_enabled=&#8221;off&#8221; button_two_letter_spacing__hover_enabled=&#8221;off&#8221; button_bg_color__hover_enabled=&#8221;off&#8221; button_one_bg_color__hover_enabled=&#8221;off&#8221; button_two_bg_color__hover_enabled=&#8221;off&#8221;][\/et_pb_cta][\/et_pb_column][et_pb_column type=&#8221;3_5&#8243; _builder_version=&#8221;4.16&#8243; custom_padding=&#8221;|||&#8221; global_colors_info=&#8221;{}&#8221; custom_padding__hover=&#8221;|||&#8221;][et_pb_text _builder_version=&#8221;4.27.4&#8243; text_font=&#8221;&#8211;et_global_heading_font|500|||||||&#8221; text_font_size=&#8221;16px&#8221; text_letter_spacing=&#8221;2px&#8221; text_line_height=&#8221;2em&#8221; ul_font=&#8221;||||||||&#8221; background_color=&#8221;#e0e0e0&#8243; z_index=&#8221;0&#8243; background_layout=&#8221;dark&#8221; custom_margin=&#8221;0px||0px|-198px|true|false&#8221; custom_padding=&#8221;30px|20px|30px|30px|true|false&#8221; animation_style=&#8221;slide&#8221; animation_direction=&#8221;top&#8221; animation_duration=&#8221;1500ms&#8221; animation_intensity_slide=&#8221;10%&#8221; animation_starting_opacity=&#8221;100%&#8221; z_index_last_edited=&#8221;off|desktop&#8221; box_shadow_style=&#8221;preset1&#8243; box_shadow_color=&#8221;rgba(0,0,0,0.15)&#8221; global_colors_info=&#8221;{}&#8221;]<\/p>\n<p><span style=\"color: #000000;\">Relier l\u2019organisation aux objectifs strat\u00e9giques et s\u00e9curiser la conduite du changement.\u00a0<\/span><\/p>\n<p>[\/et_pb_text][\/et_pb_column][\/et_pb_row][et_pb_row _builder_version=&#8221;4.27.4&#8243; _module_preset=&#8221;default&#8221; locked=&#8221;off&#8221; global_colors_info=&#8221;{}&#8221;][et_pb_column type=&#8221;4_4&#8243; _builder_version=&#8221;4.27.4&#8243; _module_preset=&#8221;default&#8221; global_colors_info=&#8221;{}&#8221;][et_pb_divider color=&#8221;#3686c9&#8243; divider_weight=&#8221;2px&#8221; _builder_version=&#8221;4.16&#8243; max_width=&#8221;60px&#8221; module_alignment=&#8221;center&#8221; height=&#8221;2px&#8221; global_colors_info=&#8221;{}&#8221;][\/et_pb_divider][\/et_pb_column][\/et_pb_row][et_pb_row _builder_version=&#8221;4.27.4&#8243; _module_preset=&#8221;default&#8221; global_colors_info=&#8221;{}&#8221;][et_pb_column type=&#8221;4_4&#8243; _builder_version=&#8221;4.27.4&#8243; _module_preset=&#8221;default&#8221; global_colors_info=&#8221;{}&#8221;][et_pb_text module_id=&#8221;offres&#8221; _builder_version=&#8221;4.27.4&#8243; text_font=&#8221;||||||||&#8221; header_font=&#8221;||||||||&#8221; header_2_font=&#8221;Playfair Display|700|||||||&#8221; header_2_font_size=&#8221;38px&#8221; header_2_letter_spacing=&#8221;1px&#8221; header_2_line_height=&#8221;1.4em&#8221; header_3_font=&#8221;Poppins|700||on|||||&#8221; header_3_text_color=&#8221;#edbb5f&#8221; header_3_font_size=&#8221;14px&#8221; header_3_letter_spacing=&#8221;1px&#8221; header_3_line_height=&#8221;2em&#8221; background_layout=&#8221;dark&#8221; custom_margin=&#8221;|1px|9px|1px|false|false&#8221; custom_padding=&#8221;|5px|1px|5px||true&#8221; animation_style=&#8221;fade&#8221; locked=&#8221;off&#8221; inline_fonts=&#8221;Belleza&#8221; global_colors_info=&#8221;{}&#8221;]<\/p>\n<h3 style=\"text-align: center;\"><span style=\"color: #3686c9; font-family: Belleza; font-weight: normal; font-size: x-large;\"><strong>Exemples<\/strong><\/span><\/h3>\n<p>[\/et_pb_text][et_pb_text _builder_version=&#8221;4.27.4&#8243; _module_preset=&#8221;default&#8221; custom_padding=&#8221;|||20px|false|false&#8221; global_colors_info=&#8221;{}&#8221;]<\/p>\n<ul>\n<li>\n<h2>D\u00e9ploiement organisationnel et op\u00e9rationnel de projets syndicaux ou coop\u00e9ratifs dans la fili\u00e8re viti-vinicole.<\/h2>\n<\/li>\n<li>\n<h2>Appui \u00e0 la r\u00e9organisation de la ligne manag\u00e9riale de chambre d\u2019agriculture ou de CERFRANCE en mettant en phase le projet strat\u00e9gique et les comp\u00e9tences manag\u00e9riales pr\u00e9sentes ou \u00e0 int\u00e9grer<\/h2>\n<\/li>\n<li>\n<h2>Evolution de l\u2019organisation manag\u00e9riale et des instances de pilotage d\u2019OPA\u00a0: direction g\u00e9n\u00e9rale, Conseil d\u2019Administration, Bureau, CODIR, COMEX structuration et mutualisation de services \u2026<\/h2>\n<\/li>\n<li>\n<h2>R\u00e9organisation, audit organisationnel de directions ou services territoriaux<\/h2>\n<\/li>\n<\/ul>\n<ul><\/ul>\n<ul><\/ul>\n<p>[\/et_pb_text][et_pb_divider color=&#8221;#3686c9&#8243; divider_weight=&#8221;2px&#8221; _builder_version=&#8221;4.16&#8243; max_width=&#8221;60px&#8221; module_alignment=&#8221;center&#8221; height=&#8221;2px&#8221; locked=&#8221;off&#8221; global_colors_info=&#8221;{}&#8221;][\/et_pb_divider][et_pb_text module_id=&#8221;offres&#8221; _builder_version=&#8221;4.27.4&#8243; text_font=&#8221;||||||||&#8221; header_font=&#8221;||||||||&#8221; header_2_font=&#8221;Playfair Display|700|||||||&#8221; header_2_font_size=&#8221;38px&#8221; header_2_letter_spacing=&#8221;1px&#8221; header_2_line_height=&#8221;1.4em&#8221; header_3_font=&#8221;Poppins|700||on|||||&#8221; header_3_text_color=&#8221;#edbb5f&#8221; header_3_font_size=&#8221;14px&#8221; header_3_letter_spacing=&#8221;1px&#8221; header_3_line_height=&#8221;2em&#8221; background_layout=&#8221;dark&#8221; custom_margin=&#8221;|1px|9px|1px|false|false&#8221; custom_padding=&#8221;|5px|1px|5px||true&#8221; animation_style=&#8221;fade&#8221; locked=&#8221;off&#8221; inline_fonts=&#8221;Belleza&#8221; global_colors_info=&#8221;{}&#8221;]<\/p>\n<h3 style=\"text-align: center;\"><span style=\"color: #3686c9; font-family: Belleza; font-weight: normal; font-size: x-large;\"><strong>Ils nous font confiance<\/strong><\/span><\/h3>\n<p>[\/et_pb_text][et_pb_slider _builder_version=&#8221;4.27.6&#8243; _module_preset=&#8221;default&#8221; background_color=&#8221;#FFFFFF&#8221; min_height=&#8221;300px&#8221; height=&#8221;300px&#8221; max_height=&#8221;300px&#8221; custom_padding=&#8221;0px||0px|||&#8221; hover_enabled=&#8221;0&#8243; global_colors_info=&#8221;{}&#8221; sticky_enabled=&#8221;0&#8243;][et_pb_slide heading=&#8221;D\u00e9partement Seine et Marne&#8221; image=&#8221;https:\/\/www.atlasens.fr\/wp-content\/uploads\/2026\/03\/logo_SEINE_MARNE_c.png&#8221; _builder_version=&#8221;4.27.6&#8243; _module_preset=&#8221;default&#8221; background_layout=&#8221;light&#8221; hover_enabled=&#8221;0&#8243; global_colors_info=&#8221;{}&#8221; sticky_transition=&#8221;on&#8221; title_text=&#8221;logo_SEINE_MARNE_c&#8221; sticky_enabled=&#8221;0&#8243;]<\/p>\n<p>Accompagnement \u00e0 la r\u00e9organisation de la direction des transports<\/p>\n<p>[\/et_pb_slide][et_pb_slide heading=&#8221;Mus\u00e9e de l\u2019air et de l\u2019espace &#8221; image=&#8221;https:\/\/www.atlasens.fr\/wp-content\/uploads\/2026\/03\/musee-de-lair-et-de-lespace-le-bourget.jpg&#8221; _builder_version=&#8221;4.27.4&#8243; _module_preset=&#8221;default&#8221; background_layout=&#8221;light&#8221; global_colors_info=&#8221;{}&#8221; sticky_transition=&#8221;on&#8221;]<\/p>\n<p>Audit organisationnel du p\u00f4le B\u00e2timents Maintenance et Infrastructures<\/p>\n<p>[\/et_pb_slide][\/et_pb_slider][\/et_pb_column][\/et_pb_row][et_pb_row _builder_version=&#8221;4.27.4&#8243; _module_preset=&#8221;default&#8221; locked=&#8221;off&#8221; global_colors_info=&#8221;{}&#8221;][et_pb_column type=&#8221;4_4&#8243; _builder_version=&#8221;4.27.4&#8243; _module_preset=&#8221;default&#8221; global_colors_info=&#8221;{}&#8221;][\/et_pb_column][\/et_pb_row][\/et_pb_section]<\/p>\n","protected":false},"excerpt":{"rendered":"<p>OrganisationMettre en place une organisation efficace et coh\u00e9rente avec les objectifs strat\u00e9giques \u00a0 \u00a0 Une strat\u00e9gie n\u2019est efficace que si elle est soutenue par une organisation claire, agile et adapt\u00e9e aux ressources disponibles. Nous aidons \u00e0 ajuster structures, processus, r\u00f4les et outils pour atteindre les objectifs d\u00e9finis dans la strat\u00e9gie de l\u2019entreprise.Atlasens vous accompagne\u202fdans les [&hellip;]<\/p>\n","protected":false},"author":3,"featured_media":0,"parent":5221,"menu_order":0,"comment_status":"closed","ping_status":"closed","template":"","meta":{"_et_pb_use_builder":"on","_et_pb_old_content":"","_et_gb_content_width":"","footnotes":""},"class_list":["post-5658","page","type-page","status-publish","hentry"],"_links":{"self":[{"href":"https:\/\/www.atlasens.fr\/index.php\/wp-json\/wp\/v2\/pages\/5658","targetHints":{"allow":["GET"]}}],"collection":[{"href":"https:\/\/www.atlasens.fr\/index.php\/wp-json\/wp\/v2\/pages"}],"about":[{"href":"https:\/\/www.atlasens.fr\/index.php\/wp-json\/wp\/v2\/types\/page"}],"author":[{"embeddable":true,"href":"https:\/\/www.atlasens.fr\/index.php\/wp-json\/wp\/v2\/users\/3"}],"replies":[{"embeddable":true,"href":"https:\/\/www.atlasens.fr\/index.php\/wp-json\/wp\/v2\/comments?post=5658"}],"version-history":[{"count":9,"href":"https:\/\/www.atlasens.fr\/index.php\/wp-json\/wp\/v2\/pages\/5658\/revisions"}],"predecessor-version":[{"id":6073,"href":"https:\/\/www.atlasens.fr\/index.php\/wp-json\/wp\/v2\/pages\/5658\/revisions\/6073"}],"up":[{"embeddable":true,"href":"https:\/\/www.atlasens.fr\/index.php\/wp-json\/wp\/v2\/pages\/5221"}],"wp:attachment":[{"href":"https:\/\/www.atlasens.fr\/index.php\/wp-json\/wp\/v2\/media?parent=5658"}],"curies":[{"name":"wp","href":"https:\/\/api.w.org\/{rel}","templated":true}]}}