{"id":5707,"date":"2026-03-09T12:03:37","date_gmt":"2026-03-09T11:03:37","guid":{"rendered":"https:\/\/www.atlasens.fr\/?page_id=5707"},"modified":"2026-03-10T08:56:12","modified_gmt":"2026-03-10T07:56:12","slug":"coaching","status":"publish","type":"page","link":"https:\/\/www.atlasens.fr\/index.php\/coaching\/","title":{"rendered":"Coaching"},"content":{"rendered":"<p>[et_pb_section fb_built=&#8221;1&#8243; _builder_version=&#8221;4.27.4&#8243; _module_preset=&#8221;default&#8221; custom_margin=&#8221;0px||||false|false&#8221; custom_padding=&#8221;0px|||||&#8221; locked=&#8221;off&#8221; global_colors_info=&#8221;{}&#8221;][et_pb_row _builder_version=&#8221;4.27.4&#8243; _module_preset=&#8221;default&#8221; global_colors_info=&#8221;{}&#8221;][et_pb_column type=&#8221;4_4&#8243; _builder_version=&#8221;4.27.4&#8243; _module_preset=&#8221;default&#8221; global_colors_info=&#8221;{}&#8221;][et_pb_divider color=&#8221;#3686c9&#8243; divider_weight=&#8221;2px&#8221; _builder_version=&#8221;4.16&#8243; max_width=&#8221;60px&#8221; module_alignment=&#8221;center&#8221; height=&#8221;2px&#8221; global_colors_info=&#8221;{}&#8221;][\/et_pb_divider][et_pb_text module_id=&#8221;offres&#8221; _builder_version=&#8221;4.27.4&#8243; text_font=&#8221;||||||||&#8221; header_font=&#8221;||||||||&#8221; header_2_font=&#8221;Playfair Display|700|||||||&#8221; header_2_font_size=&#8221;38px&#8221; header_2_letter_spacing=&#8221;1px&#8221; header_2_line_height=&#8221;1.4em&#8221; header_3_font=&#8221;Poppins|700||on|||||&#8221; header_3_text_color=&#8221;#edbb5f&#8221; header_3_font_size=&#8221;14px&#8221; header_3_letter_spacing=&#8221;1px&#8221; header_3_line_height=&#8221;2em&#8221; background_layout=&#8221;dark&#8221; custom_margin=&#8221;|1px|9px|1px|false|false&#8221; custom_padding=&#8221;|5px|1px|5px||true&#8221; animation_style=&#8221;fade&#8221; locked=&#8221;off&#8221; inline_fonts=&#8221;Belleza&#8221; global_colors_info=&#8221;{}&#8221;]<\/p>\n<h3 style=\"text-align: center;\"><span style=\"color: #3686c9; font-family: Belleza; font-weight: normal; font-size: x-large;\"><strong>Coaching<\/strong><\/span><\/h3>\n<p>[\/et_pb_text][\/et_pb_column][\/et_pb_row][et_pb_row column_structure=&#8221;2_5,3_5&#8243; _builder_version=&#8221;4.27.4&#8243; _module_preset=&#8221;default&#8221; locked=&#8221;off&#8221; global_colors_info=&#8221;{}&#8221;][et_pb_column type=&#8221;2_5&#8243; _builder_version=&#8221;4.27.4&#8243; _module_preset=&#8221;default&#8221; global_colors_info=&#8221;{}&#8221;][et_pb_image src=&#8221;https:\/\/www.atlasens.fr\/wp-content\/uploads\/2026\/03\/coaching.png&#8221; title_text=&#8221;coaching&#8221; align=&#8221;center&#8221; _builder_version=&#8221;4.27.4&#8243; _module_preset=&#8221;default&#8221; background_color=&#8221;RGBA(255,255,255,0)&#8221; custom_margin=&#8221;||||false|false&#8221; global_colors_info=&#8221;{}&#8221;][\/et_pb_image][\/et_pb_column][et_pb_column type=&#8221;3_5&#8243; _builder_version=&#8221;4.27.4&#8243; _module_preset=&#8221;default&#8221; global_colors_info=&#8221;{}&#8221;][et_pb_text _builder_version=&#8221;4.27.4&#8243; _module_preset=&#8221;default&#8221; header_2_line_height=&#8221;1.3em&#8221; global_colors_info=&#8221;{}&#8221;]<\/p>\n<h2><strong>D\u00e9velopper les postures individuelles et les dynamiques collectives (CODIR, \u00e9quipes, dirigeants) <\/strong>pour conjuguer confiance, audace, agilit\u00e9 et performance.<\/h2>\n<h2><\/h2>\n<p>[\/et_pb_text][\/et_pb_column][\/et_pb_row][et_pb_row _builder_version=&#8221;4.27.4&#8243; _module_preset=&#8221;default&#8221; global_colors_info=&#8221;{}&#8221;][et_pb_column type=&#8221;4_4&#8243; _builder_version=&#8221;4.27.4&#8243; _module_preset=&#8221;default&#8221; global_colors_info=&#8221;{}&#8221;][et_pb_text _builder_version=&#8221;4.27.4&#8243; _module_preset=&#8221;default&#8221; header_2_line_height=&#8221;1.3em&#8221; global_colors_info=&#8221;{}&#8221;]<\/p>\n<h2>Le coaching Atlasens est un accompagnement professionnel sur mesure, destin\u00e9 aux dirigeants, responsables et \u00e9quipes qui souhaitent <strong>d\u00e9bloquer une situation, franchir un cap ou renforcer leur posture<\/strong>.<\/h2>\n<h2>Il vise \u00e0 la fois le d\u00e9veloppement individuel (comp\u00e9tences, postures et \u00e9motions) et la construction de dynamiques collectives durables. Qu\u2019il s\u2019agisse d\u2019accompagner un manager, un CODIR \/ COMEX ou une \u00e9quipe, notre d\u00e9marche vise la <strong>performance, l\u2019agilit\u00e9 n\u00e9cessaire aujourd\u2019hui et la durabilit\u00e9 au travail<\/strong>.<\/h2>\n<h2>En collectif, le coaching permet d\u2019instaurer ou restaurer un <strong>climat de confiance<\/strong>, de <strong>d\u00e9velopper la coh\u00e9sion<\/strong> et \u00a0de d\u00e9finir un cadre partag\u00e9 et. Il contribue \u00e0 des relations de qualit\u00e9 et \u00e0 une performance p\u00e9renne.<\/h2>\n<h2>Notre conviction : <strong>chaque individu et chaque collectif poss\u00e8de des ressources inexploit\u00e9es<\/strong>. Notre approche syst\u00e9mique les r\u00e9v\u00e8le et ouvre de nouveaux possibles, pour des organisations plus \u00e9panouies, plus performantes et plus impactantes envers la soci\u00e9t\u00e9 et la plan\u00e8te.<\/h2>\n<p>[\/et_pb_text][\/et_pb_column][\/et_pb_row][et_pb_row _builder_version=&#8221;4.27.4&#8243; _module_preset=&#8221;default&#8221; global_colors_info=&#8221;{}&#8221;][et_pb_column type=&#8221;4_4&#8243; _builder_version=&#8221;4.27.4&#8243; _module_preset=&#8221;default&#8221; global_colors_info=&#8221;{}&#8221;][et_pb_divider color=&#8221;#3686c9&#8243; divider_weight=&#8221;2px&#8221; _builder_version=&#8221;4.16&#8243; max_width=&#8221;60px&#8221; module_alignment=&#8221;center&#8221; height=&#8221;2px&#8221; global_colors_info=&#8221;{}&#8221;][\/et_pb_divider][et_pb_text module_id=&#8221;offres&#8221; _builder_version=&#8221;4.27.4&#8243; text_font=&#8221;||||||||&#8221; header_font=&#8221;||||||||&#8221; header_2_font=&#8221;Playfair Display|700|||||||&#8221; header_2_font_size=&#8221;38px&#8221; header_2_letter_spacing=&#8221;1px&#8221; header_2_line_height=&#8221;1.4em&#8221; header_3_font=&#8221;Poppins|700||on|||||&#8221; header_3_text_color=&#8221;#edbb5f&#8221; header_3_font_size=&#8221;14px&#8221; header_3_letter_spacing=&#8221;1px&#8221; header_3_line_height=&#8221;2em&#8221; background_layout=&#8221;dark&#8221; custom_margin=&#8221;|1px|9px|1px|false|false&#8221; custom_padding=&#8221;|5px|1px|5px||true&#8221; animation_style=&#8221;fade&#8221; locked=&#8221;off&#8221; inline_fonts=&#8221;Belleza&#8221; global_colors_info=&#8221;{}&#8221;]<\/p>\n<h3 style=\"text-align: center;\"><span style=\"color: #3686c9; font-family: Belleza; font-weight: normal; font-size: x-large;\"><strong>Nos offres de Coaching<\/strong><\/span><\/h3>\n<p>[\/et_pb_text][\/et_pb_column][\/et_pb_row][et_pb_row _builder_version=&#8221;4.27.4&#8243; _module_preset=&#8221;default&#8221; global_colors_info=&#8221;{}&#8221;][et_pb_column type=&#8221;4_4&#8243; _builder_version=&#8221;4.27.4&#8243; _module_preset=&#8221;default&#8221; global_colors_info=&#8221;{}&#8221;][et_pb_code _builder_version=&#8221;4.27.6&#8243; _module_preset=&#8221;default&#8221; hover_enabled=&#8221;0&#8243; global_colors_info=&#8221;{}&#8221; sticky_enabled=&#8221;0&#8243;]<\/p>\n<style><!-- [et_pb_line_break_holder] -->@import url('https:\/\/fonts.googleapis.com\/css2?family=Belleza&display=swap');<!-- [et_pb_line_break_holder] --><!-- [et_pb_line_break_holder] -->.atlasens-services {<!-- [et_pb_line_break_holder] -->    display: grid;<!-- [et_pb_line_break_holder] -->    grid-template-columns: repeat(4, 1fr);<!-- [et_pb_line_break_holder] -->    gap: 30px;<!-- [et_pb_line_break_holder] -->    max-width: 1200px;<!-- [et_pb_line_break_holder] -->    margin: 40px auto;<!-- [et_pb_line_break_holder] -->    padding: 0 20px;<!-- [et_pb_line_break_holder] -->}<!-- [et_pb_line_break_holder] --><!-- [et_pb_line_break_holder] -->.service-card {<!-- [et_pb_line_break_holder] -->    background: #ffffff;<!-- [et_pb_line_break_holder] -->    transition: all 0.3s ease;<!-- [et_pb_line_break_holder] -->    display: flex;<!-- [et_pb_line_break_holder] -->    flex-direction: column;<!-- [et_pb_line_break_holder] -->}<!-- [et_pb_line_break_holder] --><!-- [et_pb_line_break_holder] -->.service-card:hover {<!-- [et_pb_line_break_holder] -->    transform: translateY(-10px);<!-- [et_pb_line_break_holder] -->}<!-- [et_pb_line_break_holder] --><!-- [et_pb_line_break_holder] -->.service-card img {<!-- [et_pb_line_break_holder] -->    width: 75%;<!-- [et_pb_line_break_holder] -->    height: auto;<!-- [et_pb_line_break_holder] -->    display: block;<!-- [et_pb_line_break_holder] -->    margin: 0 auto;<!-- [et_pb_line_break_holder] -->}<!-- [et_pb_line_break_holder] --><!-- [et_pb_line_break_holder] -->.service-content {<!-- [et_pb_line_break_holder] -->    padding: 25px 20px;<!-- [et_pb_line_break_holder] -->    flex-grow: 1;<!-- [et_pb_line_break_holder] -->    display: flex;<!-- [et_pb_line_break_holder] -->    flex-direction: column;<!-- [et_pb_line_break_holder] -->    text-align: center;<!-- [et_pb_line_break_holder] -->}<!-- [et_pb_line_break_holder] --><!-- [et_pb_line_break_holder] -->.service-title {<!-- [et_pb_line_break_holder] -->    font-family: 'Belleza', sans-serif;<!-- [et_pb_line_break_holder] -->    font-size: 25px;<!-- [et_pb_line_break_holder] -->    font-weight: bold;<!-- [et_pb_line_break_holder] -->    color: #333;<!-- [et_pb_line_break_holder] -->    margin: 0 0 15px 0;<!-- [et_pb_line_break_holder] -->    text-transform: uppercase;<!-- [et_pb_line_break_holder] -->    letter-spacing: 0.5px;<!-- [et_pb_line_break_holder] -->}<!-- [et_pb_line_break_holder] --><!-- [et_pb_line_break_holder] -->.service-description {<!-- [et_pb_line_break_holder] -->    font-family: 'Belleza', sans-serif;<!-- [et_pb_line_break_holder] -->    font-size: 20px;<!-- [et_pb_line_break_holder] -->    color: #666;<!-- [et_pb_line_break_holder] -->    line-height: 1.4;<!-- [et_pb_line_break_holder] -->    margin: 0 0 20px 0;<!-- [et_pb_line_break_holder] -->    flex-grow: 1;<!-- [et_pb_line_break_holder] -->}<!-- [et_pb_line_break_holder] --><!-- [et_pb_line_break_holder] -->.service-button {<!-- [et_pb_line_break_holder] -->    display: inline-block;<!-- [et_pb_line_break_holder] -->    padding: 10px 25px;<!-- [et_pb_line_break_holder] -->    background-color: #0066cc;<!-- [et_pb_line_break_holder] -->    color: #ffffff;<!-- [et_pb_line_break_holder] -->    text-decoration: none;<!-- [et_pb_line_break_holder] -->    border-radius: 4px;<!-- [et_pb_line_break_holder] -->    font-size: 14px;<!-- [et_pb_line_break_holder] -->    font-weight: 600;<!-- [et_pb_line_break_holder] -->    transition: background-color 0.3s ease;<!-- [et_pb_line_break_holder] -->    text-align: center;<!-- [et_pb_line_break_holder] -->    font-family: 'Belleza', sans-serif;<!-- [et_pb_line_break_holder] -->}<!-- [et_pb_line_break_holder] --><!-- [et_pb_line_break_holder] -->.service-button:hover {<!-- [et_pb_line_break_holder] -->    background-color: #0052a3;<!-- [et_pb_line_break_holder] -->    text-decoration: none;<!-- [et_pb_line_break_holder] -->}<!-- [et_pb_line_break_holder] --><!-- [et_pb_line_break_holder] -->\/* Responsive *\/<!-- [et_pb_line_break_holder] -->@media (max-width: 1024px) {<!-- [et_pb_line_break_holder] -->    .atlasens-services {<!-- [et_pb_line_break_holder] -->        grid-template-columns: repeat(2, 1fr);<!-- [et_pb_line_break_holder] -->        gap: 25px;<!-- [et_pb_line_break_holder] -->    }<!-- [et_pb_line_break_holder] -->}<!-- [et_pb_line_break_holder] --><!-- [et_pb_line_break_holder] -->@media (max-width: 640px) {<!-- [et_pb_line_break_holder] -->    .atlasens-services {<!-- [et_pb_line_break_holder] -->        grid-template-columns: 1fr;<!-- [et_pb_line_break_holder] -->        gap: 20px;<!-- [et_pb_line_break_holder] -->    }<!-- [et_pb_line_break_holder] -->}<!-- [et_pb_line_break_holder] --><\/style>\n<p><!-- [et_pb_line_break_holder] --><!-- [et_pb_line_break_holder] --><\/p>\n<div class=\"atlasens-services\"><!-- [et_pb_line_break_holder] -->    <\/p>\n<div class=\"service-card\"><!-- [et_pb_line_break_holder] -->        <img decoding=\"async\" src=\"https:\/\/www.atlasens.fr\/wp-content\/uploads\/2025\/12\/carre_09.png\" alt=\"Coaching d'\u00e9quipe\"><!-- [et_pb_line_break_holder] -->        <\/p>\n<div class=\"service-content\"><!-- [et_pb_line_break_holder] -->            <\/p>\n<h3 class=\"service-title\">COACHING D&#8217;EQUIPE<\/h3>\n<p><!-- [et_pb_line_break_holder] -->            <pee class=\"service-description\">Lib\u00e9rer le potentiel collectif pour obtenir des r\u00e9sultats durables<\/pee><!-- [et_pb_line_break_holder] -->            <a href=\"https:\/\/www.atlasens.fr\/index.php\/coaching\/coaching-equipe\/\" class=\"service-button\">En savoir +<\/a><!-- [et_pb_line_break_holder] -->        <\/div>\n<p><!-- [et_pb_line_break_holder] -->    <\/div>\n<p><!-- [et_pb_line_break_holder] --><!-- [et_pb_line_break_holder] -->    <\/p>\n<div class=\"service-card\"><!-- [et_pb_line_break_holder] -->        <img decoding=\"async\" src=\"https:\/\/www.atlasens.fr\/wp-content\/uploads\/2025\/12\/carre_13.png\" alt=\"CODIR Booster\"><!-- [et_pb_line_break_holder] -->        <\/p>\n<div class=\"service-content\"><!-- [et_pb_line_break_holder] -->            <\/p>\n<h3 class=\"service-title\">CODIR-COMEX-CA BOOSTER<\/h3>\n<p><!-- [et_pb_line_break_holder] -->            <pee class=\"service-description\">Transformer votre instance dirigeante en v\u00e9ritable organe de pilotage strat\u00e9gique<\/pee><!-- [et_pb_line_break_holder] -->            <a href=\"https:\/\/www.atlasens.fr\/index.php\/coaching\/codir-comex-ca-booster\/\" class=\"service-button\">En savoir +<\/a><!-- [et_pb_line_break_holder] -->        <\/div>\n<p><!-- [et_pb_line_break_holder] -->    <\/div>\n<p><!-- [et_pb_line_break_holder] -->  <!-- [et_pb_line_break_holder] -->    <\/p>\n<div class=\"service-card\"><!-- [et_pb_line_break_holder] -->        <img decoding=\"async\" src=\"https:\/\/www.atlasens.fr\/wp-content\/uploads\/2025\/12\/carre_15.png\" alt=\"Equipe en tension\"><!-- [et_pb_line_break_holder] -->        <\/p>\n<div class=\"service-content\"><!-- [et_pb_line_break_holder] -->            <\/p>\n<h3 class=\"service-title\">EQUIPE EN TENSION<\/h3>\n<p><!-- [et_pb_line_break_holder] -->            <pee class=\"service-description\">Restaurer la confiance et reconstruire une collaboration durable<\/pee><!-- [et_pb_line_break_holder] -->            <a href=\"https:\/\/www.atlasens.fr\/index.php\/coaching\/equipe-en-tension\/\" class=\"service-button\">En savoir +<\/a><!-- [et_pb_line_break_holder] -->        <\/div>\n<p><!-- [et_pb_line_break_holder] -->    <\/div>\n<p><!-- [et_pb_line_break_holder] --><!-- [et_pb_line_break_holder] -->    <\/p>\n<div class=\"service-card\"><!-- [et_pb_line_break_holder] -->        <img decoding=\"async\" src=\"https:\/\/www.atlasens.fr\/wp-content\/uploads\/2025\/12\/carre_12.png\" alt=\"Coaching individuel\"><!-- [et_pb_line_break_holder] -->        <\/p>\n<div class=\"service-content\"><!-- [et_pb_line_break_holder] -->            <\/p>\n<h3 class=\"service-title\">COACHING INDIVIDUEL<\/h3>\n<p><!-- [et_pb_line_break_holder] -->            <pee class=\"service-description\">Prendre du recul, affirmer sa posture et franchir un cap<\/pee><!-- [et_pb_line_break_holder] -->            <a href=\"https:\/\/www.atlasens.fr\/index.php\/coaching\/coaching-individuel\/\" class=\"service-button\">En savoir +<\/a><!-- [et_pb_line_break_holder] -->        <\/div>\n<p><!-- [et_pb_line_break_holder] -->    <\/div>\n<p><!-- [et_pb_line_break_holder] --><\/div>\n<p>[\/et_pb_code][\/et_pb_column][\/et_pb_row][\/et_pb_section]<\/p>\n","protected":false},"excerpt":{"rendered":"<p>CoachingD\u00e9velopper les postures individuelles et les dynamiques collectives (CODIR, \u00e9quipes, dirigeants) pour conjuguer confiance, audace, agilit\u00e9 et performance. Le coaching Atlasens est un accompagnement professionnel sur mesure, destin\u00e9 aux dirigeants, responsables et \u00e9quipes qui souhaitent d\u00e9bloquer une situation, franchir un cap ou renforcer leur posture. Il vise \u00e0 la fois le d\u00e9veloppement individuel (comp\u00e9tences, postures [&hellip;]<\/p>\n","protected":false},"author":3,"featured_media":0,"parent":0,"menu_order":0,"comment_status":"closed","ping_status":"closed","template":"","meta":{"_et_pb_use_builder":"on","_et_pb_old_content":"","_et_gb_content_width":"","footnotes":""},"class_list":["post-5707","page","type-page","status-publish","hentry"],"_links":{"self":[{"href":"https:\/\/www.atlasens.fr\/index.php\/wp-json\/wp\/v2\/pages\/5707","targetHints":{"allow":["GET"]}}],"collection":[{"href":"https:\/\/www.atlasens.fr\/index.php\/wp-json\/wp\/v2\/pages"}],"about":[{"href":"https:\/\/www.atlasens.fr\/index.php\/wp-json\/wp\/v2\/types\/page"}],"author":[{"embeddable":true,"href":"https:\/\/www.atlasens.fr\/index.php\/wp-json\/wp\/v2\/users\/3"}],"replies":[{"embeddable":true,"href":"https:\/\/www.atlasens.fr\/index.php\/wp-json\/wp\/v2\/comments?post=5707"}],"version-history":[{"count":8,"href":"https:\/\/www.atlasens.fr\/index.php\/wp-json\/wp\/v2\/pages\/5707\/revisions"}],"predecessor-version":[{"id":5973,"href":"https:\/\/www.atlasens.fr\/index.php\/wp-json\/wp\/v2\/pages\/5707\/revisions\/5973"}],"wp:attachment":[{"href":"https:\/\/www.atlasens.fr\/index.php\/wp-json\/wp\/v2\/media?parent=5707"}],"curies":[{"name":"wp","href":"https:\/\/api.w.org\/{rel}","templated":true}]}}