{"id":5725,"date":"2026-03-09T12:36:25","date_gmt":"2026-03-09T11:36:25","guid":{"rendered":"https:\/\/www.atlasens.fr\/?page_id=5725"},"modified":"2026-03-09T21:55:02","modified_gmt":"2026-03-09T20:55:02","slug":"codir-comex-ca-booster","status":"publish","type":"page","link":"https:\/\/www.atlasens.fr\/index.php\/coaching\/codir-comex-ca-booster\/","title":{"rendered":"CODIR &#8211; COMEX &amp; CA BOOSTER"},"content":{"rendered":"<p>[et_pb_section fb_built=&#8221;1&#8243; _builder_version=&#8221;4.27.4&#8243; _module_preset=&#8221;default&#8221; custom_margin=&#8221;0px||||false|false&#8221; custom_padding=&#8221;0px|||||&#8221; locked=&#8221;off&#8221; global_colors_info=&#8221;{}&#8221;][et_pb_row _builder_version=&#8221;4.27.4&#8243; _module_preset=&#8221;default&#8221; global_colors_info=&#8221;{}&#8221;][et_pb_column type=&#8221;4_4&#8243; _builder_version=&#8221;4.27.4&#8243; _module_preset=&#8221;default&#8221; global_colors_info=&#8221;{}&#8221;][et_pb_divider color=&#8221;#3686c9&#8243; divider_weight=&#8221;2px&#8221; _builder_version=&#8221;4.16&#8243; max_width=&#8221;60px&#8221; module_alignment=&#8221;center&#8221; height=&#8221;2px&#8221; global_colors_info=&#8221;{}&#8221;][\/et_pb_divider][et_pb_text module_id=&#8221;offres&#8221; _builder_version=&#8221;4.27.4&#8243; text_font=&#8221;||||||||&#8221; header_font=&#8221;||||||||&#8221; header_2_font=&#8221;Playfair Display|700|||||||&#8221; header_2_font_size=&#8221;38px&#8221; header_2_letter_spacing=&#8221;1px&#8221; header_2_line_height=&#8221;1.4em&#8221; header_3_font=&#8221;Poppins|700||on|||||&#8221; header_3_text_color=&#8221;#edbb5f&#8221; header_3_font_size=&#8221;14px&#8221; header_3_letter_spacing=&#8221;1px&#8221; header_3_line_height=&#8221;2em&#8221; background_layout=&#8221;dark&#8221; custom_margin=&#8221;|1px|9px|1px|false|false&#8221; custom_padding=&#8221;|5px|1px|5px||true&#8221; animation_style=&#8221;fade&#8221; locked=&#8221;off&#8221; inline_fonts=&#8221;Belleza&#8221; global_colors_info=&#8221;{}&#8221;]<\/p>\n<h3 style=\"text-align: center;\"><span style=\"color: #3686c9; font-family: Belleza; font-weight: normal; font-size: x-large;\"><strong>CODIR &#8211; COMEX &amp; CA BOOSTER<\/strong><\/span><\/h3>\n<p>[\/et_pb_text][\/et_pb_column][\/et_pb_row][et_pb_row column_structure=&#8221;2_5,3_5&#8243; _builder_version=&#8221;4.27.4&#8243; _module_preset=&#8221;default&#8221; locked=&#8221;off&#8221; global_colors_info=&#8221;{}&#8221;][et_pb_column type=&#8221;2_5&#8243; _builder_version=&#8221;4.27.4&#8243; _module_preset=&#8221;default&#8221; global_colors_info=&#8221;{}&#8221;][et_pb_image src=&#8221;https:\/\/www.atlasens.fr\/wp-content\/uploads\/2025\/12\/carre_13.png&#8221; title_text=&#8221;carre_13&#8243; align=&#8221;center&#8221; _builder_version=&#8221;4.27.4&#8243; _module_preset=&#8221;default&#8221; background_color=&#8221;RGBA(255,255,255,0)&#8221; custom_margin=&#8221;|50px||50px|false|true&#8221; global_colors_info=&#8221;{}&#8221;][\/et_pb_image][\/et_pb_column][et_pb_column type=&#8221;3_5&#8243; _builder_version=&#8221;4.27.4&#8243; _module_preset=&#8221;default&#8221; global_colors_info=&#8221;{}&#8221;][et_pb_text _builder_version=&#8221;4.27.4&#8243; _module_preset=&#8221;default&#8221; header_line_height=&#8221;1.3em&#8221; header_2_line_height=&#8221;1.3em&#8221; global_colors_info=&#8221;{}&#8221;]<\/p>\n<h1 style=\"text-align: center;\"><strong>Transformer votre instance dirigeante en v\u00e9ritable organe de pilotage strat\u00e9gique<\/strong><\/h1>\n<p style=\"text-align: center;\"><strong><\/strong><\/p>\n<h2 style=\"text-align: center;\">Nous accompagnons les comit\u00e9s de direction, comit\u00e9s exc\u00e9cutifs et conseils d&#8217;administration qui veulent gagner en maturit\u00e9, en alignement et en efficacit\u00e9 collective. Notre processus structur\u00e9 permet de clarifier les r\u00f4les, fluidifier la prise de d\u00e9cision et installer une dynamique durable d&#8217;autonomie \u2014 pour des arbitrages plus clairs et un rythme de gouvernance soutenu.<\/h2>\n<p>[\/et_pb_text][\/et_pb_column][\/et_pb_row][et_pb_row _builder_version=&#8221;4.27.4&#8243; _module_preset=&#8221;default&#8221; global_colors_info=&#8221;{}&#8221;][et_pb_column type=&#8221;4_4&#8243; _builder_version=&#8221;4.27.4&#8243; _module_preset=&#8221;default&#8221; global_colors_info=&#8221;{}&#8221;][et_pb_text _builder_version=&#8221;4.27.4&#8243; _module_preset=&#8221;default&#8221; header_2_line_height=&#8221;1.3em&#8221; global_colors_info=&#8221;{}&#8221;]<\/p>\n<h2>Le <strong>CODIR\/COMEX Booster<\/strong> s\u2019adresse aux \u00e9quipes de direction qui veulent renforcer leur <strong>maturit\u00e9, leur confiance et leur efficacit\u00e9<\/strong>. Il favorise l\u2019alignement entre les membres, fluidifie la prise de d\u00e9cision et am\u00e9liore les interactions avec l\u2019ensemble de l\u2019organisation.<\/h2>\n<h2>Cet accompagnement transforme le comit\u00e9 de direction en un <strong>v\u00e9ritable organe de pilotage strat\u00e9gique<\/strong>, capable de d\u00e9cider vite et de mani\u00e8re agile, d\u2019agir efficacement et de fonctionner comme une \u00e9quipe soud\u00e9e et solidaire.<\/h2>\n<h2>Notre processus en 5 phases met le <strong>sens<\/strong> au c\u0153ur du CODIR, r\u00e9v\u00e8le les atouts et les zones de vigilance, d\u00e9veloppe les comp\u00e9tences individuelles et collectives et installe une dynamique durable d\u2019<strong>autonomie et d\u2019autor\u00e9gulation<\/strong>.<\/h2>\n<p>[\/et_pb_text][\/et_pb_column][\/et_pb_row][et_pb_row disabled_on=&#8221;off|off|on&#8221; _builder_version=&#8221;4.27.4&#8243; _module_preset=&#8221;default&#8221; locked=&#8221;off&#8221; global_colors_info=&#8221;{}&#8221;][et_pb_column type=&#8221;4_4&#8243; _builder_version=&#8221;4.27.4&#8243; _module_preset=&#8221;default&#8221; global_colors_info=&#8221;{}&#8221;][et_pb_divider color=&#8221;#3686c9&#8243; divider_weight=&#8221;2px&#8221; _builder_version=&#8221;4.16&#8243; max_width=&#8221;60px&#8221; module_alignment=&#8221;center&#8221; height=&#8221;2px&#8221; global_colors_info=&#8221;{}&#8221;][\/et_pb_divider][\/et_pb_column][\/et_pb_row][et_pb_row disabled_on=&#8221;off|off|off&#8221; _builder_version=&#8221;4.27.4&#8243; _module_preset=&#8221;default&#8221; locked=&#8221;off&#8221; global_colors_info=&#8221;{}&#8221;][et_pb_column type=&#8221;4_4&#8243; _builder_version=&#8221;4.27.4&#8243; _module_preset=&#8221;default&#8221; global_colors_info=&#8221;{}&#8221;][\/et_pb_column][\/et_pb_row][et_pb_row disabled_on=&#8221;off|on|on&#8221; _builder_version=&#8221;4.27.4&#8243; _module_preset=&#8221;default&#8221; global_colors_info=&#8221;{}&#8221;][et_pb_column type=&#8221;4_4&#8243; _builder_version=&#8221;4.27.4&#8243; _module_preset=&#8221;default&#8221; global_colors_info=&#8221;{}&#8221;][et_pb_text module_id=&#8221;offres&#8221; _builder_version=&#8221;4.27.4&#8243; text_font=&#8221;||||||||&#8221; header_font=&#8221;||||||||&#8221; header_2_font=&#8221;Playfair Display|700|||||||&#8221; header_2_font_size=&#8221;38px&#8221; header_2_letter_spacing=&#8221;1px&#8221; header_2_line_height=&#8221;1.4em&#8221; header_3_font=&#8221;Poppins|700||on|||||&#8221; header_3_text_color=&#8221;#edbb5f&#8221; header_3_font_size=&#8221;14px&#8221; header_3_letter_spacing=&#8221;1px&#8221; header_3_line_height=&#8221;2em&#8221; background_layout=&#8221;dark&#8221; custom_margin=&#8221;|1px|9px|1px|false|false&#8221; custom_padding=&#8221;|5px|1px|5px||true&#8221; animation_style=&#8221;fade&#8221; locked=&#8221;off&#8221; inline_fonts=&#8221;Belleza&#8221; global_colors_info=&#8221;{}&#8221;]<\/p>\n<h3 style=\"text-align: center;\"><span style=\"color: #3686c9; font-family: Belleza; font-weight: normal; font-size: x-large;\"><strong>Notre Valeur Ajout\u00e9e<\/strong><\/span><\/h3>\n<p>[\/et_pb_text][et_pb_text _builder_version=&#8221;4.27.4&#8243; _module_preset=&#8221;default&#8221; global_colors_info=&#8221;{}&#8221;]<\/p>\n<h2>Chez Atlasens, nous accompagnons les CODIR\/COMEX dans une d\u00e9marche fond\u00e9e sur le <strong>respect mutuel<\/strong> et la <strong>confiance dans les ressources de chacun<\/strong>. Notre approche sur-mesure consid\u00e8re le comit\u00e9 comme une <strong>\u00ab \u00e9quipe championne \u00bb<\/strong>, capable de progresser collectivement et de relever ses d\u00e9fis strat\u00e9giques.<\/h2>\n<h2>Nous mobilisons un large \u00e9ventail d\u2019outils \u2013 animation, m\u00e9thodes de d\u00e9cision, pilotage et suivi \u2013 choisis en fonction des besoins r\u00e9els de l\u2019\u00e9quipe.<\/h2>\n<h2>Notre processus, \u00e0 la fois <strong>participatif et structurant<\/strong>, favorise la co-construction et le partage, tout en installant des rep\u00e8res solides : r\u00e8gles de fonctionnement, r\u00f4les clarifi\u00e9s, outils de communication efficaces.<\/h2>\n<p>[\/et_pb_text][\/et_pb_column][\/et_pb_row][et_pb_row disabled_on=&#8221;on|on|off&#8221; _builder_version=&#8221;4.27.4&#8243; _module_preset=&#8221;default&#8221; global_colors_info=&#8221;{}&#8221;][et_pb_column type=&#8221;4_4&#8243; _builder_version=&#8221;4.27.4&#8243; _module_preset=&#8221;default&#8221; global_colors_info=&#8221;{}&#8221;][\/et_pb_column][\/et_pb_row][et_pb_row column_structure=&#8221;2_5,3_5&#8243; use_custom_gutter=&#8221;on&#8221; gutter_width=&#8221;0&#8243; disabled_on=&#8221;on|on|off&#8221; _builder_version=&#8221;4.27.4&#8243; min_height=&#8221;459px&#8221; custom_margin=&#8221;|auto|-57px|auto||&#8221; custom_padding=&#8221;0px|0px|42px|37px||&#8221; locked=&#8221;off&#8221; global_colors_info=&#8221;{}&#8221;][et_pb_column type=&#8221;2_5&#8243; _builder_version=&#8221;4.27.4&#8243; z_index=&#8221;8&#8243; custom_padding=&#8221;|||&#8221; global_colors_info=&#8221;{}&#8221; custom_padding__hover=&#8221;|||&#8221;][et_pb_cta title=&#8221;Notre Valeur Ajout\u00e9e&#8221; button_url=&#8221;#&#8221; _builder_version=&#8221;4.27.4&#8243; header_font=&#8221;Poppins|700||on|||||&#8221; header_font_size=&#8221;14px&#8221; header_letter_spacing=&#8221;2px&#8221; header_line_height=&#8221;2em&#8221; body_font=&#8221;Playfair Display|700||on|||||&#8221; body_font_size=&#8221;34px&#8221; body_line_height=&#8221;1.4em&#8221; background_color=&#8221;#3e8ac9&#8243; custom_button=&#8221;on&#8221; button_text_color=&#8221;#f3cd7e&#8221; button_bg_color=&#8221;#ffffff&#8221; button_border_width=&#8221;0px&#8221; button_border_radius=&#8221;0px&#8221; button_letter_spacing=&#8221;1px&#8221; button_font=&#8221;Saira Extra Condensed|600||on|||||&#8221; button_icon=&#8221;&#x24;||divi||400&#8243; z_index=&#8221;0&#8243; custom_margin=&#8221;-100px||-36px||false|false&#8221; custom_padding=&#8221;53px|16px|16px|12px|false|false&#8221; animation_style=&#8221;slide&#8221; animation_direction=&#8221;bottom&#8221; animation_intensity_slide=&#8221;10%&#8221; animation_starting_opacity=&#8221;100%&#8221; button_border_radius_hover=&#8221;1px&#8221; locked=&#8221;off&#8221; inline_fonts=&#8221;Belleza&#8221; global_colors_info=&#8221;{}&#8221; button_text_size__hover_enabled=&#8221;off&#8221; button_one_text_size__hover_enabled=&#8221;off&#8221; button_two_text_size__hover_enabled=&#8221;off&#8221; button_text_color__hover_enabled=&#8221;off&#8221; button_one_text_color__hover_enabled=&#8221;off&#8221; button_two_text_color__hover_enabled=&#8221;off&#8221; button_border_width__hover_enabled=&#8221;off&#8221; button_one_border_width__hover_enabled=&#8221;off&#8221; button_two_border_width__hover_enabled=&#8221;off&#8221; button_border_color__hover_enabled=&#8221;off&#8221; button_one_border_color__hover_enabled=&#8221;off&#8221; button_two_border_color__hover_enabled=&#8221;off&#8221; button_border_radius__hover_enabled=&#8221;on&#8221; button_border_radius__hover=&#8221;1px&#8221; button_one_border_radius__hover_enabled=&#8221;off&#8221; button_two_border_radius__hover_enabled=&#8221;off&#8221; button_letter_spacing__hover_enabled=&#8221;off&#8221; button_one_letter_spacing__hover_enabled=&#8221;off&#8221; button_two_letter_spacing__hover_enabled=&#8221;off&#8221; button_bg_color__hover_enabled=&#8221;off&#8221; button_one_bg_color__hover_enabled=&#8221;off&#8221; button_two_bg_color__hover_enabled=&#8221;off&#8221;][\/et_pb_cta][\/et_pb_column][et_pb_column type=&#8221;3_5&#8243; _builder_version=&#8221;4.16&#8243; custom_padding=&#8221;|||&#8221; global_colors_info=&#8221;{}&#8221; custom_padding__hover=&#8221;|||&#8221;][et_pb_text _builder_version=&#8221;4.27.4&#8243; text_font=&#8221;&#8211;et_global_heading_font|500|||||||&#8221; text_font_size=&#8221;16px&#8221; text_letter_spacing=&#8221;2px&#8221; text_line_height=&#8221;2em&#8221; ul_font=&#8221;||||||||&#8221; background_color=&#8221;#e0e0e0&#8243; z_index=&#8221;0&#8243; background_layout=&#8221;dark&#8221; custom_margin=&#8221;0px||0px|-198px|true|false&#8221; custom_padding=&#8221;30px|20px|30px|30px|true|false&#8221; animation_style=&#8221;slide&#8221; animation_direction=&#8221;top&#8221; animation_duration=&#8221;1500ms&#8221; animation_intensity_slide=&#8221;10%&#8221; animation_starting_opacity=&#8221;100%&#8221; z_index_last_edited=&#8221;off|desktop&#8221; box_shadow_style=&#8221;preset1&#8243; box_shadow_color=&#8221;rgba(0,0,0,0.15)&#8221; global_colors_info=&#8221;{}&#8221;]<\/p>\n<p><span style=\"color: #000000;\">Chez Atlasens, nous accompagnons les CODIR\/COMEX dans une d\u00e9marche fond\u00e9e sur le <strong>respect mutuel<\/strong> et la <strong>confiance dans les ressources de chacun<\/strong>. Notre approche sur-mesure consid\u00e8re le comit\u00e9 comme une <strong>\u00ab \u00e9quipe championne \u00bb<\/strong>, capable de progresser collectivement et de relever ses d\u00e9fis strat\u00e9giques.<\/span><\/p>\n<p><span style=\"color: #000000;\">Nous mobilisons un large \u00e9ventail d\u2019outils \u2013 animation, m\u00e9thodes de d\u00e9cision, pilotage et suivi \u2013 choisis en fonction des besoins r\u00e9els de l\u2019\u00e9quipe.<\/span><\/p>\n<p><span style=\"color: #000000;\">Notre processus, \u00e0 la fois <strong>participatif et structurant<\/strong>, favorise la co-construction et le partage, tout en installant des rep\u00e8res solides : r\u00e8gles de fonctionnement, r\u00f4les clarifi\u00e9s, outils de communication efficaces.<\/span><\/p>\n<p>[\/et_pb_text][\/et_pb_column][\/et_pb_row][et_pb_row _builder_version=&#8221;4.27.4&#8243; _module_preset=&#8221;default&#8221; locked=&#8221;off&#8221; global_colors_info=&#8221;{}&#8221;][et_pb_column type=&#8221;4_4&#8243; _builder_version=&#8221;4.27.4&#8243; _module_preset=&#8221;default&#8221; global_colors_info=&#8221;{}&#8221;][et_pb_divider color=&#8221;#3686c9&#8243; divider_weight=&#8221;2px&#8221; _builder_version=&#8221;4.16&#8243; max_width=&#8221;60px&#8221; module_alignment=&#8221;center&#8221; height=&#8221;2px&#8221; global_colors_info=&#8221;{}&#8221;][\/et_pb_divider][et_pb_text module_id=&#8221;offres&#8221; _builder_version=&#8221;4.27.4&#8243; text_font=&#8221;||||||||&#8221; header_font=&#8221;||||||||&#8221; header_2_font=&#8221;Playfair Display|700|||||||&#8221; header_2_font_size=&#8221;38px&#8221; header_2_letter_spacing=&#8221;1px&#8221; header_2_line_height=&#8221;1.4em&#8221; header_3_font=&#8221;Poppins|700||on|||||&#8221; header_3_text_color=&#8221;#edbb5f&#8221; header_3_font_size=&#8221;14px&#8221; header_3_letter_spacing=&#8221;1px&#8221; header_3_line_height=&#8221;2em&#8221; background_layout=&#8221;dark&#8221; custom_margin=&#8221;|1px|9px|1px|false|false&#8221; custom_padding=&#8221;|5px|1px|5px||true&#8221; animation_style=&#8221;fade&#8221; locked=&#8221;off&#8221; inline_fonts=&#8221;Belleza&#8221; global_colors_info=&#8221;{}&#8221;]<\/p>\n<h3 style=\"text-align: center;\"><span style=\"color: #3686c9; font-family: Belleza; font-weight: normal; font-size: x-large;\"><strong>Nos Prestations<\/strong><\/span><\/h3>\n<p>[\/et_pb_text][\/et_pb_column][\/et_pb_row][et_pb_row column_structure=&#8221;1_2,1_2&#8243; _builder_version=&#8221;4.16&#8243; _module_preset=&#8221;default&#8221; locked=&#8221;off&#8221; global_colors_info=&#8221;{}&#8221;][et_pb_column type=&#8221;1_2&#8243; _builder_version=&#8221;4.16&#8243; _module_preset=&#8221;default&#8221; global_colors_info=&#8221;{}&#8221;][et_pb_blurb title=&#8221;CODIR BOOSTER&#8221; image=&#8221;https:\/\/www.atlasens.fr\/wp-content\/uploads\/2023\/08\/map_carree.jpg&#8221; content_max_width=&#8221;300px&#8221; _builder_version=&#8221;4.27.4&#8243; _module_preset=&#8221;default&#8221; header_text_align=&#8221;center&#8221; global_colors_info=&#8221;{}&#8221;][\/et_pb_blurb][et_pb_button button_url=&#8221;https:\/\/www.atlasens.fr\/wp-content\/uploads\/2024\/01\/ATLASENS_CODIR_Booster_c.pdf&#8221; url_new_window=&#8221;on&#8221; button_text=&#8221;Voir la plaquette&#8221; button_alignment=&#8221;center&#8221; _builder_version=&#8221;4.27.4&#8243; _module_preset=&#8221;default&#8221; global_colors_info=&#8221;{}&#8221;][\/et_pb_button][\/et_pb_column][et_pb_column type=&#8221;1_2&#8243; _builder_version=&#8221;4.16&#8243; _module_preset=&#8221;default&#8221; global_colors_info=&#8221;{}&#8221;][et_pb_blurb title=&#8221;CA BOOSTER&#8221; image=&#8221;https:\/\/www.atlasens.fr\/wp-content\/uploads\/2024\/01\/image_CAB_500.png&#8221; content_max_width=&#8221;300px&#8221; _builder_version=&#8221;4.27.4&#8243; _module_preset=&#8221;default&#8221; header_text_align=&#8221;center&#8221; global_colors_info=&#8221;{}&#8221;][\/et_pb_blurb][et_pb_button button_url=&#8221;https:\/\/www.atlasens.fr\/wp-content\/uploads\/2024\/01\/ATLASENS_CA_Booster_c.pdf&#8221; url_new_window=&#8221;on&#8221; button_text=&#8221;Voir la plaquette&#8221; button_alignment=&#8221;center&#8221; _builder_version=&#8221;4.27.4&#8243; _module_preset=&#8221;default&#8221; global_colors_info=&#8221;{}&#8221;][\/et_pb_button][\/et_pb_column][\/et_pb_row][et_pb_row _builder_version=&#8221;4.27.4&#8243; _module_preset=&#8221;default&#8221; locked=&#8221;off&#8221; global_colors_info=&#8221;{}&#8221;][et_pb_column type=&#8221;4_4&#8243; _builder_version=&#8221;4.27.4&#8243; _module_preset=&#8221;default&#8221; global_colors_info=&#8221;{}&#8221;][et_pb_divider color=&#8221;#3686c9&#8243; divider_weight=&#8221;2px&#8221; _builder_version=&#8221;4.16&#8243; max_width=&#8221;60px&#8221; module_alignment=&#8221;center&#8221; height=&#8221;2px&#8221; global_colors_info=&#8221;{}&#8221;][\/et_pb_divider][\/et_pb_column][\/et_pb_row][et_pb_row _builder_version=&#8221;4.27.4&#8243; _module_preset=&#8221;default&#8221; global_colors_info=&#8221;{}&#8221;][et_pb_column type=&#8221;4_4&#8243; _builder_version=&#8221;4.27.4&#8243; _module_preset=&#8221;default&#8221; global_colors_info=&#8221;{}&#8221;][et_pb_text module_id=&#8221;offres&#8221; _builder_version=&#8221;4.27.4&#8243; text_font=&#8221;||||||||&#8221; header_font=&#8221;||||||||&#8221; header_2_font=&#8221;Playfair Display|700|||||||&#8221; header_2_font_size=&#8221;38px&#8221; header_2_letter_spacing=&#8221;1px&#8221; header_2_line_height=&#8221;1.4em&#8221; header_3_font=&#8221;Poppins|700||on|||||&#8221; header_3_text_color=&#8221;#edbb5f&#8221; header_3_font_size=&#8221;14px&#8221; header_3_letter_spacing=&#8221;1px&#8221; header_3_line_height=&#8221;2em&#8221; background_layout=&#8221;dark&#8221; custom_margin=&#8221;|1px|9px|1px|false|false&#8221; custom_padding=&#8221;|5px|1px|5px||true&#8221; animation_style=&#8221;fade&#8221; locked=&#8221;off&#8221; inline_fonts=&#8221;Belleza&#8221; global_colors_info=&#8221;{}&#8221;]<\/p>\n<h3 style=\"text-align: center;\"><span style=\"color: #3686c9; font-family: Belleza; font-weight: normal; font-size: x-large;\"><strong>Exemples<\/strong><\/span><\/h3>\n<p>[\/et_pb_text][et_pb_text _builder_version=&#8221;4.27.4&#8243; _module_preset=&#8221;default&#8221; custom_padding=&#8221;|||20px|false|false&#8221; global_colors_info=&#8221;{}&#8221;]<\/p>\n<ul>\n<li>\n<h2>Accompagnement d&#8217;\u00e9quipes de direction (comit\u00e9 de direction ou directoire) pour d\u00e9velopper la coh\u00e9sion et clarifier les r\u00f4les de chacun<\/h2>\n<\/li>\n<li>\n<h2>Coaching d&#8217;\u00e9quipes en phase de constitution suite \u00e0 une r\u00e9organisation ou transformation organisationnelle<\/h2>\n<\/li>\n<li>\n<h2>Accompagnement au changement d&#8217;\u00e9quipes confront\u00e9es \u00e0 de nouveaux enjeux (passage de seuil, \u00e9volution du contexte)<\/h2>\n<\/li>\n<li>\n<h2>D\u00e9veloppement de l&#8217;intelligence collective comme levier de performance pour des \u00e9quipes souhaitant faire progresser leurs m\u00e9thodes de travail<\/h2>\n<\/li>\n<\/ul>\n<p>[\/et_pb_text][et_pb_divider color=&#8221;#3686c9&#8243; divider_weight=&#8221;2px&#8221; _builder_version=&#8221;4.16&#8243; max_width=&#8221;60px&#8221; module_alignment=&#8221;center&#8221; height=&#8221;2px&#8221; locked=&#8221;off&#8221; global_colors_info=&#8221;{}&#8221;][\/et_pb_divider][et_pb_text module_id=&#8221;offres&#8221; _builder_version=&#8221;4.27.4&#8243; text_font=&#8221;||||||||&#8221; header_font=&#8221;||||||||&#8221; header_2_font=&#8221;Playfair Display|700|||||||&#8221; header_2_font_size=&#8221;38px&#8221; header_2_letter_spacing=&#8221;1px&#8221; header_2_line_height=&#8221;1.4em&#8221; header_3_font=&#8221;Poppins|700||on|||||&#8221; header_3_text_color=&#8221;#edbb5f&#8221; header_3_font_size=&#8221;14px&#8221; header_3_letter_spacing=&#8221;1px&#8221; header_3_line_height=&#8221;2em&#8221; background_layout=&#8221;dark&#8221; custom_margin=&#8221;|1px|9px|1px|false|false&#8221; custom_padding=&#8221;|5px|1px|5px||true&#8221; animation_style=&#8221;fade&#8221; locked=&#8221;off&#8221; inline_fonts=&#8221;Belleza&#8221; global_colors_info=&#8221;{}&#8221;]<\/p>\n<h3 style=\"text-align: center;\"><span style=\"color: #3686c9; font-family: Belleza; font-weight: normal; font-size: x-large;\"><strong>Ils nous font confiance<\/strong><\/span><\/h3>\n<p>[\/et_pb_text][et_pb_slider _builder_version=&#8221;4.27.4&#8243; _module_preset=&#8221;default&#8221; background_color=&#8221;#FFFFFF&#8221; min_height=&#8221;300px&#8221; height=&#8221;300px&#8221; max_height=&#8221;300px&#8221; custom_padding=&#8221;0px||0px|||&#8221; hover_enabled=&#8221;0&#8243; global_colors_info=&#8221;{}&#8221; sticky_enabled=&#8221;0&#8243;][et_pb_slide heading=&#8221;Vignerons Ard\u00e9chois&#8221; image=&#8221;https:\/\/www.atlasens.fr\/wp-content\/uploads\/2026\/03\/logo_vignerons_ardechois.png&#8221; _builder_version=&#8221;4.27.4&#8243; _module_preset=&#8221;default&#8221; background_layout=&#8221;light&#8221; global_colors_info=&#8221;{}&#8221; sticky_transition=&#8221;on&#8221;]<\/p>\n<p>Transformation du comit\u00e9 de direction en organe de pilotage strat\u00e9gique, d\u00e9veloppement de l\u2019alignement et de l\u2019efficacit\u00e9 collective pour relever les d\u00e9fis de la fili\u00e8re coop\u00e9rative.<\/p>\n<p>[\/et_pb_slide][et_pb_slide heading=&#8221;D\u00e9partement Is\u00e8re &#8221; image=&#8221;https:\/\/www.atlasens.fr\/wp-content\/uploads\/2024\/05\/2560px-Logo_Departement_Isere_2015.svg_.png&#8221; _builder_version=&#8221;4.27.4&#8243; _module_preset=&#8221;default&#8221; background_layout=&#8221;light&#8221; global_colors_info=&#8221;{}&#8221; sticky_transition=&#8221;on&#8221;]<\/p>\n<p>Accompagnement de CODIR de maison d\u00e9partementale dans un contexte de transformation organisationnelle<\/p>\n<p>[\/et_pb_slide][et_pb_slide heading=&#8221;Florette&#8221; image=&#8221;https:\/\/www.atlasens.fr\/wp-content\/uploads\/2026\/03\/Logos-Florette-Pantone.png&#8221; _builder_version=&#8221;4.27.4&#8243; _module_preset=&#8221;default&#8221; background_layout=&#8221;light&#8221; global_colors_info=&#8221;{}&#8221; sticky_transition=&#8221;on&#8221;]<\/p>\n<p>Accompagnement du CODIR pour fluidifier la prise de d\u00e9cision, renforcer la maturit\u00e9 manag\u00e9riale et installer une dynamique d\u2019autonomie et d\u2019autor\u00e9gulation durable.<\/p>\n<p>[\/et_pb_slide][et_pb_slide heading=&#8221;Communaut\u00e9 de Communes C\u0153ur de Sologne &#8221; image=&#8221;https:\/\/www.atlasens.fr\/wp-content\/uploads\/2026\/03\/LOGO_COMCOM_sologne-couleur.png&#8221; _builder_version=&#8221;4.27.4&#8243; _module_preset=&#8221;default&#8221; background_layout=&#8221;light&#8221; global_colors_info=&#8221;{}&#8221; sticky_transition=&#8221;on&#8221;]<\/p>\n<p>Accompagnement \u00e0 la constitution et dynamisation du CODIR dans un contexte de mutualisation ville \u2013 intercommunalit\u00e9<\/p>\n<p>[\/et_pb_slide][\/et_pb_slider][\/et_pb_column][\/et_pb_row][et_pb_row _builder_version=&#8221;4.27.4&#8243; _module_preset=&#8221;default&#8221; locked=&#8221;off&#8221; global_colors_info=&#8221;{}&#8221;][et_pb_column type=&#8221;4_4&#8243; _builder_version=&#8221;4.27.4&#8243; _module_preset=&#8221;default&#8221; global_colors_info=&#8221;{}&#8221;][\/et_pb_column][\/et_pb_row][\/et_pb_section]<\/p>\n","protected":false},"excerpt":{"rendered":"<p>CODIR &#8211; COMEX &amp; CA BOOSTERTransformer votre instance dirigeante en v\u00e9ritable organe de pilotage strat\u00e9gique Nous accompagnons les comit\u00e9s de direction, comit\u00e9s exc\u00e9cutifs et conseils d&#8217;administration qui veulent gagner en maturit\u00e9, en alignement et en efficacit\u00e9 collective. Notre processus structur\u00e9 permet de clarifier les r\u00f4les, fluidifier la prise de d\u00e9cision et installer une dynamique durable [&hellip;]<\/p>\n","protected":false},"author":3,"featured_media":0,"parent":5707,"menu_order":0,"comment_status":"closed","ping_status":"closed","template":"","meta":{"_et_pb_use_builder":"on","_et_pb_old_content":"","_et_gb_content_width":"","footnotes":""},"class_list":["post-5725","page","type-page","status-publish","hentry"],"_links":{"self":[{"href":"https:\/\/www.atlasens.fr\/index.php\/wp-json\/wp\/v2\/pages\/5725","targetHints":{"allow":["GET"]}}],"collection":[{"href":"https:\/\/www.atlasens.fr\/index.php\/wp-json\/wp\/v2\/pages"}],"about":[{"href":"https:\/\/www.atlasens.fr\/index.php\/wp-json\/wp\/v2\/types\/page"}],"author":[{"embeddable":true,"href":"https:\/\/www.atlasens.fr\/index.php\/wp-json\/wp\/v2\/users\/3"}],"replies":[{"embeddable":true,"href":"https:\/\/www.atlasens.fr\/index.php\/wp-json\/wp\/v2\/comments?post=5725"}],"version-history":[{"count":6,"href":"https:\/\/www.atlasens.fr\/index.php\/wp-json\/wp\/v2\/pages\/5725\/revisions"}],"predecessor-version":[{"id":5864,"href":"https:\/\/www.atlasens.fr\/index.php\/wp-json\/wp\/v2\/pages\/5725\/revisions\/5864"}],"up":[{"embeddable":true,"href":"https:\/\/www.atlasens.fr\/index.php\/wp-json\/wp\/v2\/pages\/5707"}],"wp:attachment":[{"href":"https:\/\/www.atlasens.fr\/index.php\/wp-json\/wp\/v2\/media?parent=5725"}],"curies":[{"name":"wp","href":"https:\/\/api.w.org\/{rel}","templated":true}]}}