{"id":5755,"date":"2026-03-09T14:45:23","date_gmt":"2026-03-09T13:45:23","guid":{"rendered":"https:\/\/www.atlasens.fr\/?page_id=5755"},"modified":"2026-03-09T14:58:20","modified_gmt":"2026-03-09T13:58:20","slug":"coaching-individuel","status":"publish","type":"page","link":"https:\/\/www.atlasens.fr\/index.php\/coaching\/coaching-individuel\/","title":{"rendered":"Coaching individuel"},"content":{"rendered":"<p>[et_pb_section fb_built=&#8221;1&#8243; _builder_version=&#8221;4.27.4&#8243; _module_preset=&#8221;default&#8221; custom_margin=&#8221;0px||||false|false&#8221; custom_padding=&#8221;0px|||||&#8221; locked=&#8221;off&#8221; global_colors_info=&#8221;{}&#8221;][et_pb_row _builder_version=&#8221;4.27.4&#8243; _module_preset=&#8221;default&#8221; global_colors_info=&#8221;{}&#8221;][et_pb_column type=&#8221;4_4&#8243; _builder_version=&#8221;4.27.4&#8243; _module_preset=&#8221;default&#8221; global_colors_info=&#8221;{}&#8221;][et_pb_divider color=&#8221;#3686c9&#8243; divider_weight=&#8221;2px&#8221; _builder_version=&#8221;4.16&#8243; max_width=&#8221;60px&#8221; module_alignment=&#8221;center&#8221; height=&#8221;2px&#8221; global_colors_info=&#8221;{}&#8221;][\/et_pb_divider][et_pb_text module_id=&#8221;offres&#8221; _builder_version=&#8221;4.27.4&#8243; text_font=&#8221;||||||||&#8221; header_font=&#8221;||||||||&#8221; header_2_font=&#8221;Playfair Display|700|||||||&#8221; header_2_font_size=&#8221;38px&#8221; header_2_letter_spacing=&#8221;1px&#8221; header_2_line_height=&#8221;1.4em&#8221; header_3_font=&#8221;Poppins|700||on|||||&#8221; header_3_text_color=&#8221;#edbb5f&#8221; header_3_font_size=&#8221;14px&#8221; header_3_letter_spacing=&#8221;1px&#8221; header_3_line_height=&#8221;2em&#8221; background_layout=&#8221;dark&#8221; custom_margin=&#8221;|1px|9px|1px|false|false&#8221; custom_padding=&#8221;|5px|1px|5px||true&#8221; animation_style=&#8221;fade&#8221; hover_enabled=&#8221;0&#8243; locked=&#8221;off&#8221; inline_fonts=&#8221;Belleza&#8221; global_colors_info=&#8221;{}&#8221; sticky_enabled=&#8221;0&#8243;]<\/p>\n<h3 style=\"text-align: center;\"><span style=\"color: #3686c9; font-family: Belleza; font-weight: normal; font-size: x-large;\"><strong>Coaching individuel<\/strong><\/span><\/h3>\n<p>[\/et_pb_text][\/et_pb_column][\/et_pb_row][et_pb_row column_structure=&#8221;2_5,3_5&#8243; _builder_version=&#8221;4.27.4&#8243; _module_preset=&#8221;default&#8221; locked=&#8221;off&#8221; global_colors_info=&#8221;{}&#8221;][et_pb_column type=&#8221;2_5&#8243; _builder_version=&#8221;4.27.4&#8243; _module_preset=&#8221;default&#8221; global_colors_info=&#8221;{}&#8221;][et_pb_image src=&#8221;https:\/\/www.atlasens.fr\/wp-content\/uploads\/2025\/12\/carre_12.png&#8221; title_text=&#8221;carre_12&#8243; align=&#8221;center&#8221; _builder_version=&#8221;4.27.4&#8243; _module_preset=&#8221;default&#8221; background_color=&#8221;RGBA(255,255,255,0)&#8221; custom_margin=&#8221;|50px||50px|false|true&#8221; hover_enabled=&#8221;0&#8243; global_colors_info=&#8221;{}&#8221; sticky_enabled=&#8221;0&#8243;][\/et_pb_image][\/et_pb_column][et_pb_column type=&#8221;3_5&#8243; _builder_version=&#8221;4.27.4&#8243; _module_preset=&#8221;default&#8221; global_colors_info=&#8221;{}&#8221;][et_pb_text _builder_version=&#8221;4.27.4&#8243; _module_preset=&#8221;default&#8221; header_line_height=&#8221;1.3em&#8221; header_2_line_height=&#8221;1.3em&#8221; hover_enabled=&#8221;0&#8243; global_colors_info=&#8221;{}&#8221; sticky_enabled=&#8221;0&#8243;]<\/p>\n<h1 style=\"text-align: center;\">Prendre du recul, affirmer sa posture et franchir un cap<\/h1>\n<p style=\"text-align: center;\"><strong><\/strong><\/p>\n<h2 style=\"text-align: center;\">Nos coachings individuels s&#8217;adressent aux dirigeants, managers et responsables confront\u00e9s \u00e0 des enjeux strat\u00e9giques, manag\u00e9riaux ou relationnels complexes. Dans un cadre bienveillant et confidentiel, nous aidons chacun \u00e0 mobiliser ses propres ressources pour d\u00e9bloquer une situation, d\u00e9velopper son leadership et progresser durablement dans sa fonction.<\/h2>\n<p>[\/et_pb_text][\/et_pb_column][\/et_pb_row][et_pb_row _builder_version=&#8221;4.27.4&#8243; _module_preset=&#8221;default&#8221; global_colors_info=&#8221;{}&#8221;][et_pb_column type=&#8221;4_4&#8243; _builder_version=&#8221;4.27.4&#8243; _module_preset=&#8221;default&#8221; global_colors_info=&#8221;{}&#8221;][et_pb_text _builder_version=&#8221;4.27.4&#8243; _module_preset=&#8221;default&#8221; header_2_line_height=&#8221;1.3em&#8221; hover_enabled=&#8221;0&#8243; global_colors_info=&#8221;{}&#8221; sticky_enabled=&#8221;0&#8243;]<\/p>\n<h2>Le coaching individuel est un accompagnement professionnel personnalis\u00e9 qui s&#8217;adresse \u00e0 tous les acteurs de l&#8217;entreprise confront\u00e9s \u00e0 des probl\u00e9matiques strat\u00e9giques, manag\u00e9riales, op\u00e9rationnelles ou relationnelles. Il offre un espace de croissance permettant de d\u00e9bloquer des situations complexes, d&#8217;am\u00e9liorer sa posture professionnelle et de franchir un cap dans sa fonction ou son \u00e9volution de carri\u00e8re.<\/h2>\n<h2>Cet accompagnement favorise le d\u00e9veloppement du potentiel individuel en tenant compte de la complexit\u00e9 de l&#8217;environnement professionnel. Il permet de mettre le sens au c\u0153ur des projets, d&#8217;am\u00e9liorer la performance individuelle et collective, d&#8217;affirmer son leadership et de mieux g\u00e9rer les situations critiques.<\/h2>\n<p>[\/et_pb_text][\/et_pb_column][\/et_pb_row][et_pb_row disabled_on=&#8221;off|off|on&#8221; _builder_version=&#8221;4.27.4&#8243; _module_preset=&#8221;default&#8221; locked=&#8221;off&#8221; global_colors_info=&#8221;{}&#8221;][et_pb_column type=&#8221;4_4&#8243; _builder_version=&#8221;4.27.4&#8243; _module_preset=&#8221;default&#8221; global_colors_info=&#8221;{}&#8221;][et_pb_divider color=&#8221;#3686c9&#8243; divider_weight=&#8221;2px&#8221; _builder_version=&#8221;4.16&#8243; max_width=&#8221;60px&#8221; module_alignment=&#8221;center&#8221; height=&#8221;2px&#8221; global_colors_info=&#8221;{}&#8221;][\/et_pb_divider][\/et_pb_column][\/et_pb_row][et_pb_row disabled_on=&#8221;off|off|off&#8221; _builder_version=&#8221;4.27.4&#8243; _module_preset=&#8221;default&#8221; locked=&#8221;off&#8221; global_colors_info=&#8221;{}&#8221;][et_pb_column type=&#8221;4_4&#8243; _builder_version=&#8221;4.27.4&#8243; _module_preset=&#8221;default&#8221; global_colors_info=&#8221;{}&#8221;][\/et_pb_column][\/et_pb_row][et_pb_row disabled_on=&#8221;off|on|on&#8221; _builder_version=&#8221;4.27.4&#8243; _module_preset=&#8221;default&#8221; global_colors_info=&#8221;{}&#8221;][et_pb_column type=&#8221;4_4&#8243; _builder_version=&#8221;4.27.4&#8243; _module_preset=&#8221;default&#8221; global_colors_info=&#8221;{}&#8221;][et_pb_text module_id=&#8221;offres&#8221; _builder_version=&#8221;4.27.4&#8243; text_font=&#8221;||||||||&#8221; header_font=&#8221;||||||||&#8221; header_2_font=&#8221;Playfair Display|700|||||||&#8221; header_2_font_size=&#8221;38px&#8221; header_2_letter_spacing=&#8221;1px&#8221; header_2_line_height=&#8221;1.4em&#8221; header_3_font=&#8221;Poppins|700||on|||||&#8221; header_3_text_color=&#8221;#edbb5f&#8221; header_3_font_size=&#8221;14px&#8221; header_3_letter_spacing=&#8221;1px&#8221; header_3_line_height=&#8221;2em&#8221; background_layout=&#8221;dark&#8221; custom_margin=&#8221;|1px|9px|1px|false|false&#8221; custom_padding=&#8221;|5px|1px|5px||true&#8221; animation_style=&#8221;fade&#8221; locked=&#8221;off&#8221; inline_fonts=&#8221;Belleza&#8221; global_colors_info=&#8221;{}&#8221;]<\/p>\n<h3 style=\"text-align: center;\"><span style=\"color: #3686c9; font-family: Belleza; font-weight: normal; font-size: x-large;\"><strong>Notre Valeur Ajout\u00e9e<\/strong><\/span><\/h3>\n<p>[\/et_pb_text][et_pb_text _builder_version=&#8221;4.27.4&#8243; _module_preset=&#8221;default&#8221; hover_enabled=&#8221;0&#8243; global_colors_info=&#8221;{}&#8221; sticky_enabled=&#8221;0&#8243;]<\/p>\n<h2>Chez Atlasens, nous avons l\u2019intime conviction que chaque personne poss\u00e8de en elle les ressources n\u00e9cessaires pour progresser et trouver ses propres solutions. Notre accompagnement, fond\u00e9 sur le <strong>respect, la bienveillance et la confiance<\/strong>, consid\u00e8re le coach\u00e9 comme le v\u00e9ritable <strong>champion de son d\u00e9veloppement<\/strong>.<\/h2>\n<h2>Gr\u00e2ce \u00e0 une approche sur-mesure et en intelligence de situation, nous mobilisons des outils et m\u00e9thodes adapt\u00e9s aux besoins concrets. Ce processus, \u00e0 la fois <strong>dynamique et participatif<\/strong>, favorise l\u2019\u00e9mergence de nouvelles id\u00e9es, ouvre des pistes in\u00e9dites et renforce l\u2019autonomie pour retrouver confiance dans sa capacit\u00e9 d\u2019action.<\/h2>\n<h2>Un parcours type se d\u00e9roule sur <strong>6 \u00e0 10 s\u00e9ances de 2h, r\u00e9parties sur 3 \u00e0 6 mois<\/strong>, dans une relation tripartite impliquant le coach\u00e9, son manager\/DRH et le coach<\/h2>\n<p>[\/et_pb_text][\/et_pb_column][\/et_pb_row][et_pb_row disabled_on=&#8221;on|on|off&#8221; _builder_version=&#8221;4.27.4&#8243; _module_preset=&#8221;default&#8221; global_colors_info=&#8221;{}&#8221;][et_pb_column type=&#8221;4_4&#8243; _builder_version=&#8221;4.27.4&#8243; _module_preset=&#8221;default&#8221; global_colors_info=&#8221;{}&#8221;][\/et_pb_column][\/et_pb_row][et_pb_row column_structure=&#8221;2_5,3_5&#8243; use_custom_gutter=&#8221;on&#8221; gutter_width=&#8221;0&#8243; disabled_on=&#8221;on|on|off&#8221; _builder_version=&#8221;4.27.4&#8243; min_height=&#8221;459px&#8221; custom_margin=&#8221;|auto|-57px|auto||&#8221; custom_padding=&#8221;0px|0px|42px|37px||&#8221; locked=&#8221;off&#8221; global_colors_info=&#8221;{}&#8221;][et_pb_column type=&#8221;2_5&#8243; _builder_version=&#8221;4.27.4&#8243; z_index=&#8221;8&#8243; custom_padding=&#8221;|||&#8221; global_colors_info=&#8221;{}&#8221; custom_padding__hover=&#8221;|||&#8221;][et_pb_cta title=&#8221;Notre Valeur Ajout\u00e9e&#8221; button_url=&#8221;#&#8221; _builder_version=&#8221;4.27.4&#8243; header_font=&#8221;Poppins|700||on|||||&#8221; header_font_size=&#8221;14px&#8221; header_letter_spacing=&#8221;2px&#8221; header_line_height=&#8221;2em&#8221; body_font=&#8221;Playfair Display|700||on|||||&#8221; body_font_size=&#8221;34px&#8221; body_line_height=&#8221;1.4em&#8221; background_color=&#8221;#3e8ac9&#8243; custom_button=&#8221;on&#8221; button_text_color=&#8221;#f3cd7e&#8221; button_bg_color=&#8221;#ffffff&#8221; button_border_width=&#8221;0px&#8221; button_border_radius=&#8221;0px&#8221; button_letter_spacing=&#8221;1px&#8221; button_font=&#8221;Saira Extra Condensed|600||on|||||&#8221; button_icon=&#8221;&#x24;||divi||400&#8243; z_index=&#8221;0&#8243; custom_margin=&#8221;-100px||-36px||false|false&#8221; custom_padding=&#8221;53px|16px|16px|12px|false|false&#8221; animation_style=&#8221;slide&#8221; animation_direction=&#8221;bottom&#8221; animation_intensity_slide=&#8221;10%&#8221; animation_starting_opacity=&#8221;100%&#8221; button_border_radius_hover=&#8221;1px&#8221; locked=&#8221;off&#8221; inline_fonts=&#8221;Belleza&#8221; global_colors_info=&#8221;{}&#8221; button_text_size__hover_enabled=&#8221;off&#8221; button_one_text_size__hover_enabled=&#8221;off&#8221; button_two_text_size__hover_enabled=&#8221;off&#8221; button_text_color__hover_enabled=&#8221;off&#8221; button_one_text_color__hover_enabled=&#8221;off&#8221; button_two_text_color__hover_enabled=&#8221;off&#8221; button_border_width__hover_enabled=&#8221;off&#8221; button_one_border_width__hover_enabled=&#8221;off&#8221; button_two_border_width__hover_enabled=&#8221;off&#8221; button_border_color__hover_enabled=&#8221;off&#8221; button_one_border_color__hover_enabled=&#8221;off&#8221; button_two_border_color__hover_enabled=&#8221;off&#8221; button_border_radius__hover_enabled=&#8221;on&#8221; button_border_radius__hover=&#8221;1px&#8221; button_one_border_radius__hover_enabled=&#8221;off&#8221; button_two_border_radius__hover_enabled=&#8221;off&#8221; button_letter_spacing__hover_enabled=&#8221;off&#8221; button_one_letter_spacing__hover_enabled=&#8221;off&#8221; button_two_letter_spacing__hover_enabled=&#8221;off&#8221; button_bg_color__hover_enabled=&#8221;off&#8221; button_one_bg_color__hover_enabled=&#8221;off&#8221; button_two_bg_color__hover_enabled=&#8221;off&#8221;][\/et_pb_cta][\/et_pb_column][et_pb_column type=&#8221;3_5&#8243; _builder_version=&#8221;4.16&#8243; custom_padding=&#8221;|||&#8221; global_colors_info=&#8221;{}&#8221; custom_padding__hover=&#8221;|||&#8221;][et_pb_text _builder_version=&#8221;4.27.4&#8243; text_font=&#8221;&#8211;et_global_heading_font|500|||||||&#8221; text_font_size=&#8221;16px&#8221; text_letter_spacing=&#8221;2px&#8221; text_line_height=&#8221;2em&#8221; ul_font=&#8221;||||||||&#8221; background_color=&#8221;#e0e0e0&#8243; z_index=&#8221;0&#8243; background_layout=&#8221;dark&#8221; custom_margin=&#8221;0px||0px|-198px|true|false&#8221; custom_padding=&#8221;30px|20px|30px|30px|true|false&#8221; animation_style=&#8221;slide&#8221; animation_direction=&#8221;top&#8221; animation_duration=&#8221;1500ms&#8221; animation_intensity_slide=&#8221;10%&#8221; animation_starting_opacity=&#8221;100%&#8221; hover_enabled=&#8221;0&#8243; z_index_last_edited=&#8221;off|desktop&#8221; box_shadow_style=&#8221;preset1&#8243; box_shadow_color=&#8221;rgba(0,0,0,0.15)&#8221; global_colors_info=&#8221;{}&#8221; sticky_enabled=&#8221;0&#8243;]<\/p>\n<p>Chez Atlasens, nous avons l\u2019intime conviction que chaque personne poss\u00e8de en elle les ressources n\u00e9cessaires pour progresser et trouver ses propres solutions. Notre accompagnement, fond\u00e9 sur le <strong>respect, la bienveillance et la confiance<\/strong>, consid\u00e8re le coach\u00e9 comme le v\u00e9ritable <strong>champion de son d\u00e9veloppement<\/strong>.<\/p>\n<p>Gr\u00e2ce \u00e0 une approche sur-mesure et en intelligence de situation, nous mobilisons des outils et m\u00e9thodes adapt\u00e9s aux besoins concrets. Ce processus, \u00e0 la fois <strong>dynamique et participatif<\/strong>, favorise l\u2019\u00e9mergence de nouvelles id\u00e9es, ouvre des pistes in\u00e9dites et renforce l\u2019autonomie pour retrouver confiance dans sa capacit\u00e9 d\u2019action.<\/p>\n<p>Un parcours type se d\u00e9roule sur <strong>6 \u00e0 10 s\u00e9ances de 2h, r\u00e9parties sur 3 \u00e0 6 mois<\/strong>, dans une relation tripartite impliquant le coach\u00e9, son manager\/DRH et le coach.<\/p>\n<p>[\/et_pb_text][\/et_pb_column][\/et_pb_row][et_pb_row _builder_version=&#8221;4.27.4&#8243; _module_preset=&#8221;default&#8221; locked=&#8221;off&#8221; global_colors_info=&#8221;{}&#8221;][et_pb_column type=&#8221;4_4&#8243; _builder_version=&#8221;4.27.4&#8243; _module_preset=&#8221;default&#8221; global_colors_info=&#8221;{}&#8221;][et_pb_divider color=&#8221;#3686c9&#8243; divider_weight=&#8221;2px&#8221; _builder_version=&#8221;4.16&#8243; max_width=&#8221;60px&#8221; module_alignment=&#8221;center&#8221; height=&#8221;2px&#8221; global_colors_info=&#8221;{}&#8221;][\/et_pb_divider][et_pb_text module_id=&#8221;offres&#8221; _builder_version=&#8221;4.27.4&#8243; text_font=&#8221;||||||||&#8221; header_font=&#8221;||||||||&#8221; header_2_font=&#8221;Playfair Display|700|||||||&#8221; header_2_font_size=&#8221;38px&#8221; header_2_letter_spacing=&#8221;1px&#8221; header_2_line_height=&#8221;1.4em&#8221; header_3_font=&#8221;Poppins|700||on|||||&#8221; header_3_text_color=&#8221;#edbb5f&#8221; header_3_font_size=&#8221;14px&#8221; header_3_letter_spacing=&#8221;1px&#8221; header_3_line_height=&#8221;2em&#8221; background_layout=&#8221;dark&#8221; custom_margin=&#8221;|1px|9px|1px|false|false&#8221; custom_padding=&#8221;|5px|1px|5px||true&#8221; animation_style=&#8221;fade&#8221; locked=&#8221;off&#8221; inline_fonts=&#8221;Belleza&#8221; global_colors_info=&#8221;{}&#8221;]<\/p>\n<h3 style=\"text-align: center;\"><span style=\"color: #3686c9; font-family: Belleza; font-weight: normal; font-size: x-large;\"><strong>Nos Prestations<\/strong><\/span><\/h3>\n<p>[\/et_pb_text][\/et_pb_column][\/et_pb_row][et_pb_row column_structure=&#8221;1_3,1_3,1_3&#8243; _builder_version=&#8221;4.16&#8243; _module_preset=&#8221;default&#8221; locked=&#8221;off&#8221; global_colors_info=&#8221;{}&#8221;][et_pb_column type=&#8221;1_3&#8243; _builder_version=&#8221;4.16&#8243; _module_preset=&#8221;default&#8221; global_colors_info=&#8221;{}&#8221;][\/et_pb_column][et_pb_column type=&#8221;1_3&#8243; _builder_version=&#8221;4.16&#8243; _module_preset=&#8221;default&#8221; global_colors_info=&#8221;{}&#8221;][et_pb_blurb title=&#8221;Coaching Individuel&#8221; image=&#8221;https:\/\/www.atlasens.fr\/wp-content\/uploads\/2022\/08\/DP322064-carree.jpg&#8221; _builder_version=&#8221;4.27.4&#8243; _module_preset=&#8221;default&#8221; header_text_align=&#8221;center&#8221; hover_enabled=&#8221;0&#8243; global_colors_info=&#8221;{}&#8221; title_text=&#8221;DP322064 carr\u00e9e&#8221; sticky_enabled=&#8221;0&#8243;][\/et_pb_blurb][et_pb_button button_url=&#8221;https:\/\/www.atlasens.fr\/wp-content\/uploads\/2022\/12\/Atlasens-Coaching-individuel-nop.pdf&#8221; url_new_window=&#8221;on&#8221; button_text=&#8221;Voir la plaquette&#8221; button_alignment=&#8221;center&#8221; _builder_version=&#8221;4.27.4&#8243; _module_preset=&#8221;default&#8221; hover_enabled=&#8221;0&#8243; global_colors_info=&#8221;{}&#8221; sticky_enabled=&#8221;0&#8243;][\/et_pb_button][\/et_pb_column][et_pb_column type=&#8221;1_3&#8243; _builder_version=&#8221;4.16&#8243; _module_preset=&#8221;default&#8221; global_colors_info=&#8221;{}&#8221;][\/et_pb_column][\/et_pb_row][et_pb_row _builder_version=&#8221;4.27.4&#8243; _module_preset=&#8221;default&#8221; locked=&#8221;off&#8221; global_colors_info=&#8221;{}&#8221;][et_pb_column type=&#8221;4_4&#8243; _builder_version=&#8221;4.27.4&#8243; _module_preset=&#8221;default&#8221; global_colors_info=&#8221;{}&#8221;][et_pb_divider color=&#8221;#3686c9&#8243; divider_weight=&#8221;2px&#8221; _builder_version=&#8221;4.16&#8243; max_width=&#8221;60px&#8221; module_alignment=&#8221;center&#8221; height=&#8221;2px&#8221; global_colors_info=&#8221;{}&#8221;][\/et_pb_divider][\/et_pb_column][\/et_pb_row][et_pb_row _builder_version=&#8221;4.27.4&#8243; _module_preset=&#8221;default&#8221; global_colors_info=&#8221;{}&#8221;][et_pb_column type=&#8221;4_4&#8243; _builder_version=&#8221;4.27.4&#8243; _module_preset=&#8221;default&#8221; global_colors_info=&#8221;{}&#8221;][et_pb_text module_id=&#8221;offres&#8221; _builder_version=&#8221;4.27.4&#8243; text_font=&#8221;||||||||&#8221; header_font=&#8221;||||||||&#8221; header_2_font=&#8221;Playfair Display|700|||||||&#8221; header_2_font_size=&#8221;38px&#8221; header_2_letter_spacing=&#8221;1px&#8221; header_2_line_height=&#8221;1.4em&#8221; header_3_font=&#8221;Poppins|700||on|||||&#8221; header_3_text_color=&#8221;#edbb5f&#8221; header_3_font_size=&#8221;14px&#8221; header_3_letter_spacing=&#8221;1px&#8221; header_3_line_height=&#8221;2em&#8221; background_layout=&#8221;dark&#8221; custom_margin=&#8221;|1px|9px|1px|false|false&#8221; custom_padding=&#8221;|5px|1px|5px||true&#8221; animation_style=&#8221;fade&#8221; locked=&#8221;off&#8221; inline_fonts=&#8221;Belleza&#8221; global_colors_info=&#8221;{}&#8221;]<\/p>\n<h3 style=\"text-align: center;\"><span style=\"color: #3686c9; font-family: Belleza; font-weight: normal; font-size: x-large;\"><strong>Exemples<\/strong><\/span><\/h3>\n<p>[\/et_pb_text][et_pb_text _builder_version=&#8221;4.27.4&#8243; _module_preset=&#8221;default&#8221; custom_padding=&#8221;|||20px|false|false&#8221; hover_enabled=&#8221;0&#8243; global_colors_info=&#8221;{}&#8221; sticky_enabled=&#8221;0&#8243;]<\/p>\n<ul>\n<li>\n<h2>Accompagnement de dirigeants pour d\u00e9velopper leur leadership et clarifier leur vision strat\u00e9gique<\/h2>\n<\/li>\n<li>\n<h2>Coaching de managers souhaitant am\u00e9liorer leurs aptitudes manag\u00e9riales et leur communication d&#8217;\u00e9quipe<\/h2>\n<\/li>\n<li>\n<h2>Soutien de professionnels en \u00e9volution de p\u00e9rim\u00e8tre de responsabilit\u00e9s ou prise de poste<\/h2>\n<\/li>\n<li>\n<h2>Accompagnement pour mieux g\u00e9rer le stress, appr\u00e9hender ses \u00e9motions et gagner en confiance<\/h2>\n<\/li>\n<li>\n<h2>Coaching en gestion de situations conflictuelles avec des coll\u00e8gues ou partenaires<\/h2>\n<\/li>\n<li>\n<h2>D\u00e9veloppement de la posture professionnelle pour travailler plus sereinement dans le respect de sa personne<\/h2>\n<\/li>\n<\/ul>\n<p>[\/et_pb_text][et_pb_divider color=&#8221;#3686c9&#8243; divider_weight=&#8221;2px&#8221; _builder_version=&#8221;4.16&#8243; max_width=&#8221;60px&#8221; module_alignment=&#8221;center&#8221; height=&#8221;2px&#8221; locked=&#8221;off&#8221; global_colors_info=&#8221;{}&#8221;][\/et_pb_divider][et_pb_text module_id=&#8221;offres&#8221; _builder_version=&#8221;4.27.4&#8243; text_font=&#8221;||||||||&#8221; header_font=&#8221;||||||||&#8221; header_2_font=&#8221;Playfair Display|700|||||||&#8221; header_2_font_size=&#8221;38px&#8221; header_2_letter_spacing=&#8221;1px&#8221; header_2_line_height=&#8221;1.4em&#8221; header_3_font=&#8221;Poppins|700||on|||||&#8221; header_3_text_color=&#8221;#edbb5f&#8221; header_3_font_size=&#8221;14px&#8221; header_3_letter_spacing=&#8221;1px&#8221; header_3_line_height=&#8221;2em&#8221; background_layout=&#8221;dark&#8221; custom_margin=&#8221;|1px|9px|1px|false|false&#8221; custom_padding=&#8221;|5px|1px|5px||true&#8221; animation_style=&#8221;fade&#8221; locked=&#8221;off&#8221; inline_fonts=&#8221;Belleza&#8221; global_colors_info=&#8221;{}&#8221;]<\/p>\n<h3 style=\"text-align: center;\"><span style=\"color: #3686c9; font-family: Belleza; font-weight: normal; font-size: x-large;\"><strong>Ils nous font confiance<\/strong><\/span><\/h3>\n<p>[\/et_pb_text][et_pb_slider _builder_version=&#8221;4.27.4&#8243; _module_preset=&#8221;default&#8221; background_color=&#8221;#FFFFFF&#8221; min_height=&#8221;300px&#8221; height=&#8221;300px&#8221; max_height=&#8221;300px&#8221; custom_padding=&#8221;0px||0px|||&#8221; hover_enabled=&#8221;0&#8243; global_colors_info=&#8221;{}&#8221; sticky_enabled=&#8221;0&#8243;][et_pb_slide heading=&#8221;D\u00e9partement de l&#8217;Is\u00e8re &#8221; image=&#8221;https:\/\/www.atlasens.fr\/wp-content\/uploads\/2024\/05\/2560px-Logo_Departement_Isere_2015.svg_.png&#8221; _builder_version=&#8221;4.27.4&#8243; _module_preset=&#8221;default&#8221; background_layout=&#8221;light&#8221; hover_enabled=&#8221;0&#8243; global_colors_info=&#8221;{}&#8221; sticky_transition=&#8221;on&#8221; title_text=&#8221;2560px-Logo_D\u00e9partement_Is\u00e8re_2015.svg&#8221; sticky_enabled=&#8221;0&#8243;]<\/p>\n<p><strong>Accompagnement d\u2019un responsable de service communication, d\u2019un bin\u00f4me de direction d&#8217;une maison d\u00e9partementale<\/strong><\/p>\n<p>[\/et_pb_slide][et_pb_slide heading=&#8221;PNR Normandie Maine&#8221; image=&#8221;https:\/\/www.atlasens.fr\/wp-content\/uploads\/2026\/03\/logo_pnr_normandie-maine.jpg&#8221; _builder_version=&#8221;4.27.4&#8243; _module_preset=&#8221;default&#8221; background_layout=&#8221;light&#8221; hover_enabled=&#8221;0&#8243; global_colors_info=&#8221;{}&#8221; sticky_transition=&#8221;on&#8221; title_text=&#8221;logo_pnr_normandie-maine&#8221; sticky_enabled=&#8221;0&#8243;]<\/p>\n<p><strong>Accompagnement du responsable du p\u00f4le Biodiversit\u00e9<\/strong><\/p>\n<p>[\/et_pb_slide][et_pb_slide heading=&#8221;SDIS 38&#8243; image=&#8221;https:\/\/www.atlasens.fr\/wp-content\/uploads\/2026\/03\/SDIS_38.jpg&#8221; _builder_version=&#8221;4.27.4&#8243; _module_preset=&#8221;default&#8221; background_layout=&#8221;light&#8221; hover_enabled=&#8221;0&#8243; global_colors_info=&#8221;{}&#8221; sticky_transition=&#8221;on&#8221; title_text=&#8221;Impression&#8221; sticky_enabled=&#8221;0&#8243;]<\/p>\n<p><strong>Accompagnement d\u2019une responsable RH dans une p\u00e9riode d\u2019int\u00e9rim<\/strong><\/p>\n<p>[\/et_pb_slide][et_pb_slide heading=&#8221;CERFRANCE&#8221; image=&#8221;https:\/\/www.atlasens.fr\/wp-content\/uploads\/2026\/03\/CERFRANCE.png&#8221; _builder_version=&#8221;4.27.4&#8243; _module_preset=&#8221;default&#8221; background_layout=&#8221;light&#8221; hover_enabled=&#8221;0&#8243; global_colors_info=&#8221;{}&#8221; sticky_transition=&#8221;on&#8221; title_text=&#8221;CERFRANCE&#8221; sticky_enabled=&#8221;0&#8243;]<\/p>\n<p><strong>Coaching de diff\u00e9rents dirigeants (Patrons de PME clientes du CERFRANCE)\u00a0: Accompagnement personnalis\u00e9 de dirigeants pour d\u00e9velopper leur leadership, franchir des caps et g\u00e9rer des situations complexes dans un environnement en mutation.<\/strong><\/p>\n<p>[\/et_pb_slide][\/et_pb_slider][\/et_pb_column][\/et_pb_row][et_pb_row _builder_version=&#8221;4.27.4&#8243; _module_preset=&#8221;default&#8221; locked=&#8221;off&#8221; global_colors_info=&#8221;{}&#8221;][et_pb_column type=&#8221;4_4&#8243; _builder_version=&#8221;4.27.4&#8243; _module_preset=&#8221;default&#8221; global_colors_info=&#8221;{}&#8221;][\/et_pb_column][\/et_pb_row][\/et_pb_section]<\/p>\n","protected":false},"excerpt":{"rendered":"<p>Coaching individuelPrendre du recul, affirmer sa posture et franchir un cap Nos coachings individuels s&#8217;adressent aux dirigeants, managers et responsables confront\u00e9s \u00e0 des enjeux strat\u00e9giques, manag\u00e9riaux ou relationnels complexes. Dans un cadre bienveillant et confidentiel, nous aidons chacun \u00e0 mobiliser ses propres ressources pour d\u00e9bloquer une situation, d\u00e9velopper son leadership et progresser durablement dans sa [&hellip;]<\/p>\n","protected":false},"author":3,"featured_media":0,"parent":5707,"menu_order":0,"comment_status":"closed","ping_status":"closed","template":"","meta":{"_et_pb_use_builder":"on","_et_pb_old_content":"","_et_gb_content_width":"","footnotes":""},"class_list":["post-5755","page","type-page","status-publish","hentry"],"_links":{"self":[{"href":"https:\/\/www.atlasens.fr\/index.php\/wp-json\/wp\/v2\/pages\/5755","targetHints":{"allow":["GET"]}}],"collection":[{"href":"https:\/\/www.atlasens.fr\/index.php\/wp-json\/wp\/v2\/pages"}],"about":[{"href":"https:\/\/www.atlasens.fr\/index.php\/wp-json\/wp\/v2\/types\/page"}],"author":[{"embeddable":true,"href":"https:\/\/www.atlasens.fr\/index.php\/wp-json\/wp\/v2\/users\/3"}],"replies":[{"embeddable":true,"href":"https:\/\/www.atlasens.fr\/index.php\/wp-json\/wp\/v2\/comments?post=5755"}],"version-history":[{"count":4,"href":"https:\/\/www.atlasens.fr\/index.php\/wp-json\/wp\/v2\/pages\/5755\/revisions"}],"predecessor-version":[{"id":5764,"href":"https:\/\/www.atlasens.fr\/index.php\/wp-json\/wp\/v2\/pages\/5755\/revisions\/5764"}],"up":[{"embeddable":true,"href":"https:\/\/www.atlasens.fr\/index.php\/wp-json\/wp\/v2\/pages\/5707"}],"wp:attachment":[{"href":"https:\/\/www.atlasens.fr\/index.php\/wp-json\/wp\/v2\/media?parent=5755"}],"curies":[{"name":"wp","href":"https:\/\/api.w.org\/{rel}","templated":true}]}}