{"id":5765,"date":"2026-03-09T15:00:52","date_gmt":"2026-03-09T14:00:52","guid":{"rendered":"https:\/\/www.atlasens.fr\/?page_id=5765"},"modified":"2026-03-10T08:57:57","modified_gmt":"2026-03-10T07:57:57","slug":"codev-2","status":"publish","type":"page","link":"https:\/\/www.atlasens.fr\/index.php\/codev-2\/","title":{"rendered":"Co-D\u00e9veloppement"},"content":{"rendered":"<p>[et_pb_section fb_built=&#8221;1&#8243; _builder_version=&#8221;4.27.4&#8243; _module_preset=&#8221;default&#8221; custom_margin=&#8221;0px||||false|false&#8221; custom_padding=&#8221;0px|||||&#8221; locked=&#8221;off&#8221; global_colors_info=&#8221;{}&#8221;][et_pb_row _builder_version=&#8221;4.27.4&#8243; _module_preset=&#8221;default&#8221; global_colors_info=&#8221;{}&#8221;][et_pb_column type=&#8221;4_4&#8243; _builder_version=&#8221;4.27.4&#8243; _module_preset=&#8221;default&#8221; global_colors_info=&#8221;{}&#8221;][et_pb_divider color=&#8221;#3686c9&#8243; divider_weight=&#8221;2px&#8221; _builder_version=&#8221;4.16&#8243; max_width=&#8221;60px&#8221; module_alignment=&#8221;center&#8221; height=&#8221;2px&#8221; global_colors_info=&#8221;{}&#8221;][\/et_pb_divider][et_pb_text module_id=&#8221;offres&#8221; _builder_version=&#8221;4.27.4&#8243; text_font=&#8221;||||||||&#8221; header_font=&#8221;||||||||&#8221; header_2_font=&#8221;Playfair Display|700|||||||&#8221; header_2_font_size=&#8221;38px&#8221; header_2_letter_spacing=&#8221;1px&#8221; header_2_line_height=&#8221;1.4em&#8221; header_3_font=&#8221;Poppins|700||on|||||&#8221; header_3_text_color=&#8221;#edbb5f&#8221; header_3_font_size=&#8221;14px&#8221; header_3_letter_spacing=&#8221;1px&#8221; header_3_line_height=&#8221;2em&#8221; background_layout=&#8221;dark&#8221; custom_margin=&#8221;|1px|9px|1px|false|false&#8221; custom_padding=&#8221;|5px|1px|5px||true&#8221; animation_style=&#8221;fade&#8221; locked=&#8221;off&#8221; inline_fonts=&#8221;Belleza&#8221; global_colors_info=&#8221;{}&#8221;]<\/p>\n<h3 style=\"text-align: center;\"><span style=\"color: #3686c9; font-family: Belleza; font-weight: normal; font-size: x-large;\"><strong>Co-D\u00e9veloppement<\/strong><\/span><\/h3>\n<p>[\/et_pb_text][\/et_pb_column][\/et_pb_row][et_pb_row column_structure=&#8221;2_5,3_5&#8243; _builder_version=&#8221;4.27.4&#8243; _module_preset=&#8221;default&#8221; locked=&#8221;off&#8221; global_colors_info=&#8221;{}&#8221;][et_pb_column type=&#8221;2_5&#8243; _builder_version=&#8221;4.27.4&#8243; _module_preset=&#8221;default&#8221; global_colors_info=&#8221;{}&#8221;][et_pb_image src=&#8221;https:\/\/www.atlasens.fr\/wp-content\/uploads\/2026\/03\/codev.png&#8221; title_text=&#8221;codev&#8221; align=&#8221;center&#8221; _builder_version=&#8221;4.27.4&#8243; _module_preset=&#8221;default&#8221; background_color=&#8221;RGBA(255,255,255,0)&#8221; custom_margin=&#8221;||||false|false&#8221; global_colors_info=&#8221;{}&#8221;][\/et_pb_image][\/et_pb_column][et_pb_column type=&#8221;3_5&#8243; _builder_version=&#8221;4.27.4&#8243; _module_preset=&#8221;default&#8221; global_colors_info=&#8221;{}&#8221;][et_pb_text _builder_version=&#8221;4.27.4&#8243; _module_preset=&#8221;default&#8221; header_2_line_height=&#8221;1.3em&#8221; global_colors_info=&#8221;{}&#8221;]<\/p>\n<h2><strong>D\u00e9velopper les postures individuelles et les dynamiques collectives (CODIR, \u00e9quipes, dirigeants) <\/strong>pour conjuguer confiance, audace, agilit\u00e9 et performance.<\/h2>\n<h2><em>Sortir de l&#8217;isolement<\/em><\/h2>\n<h2><em>Trouver des solutions durables<\/em><\/h2>\n<p>[\/et_pb_text][\/et_pb_column][\/et_pb_row][et_pb_row _builder_version=&#8221;4.27.4&#8243; _module_preset=&#8221;default&#8221; global_colors_info=&#8221;{}&#8221;][et_pb_column type=&#8221;4_4&#8243; _builder_version=&#8221;4.27.4&#8243; _module_preset=&#8221;default&#8221; global_colors_info=&#8221;{}&#8221;][et_pb_text _builder_version=&#8221;4.27.4&#8243; _module_preset=&#8221;default&#8221; header_2_line_height=&#8221;1.3em&#8221; global_colors_info=&#8221;{}&#8221;]<\/p>\n<h2>Dans un monde professionnel en constante \u00e9volution, dirigeants et cadres responsables font face \u00e0 des d\u00e9fis complexes qui n\u00e9cessitent de prendre du recul, de confronter leurs visions et de trouver des solutions innovantes. Le co-d\u00e9veloppement r\u00e9pond au besoin de mettre en place des temps d\u00e9di\u00e9s pour faire le pas de c\u00f4t\u00e9, sortir de l&#8217;isolement intrins\u00e8que \u00e0 certaines positions et d\u00e9velopper de nouvelles approches.<\/h2>\n<p>[\/et_pb_text][\/et_pb_column][\/et_pb_row][et_pb_row _builder_version=&#8221;4.27.4&#8243; _module_preset=&#8221;default&#8221; global_colors_info=&#8221;{}&#8221;][et_pb_column type=&#8221;4_4&#8243; _builder_version=&#8221;4.27.4&#8243; _module_preset=&#8221;default&#8221; global_colors_info=&#8221;{}&#8221;][et_pb_divider color=&#8221;#3686c9&#8243; divider_weight=&#8221;2px&#8221; _builder_version=&#8221;4.16&#8243; max_width=&#8221;60px&#8221; module_alignment=&#8221;center&#8221; height=&#8221;2px&#8221; global_colors_info=&#8221;{}&#8221;][\/et_pb_divider][et_pb_text module_id=&#8221;offres&#8221; _builder_version=&#8221;4.27.4&#8243; text_font=&#8221;||||||||&#8221; header_font=&#8221;||||||||&#8221; header_2_font=&#8221;Playfair Display|700|||||||&#8221; header_2_font_size=&#8221;38px&#8221; header_2_letter_spacing=&#8221;1px&#8221; header_2_line_height=&#8221;1.4em&#8221; header_3_font=&#8221;Poppins|700||on|||||&#8221; header_3_text_color=&#8221;#edbb5f&#8221; header_3_font_size=&#8221;14px&#8221; header_3_letter_spacing=&#8221;1px&#8221; header_3_line_height=&#8221;2em&#8221; background_layout=&#8221;dark&#8221; custom_margin=&#8221;|1px|9px|1px|false|false&#8221; custom_padding=&#8221;|5px|1px|5px||true&#8221; animation_style=&#8221;fade&#8221; locked=&#8221;off&#8221; inline_fonts=&#8221;Belleza&#8221; global_colors_info=&#8221;{}&#8221;]<\/p>\n<h3 style=\"text-align: center;\"><span style=\"color: #3686c9; font-family: Belleza; font-weight: normal; font-size: x-large;\"><strong>Nos offres de Co-D\u00e9veloppement<\/strong><\/span><\/h3>\n<p>[\/et_pb_text][\/et_pb_column][\/et_pb_row][et_pb_row _builder_version=&#8221;4.27.4&#8243; _module_preset=&#8221;default&#8221; global_colors_info=&#8221;{}&#8221;][et_pb_column type=&#8221;4_4&#8243; _builder_version=&#8221;4.27.4&#8243; _module_preset=&#8221;default&#8221; global_colors_info=&#8221;{}&#8221;][et_pb_code _builder_version=&#8221;4.27.6&#8243; _module_preset=&#8221;default&#8221; hover_enabled=&#8221;0&#8243; global_colors_info=&#8221;{}&#8221; sticky_enabled=&#8221;0&#8243;]<\/p>\n<style><!-- [et_pb_line_break_holder] -->@import url('https:\/\/fonts.googleapis.com\/css2?family=Belleza&display=swap');<!-- [et_pb_line_break_holder] --><!-- [et_pb_line_break_holder] -->.atlasens-services {<!-- [et_pb_line_break_holder] -->    display: grid;<!-- [et_pb_line_break_holder] -->    grid-template-columns: repeat(3, 1fr);<!-- [et_pb_line_break_holder] -->    gap: 30px;<!-- [et_pb_line_break_holder] -->    max-width: 1200px;<!-- [et_pb_line_break_holder] -->    margin: 40px auto;<!-- [et_pb_line_break_holder] -->    padding: 0 20px;<!-- [et_pb_line_break_holder] -->}<!-- [et_pb_line_break_holder] --><!-- [et_pb_line_break_holder] -->.service-card {<!-- [et_pb_line_break_holder] -->    background: #ffffff;<!-- [et_pb_line_break_holder] -->    transition: all 0.3s ease;<!-- [et_pb_line_break_holder] -->    display: flex;<!-- [et_pb_line_break_holder] -->    flex-direction: column;<!-- [et_pb_line_break_holder] -->}<!-- [et_pb_line_break_holder] --><!-- [et_pb_line_break_holder] -->.service-card:hover {<!-- [et_pb_line_break_holder] -->    transform: translateY(-10px);<!-- [et_pb_line_break_holder] -->}<!-- [et_pb_line_break_holder] --><!-- [et_pb_line_break_holder] -->.service-card img {<!-- [et_pb_line_break_holder] -->    width: 75%;<!-- [et_pb_line_break_holder] -->    height: auto;<!-- [et_pb_line_break_holder] -->    display: block;<!-- [et_pb_line_break_holder] -->    margin: 0 auto;<!-- [et_pb_line_break_holder] -->}<!-- [et_pb_line_break_holder] --><!-- [et_pb_line_break_holder] -->.service-content {<!-- [et_pb_line_break_holder] -->    padding: 25px 20px;<!-- [et_pb_line_break_holder] -->    flex-grow: 1;<!-- [et_pb_line_break_holder] -->    display: flex;<!-- [et_pb_line_break_holder] -->    flex-direction: column;<!-- [et_pb_line_break_holder] -->    text-align: center;<!-- [et_pb_line_break_holder] -->}<!-- [et_pb_line_break_holder] --><!-- [et_pb_line_break_holder] -->.service-title {<!-- [et_pb_line_break_holder] -->    font-family: 'Belleza', sans-serif;<!-- [et_pb_line_break_holder] -->    font-size: 25px;<!-- [et_pb_line_break_holder] -->    font-weight: bold;<!-- [et_pb_line_break_holder] -->    color: #333;<!-- [et_pb_line_break_holder] -->    margin: 0 0 15px 0;<!-- [et_pb_line_break_holder] -->    text-transform: uppercase;<!-- [et_pb_line_break_holder] -->    letter-spacing: 0.5px;<!-- [et_pb_line_break_holder] -->}<!-- [et_pb_line_break_holder] --><!-- [et_pb_line_break_holder] -->.service-description {<!-- [et_pb_line_break_holder] -->    font-family: 'Belleza', sans-serif;<!-- [et_pb_line_break_holder] -->    font-size: 20px;<!-- [et_pb_line_break_holder] -->    color: #666;<!-- [et_pb_line_break_holder] -->    line-height: 1.4;<!-- [et_pb_line_break_holder] -->    margin: 0 0 20px 0;<!-- [et_pb_line_break_holder] -->    flex-grow: 1;<!-- [et_pb_line_break_holder] -->}<!-- [et_pb_line_break_holder] --><!-- [et_pb_line_break_holder] -->.service-button {<!-- [et_pb_line_break_holder] -->    display: inline-block;<!-- [et_pb_line_break_holder] -->    padding: 10px 25px;<!-- [et_pb_line_break_holder] -->    background-color: #0066cc;<!-- [et_pb_line_break_holder] -->    color: #ffffff;<!-- [et_pb_line_break_holder] -->    text-decoration: none;<!-- [et_pb_line_break_holder] -->    border-radius: 4px;<!-- [et_pb_line_break_holder] -->    font-size: 14px;<!-- [et_pb_line_break_holder] -->    font-weight: 600;<!-- [et_pb_line_break_holder] -->    transition: background-color 0.3s ease;<!-- [et_pb_line_break_holder] -->    text-align: center;<!-- [et_pb_line_break_holder] -->    font-family: 'Belleza', sans-serif;<!-- [et_pb_line_break_holder] -->}<!-- [et_pb_line_break_holder] --><!-- [et_pb_line_break_holder] -->.service-button:hover {<!-- [et_pb_line_break_holder] -->    background-color: #0052a3;<!-- [et_pb_line_break_holder] -->    text-decoration: none;<!-- [et_pb_line_break_holder] -->}<!-- [et_pb_line_break_holder] --><!-- [et_pb_line_break_holder] -->\/* Responsive *\/<!-- [et_pb_line_break_holder] -->@media (max-width: 1024px) {<!-- [et_pb_line_break_holder] -->    .atlasens-services {<!-- [et_pb_line_break_holder] -->        grid-template-columns: repeat(2, 1fr);<!-- [et_pb_line_break_holder] -->        gap: 25px;<!-- [et_pb_line_break_holder] -->    }<!-- [et_pb_line_break_holder] -->}<!-- [et_pb_line_break_holder] --><!-- [et_pb_line_break_holder] -->@media (max-width: 640px) {<!-- [et_pb_line_break_holder] -->    .atlasens-services {<!-- [et_pb_line_break_holder] -->        grid-template-columns: 1fr;<!-- [et_pb_line_break_holder] -->        gap: 20px;<!-- [et_pb_line_break_holder] -->    }<!-- [et_pb_line_break_holder] -->}<!-- [et_pb_line_break_holder] --><\/style>\n<p><!-- [et_pb_line_break_holder] --><!-- [et_pb_line_break_holder] --><\/p>\n<div class=\"atlasens-services\"><!-- [et_pb_line_break_holder] -->    <\/p>\n<div class=\"service-card\"><!-- [et_pb_line_break_holder] -->        <img decoding=\"async\" src=\"https:\/\/www.atlasens.fr\/wp-content\/uploads\/2025\/12\/carre_11.png\" alt=\"ACODA\"><!-- [et_pb_line_break_holder] -->        <\/p>\n<div class=\"service-content\"><!-- [et_pb_line_break_holder] -->            <\/p>\n<h3 class=\"service-title\">ACODA<\/h3>\n<p><!-- [et_pb_line_break_holder] -->            <pee class=\"service-description\">Sortir de l&#8217;isolement et progresser entre pairs via des s\u00e9ances de Co-Dev en visio<\/pee><!-- [et_pb_line_break_holder] -->            <a href=\"https:\/\/www.atlasens.fr\/index.php\/codev-2\/acoda\/\" class=\"service-button\">En savoir +<\/a><!-- [et_pb_line_break_holder] -->        <\/div>\n<p><!-- [et_pb_line_break_holder] -->    <\/div>\n<p><!-- [et_pb_line_break_holder] --><!-- [et_pb_line_break_holder] -->    <\/p>\n<div class=\"service-card\"><!-- [et_pb_line_break_holder] -->        <img decoding=\"async\" src=\"https:\/\/www.atlasens.fr\/wp-content\/uploads\/2025\/12\/carre_16.png\" alt=\"ACODA Live !\"><!-- [et_pb_line_break_holder] -->        <\/p>\n<div class=\"service-content\"><!-- [et_pb_line_break_holder] -->            <\/p>\n<h3 class=\"service-title\">ACODA Live !<\/h3>\n<p><!-- [et_pb_line_break_holder] -->            <pee class=\"service-description\">Approfondir, cr\u00e9er du lien et avancer ensemble via des s\u00e9ances de Co-Dev en pr\u00e9sentiel<\/pee><!-- [et_pb_line_break_holder] -->            <a href=\"https:\/\/www.atlasens.fr\/index.php\/codev-2\/acoda-live\/\" class=\"service-button\">En savoir +<\/a><!-- [et_pb_line_break_holder] -->        <\/div>\n<p><!-- [et_pb_line_break_holder] -->    <\/div>\n<p><!-- [et_pb_line_break_holder] -->  <!-- [et_pb_line_break_holder] -->    <\/p>\n<div class=\"service-card\"><!-- [et_pb_line_break_holder] -->        <img decoding=\"async\" src=\"https:\/\/www.atlasens.fr\/wp-content\/uploads\/2025\/12\/carre_17.png\" alt=\"Analyse de Pratiques Manag\u00e9riales\"><!-- [et_pb_line_break_holder] -->        <\/p>\n<div class=\"service-content\"><!-- [et_pb_line_break_holder] -->            <\/p>\n<h3 class=\"service-title\">Analyse de Pratiques Manag\u00e9riales<\/h3>\n<p><!-- [et_pb_line_break_holder] -->            <pee class=\"service-description\">R\u00e9v\u00e9ler ses ressources et d\u00e9velopper sa posture de dirigeant<\/pee><!-- [et_pb_line_break_holder] -->            <a href=\"https:\/\/www.atlasens.fr\/index.php\/codev-2\/apm\/\" class=\"service-button\">En savoir +<\/a><!-- [et_pb_line_break_holder] -->        <\/div>\n<p><!-- [et_pb_line_break_holder] -->    <\/div>\n<p>[\/et_pb_code][\/et_pb_column][\/et_pb_row][\/et_pb_section]<\/p>\n","protected":false},"excerpt":{"rendered":"<p>Co-D\u00e9veloppementD\u00e9velopper les postures individuelles et les dynamiques collectives (CODIR, \u00e9quipes, dirigeants) pour conjuguer confiance, audace, agilit\u00e9 et performance. Sortir de l&#8217;isolement Trouver des solutions durablesDans un monde professionnel en constante \u00e9volution, dirigeants et cadres responsables font face \u00e0 des d\u00e9fis complexes qui n\u00e9cessitent de prendre du recul, de confronter leurs visions et de trouver des [&hellip;]<\/p>\n","protected":false},"author":3,"featured_media":0,"parent":0,"menu_order":0,"comment_status":"closed","ping_status":"closed","template":"","meta":{"_et_pb_use_builder":"on","_et_pb_old_content":"","_et_gb_content_width":"","footnotes":""},"class_list":["post-5765","page","type-page","status-publish","hentry"],"_links":{"self":[{"href":"https:\/\/www.atlasens.fr\/index.php\/wp-json\/wp\/v2\/pages\/5765","targetHints":{"allow":["GET"]}}],"collection":[{"href":"https:\/\/www.atlasens.fr\/index.php\/wp-json\/wp\/v2\/pages"}],"about":[{"href":"https:\/\/www.atlasens.fr\/index.php\/wp-json\/wp\/v2\/types\/page"}],"author":[{"embeddable":true,"href":"https:\/\/www.atlasens.fr\/index.php\/wp-json\/wp\/v2\/users\/3"}],"replies":[{"embeddable":true,"href":"https:\/\/www.atlasens.fr\/index.php\/wp-json\/wp\/v2\/comments?post=5765"}],"version-history":[{"count":4,"href":"https:\/\/www.atlasens.fr\/index.php\/wp-json\/wp\/v2\/pages\/5765\/revisions"}],"predecessor-version":[{"id":5975,"href":"https:\/\/www.atlasens.fr\/index.php\/wp-json\/wp\/v2\/pages\/5765\/revisions\/5975"}],"wp:attachment":[{"href":"https:\/\/www.atlasens.fr\/index.php\/wp-json\/wp\/v2\/media?parent=5765"}],"curies":[{"name":"wp","href":"https:\/\/api.w.org\/{rel}","templated":true}]}}