{"id":5785,"date":"2026-03-09T15:36:35","date_gmt":"2026-03-09T14:36:35","guid":{"rendered":"https:\/\/www.atlasens.fr\/?page_id=5785"},"modified":"2026-03-10T10:12:54","modified_gmt":"2026-03-10T09:12:54","slug":"formations","status":"publish","type":"page","link":"https:\/\/www.atlasens.fr\/index.php\/formations\/","title":{"rendered":"Formations"},"content":{"rendered":"<p>[et_pb_section fb_built=&#8221;1&#8243; _builder_version=&#8221;4.27.4&#8243; _module_preset=&#8221;default&#8221; custom_margin=&#8221;0px||||false|false&#8221; custom_padding=&#8221;0px|||||&#8221; locked=&#8221;off&#8221; global_colors_info=&#8221;{}&#8221;][et_pb_row _builder_version=&#8221;4.27.4&#8243; _module_preset=&#8221;default&#8221; global_colors_info=&#8221;{}&#8221;][et_pb_column type=&#8221;4_4&#8243; _builder_version=&#8221;4.27.4&#8243; _module_preset=&#8221;default&#8221; global_colors_info=&#8221;{}&#8221;][et_pb_divider color=&#8221;#3686c9&#8243; divider_weight=&#8221;2px&#8221; _builder_version=&#8221;4.16&#8243; max_width=&#8221;60px&#8221; module_alignment=&#8221;center&#8221; height=&#8221;2px&#8221; global_colors_info=&#8221;{}&#8221;][\/et_pb_divider][et_pb_text module_id=&#8221;offres&#8221; _builder_version=&#8221;4.27.4&#8243; text_font=&#8221;||||||||&#8221; header_font=&#8221;||||||||&#8221; header_2_font=&#8221;Playfair Display|700|||||||&#8221; header_2_font_size=&#8221;38px&#8221; header_2_letter_spacing=&#8221;1px&#8221; header_2_line_height=&#8221;1.4em&#8221; header_3_font=&#8221;Poppins|700||on|||||&#8221; header_3_text_color=&#8221;#edbb5f&#8221; header_3_font_size=&#8221;14px&#8221; header_3_letter_spacing=&#8221;1px&#8221; header_3_line_height=&#8221;2em&#8221; background_layout=&#8221;dark&#8221; custom_margin=&#8221;|1px|9px|1px|false|false&#8221; custom_padding=&#8221;|5px|1px|5px||true&#8221; animation_style=&#8221;fade&#8221; locked=&#8221;off&#8221; inline_fonts=&#8221;Belleza&#8221; global_colors_info=&#8221;{}&#8221;]<\/p>\n<h3 style=\"text-align: center;\"><span style=\"color: #3686c9; font-family: Belleza; font-weight: normal; font-size: x-large;\"><strong>Formations<\/strong><\/span><\/h3>\n<p>[\/et_pb_text][\/et_pb_column][\/et_pb_row][et_pb_row column_structure=&#8221;2_5,3_5&#8243; _builder_version=&#8221;4.27.4&#8243; _module_preset=&#8221;default&#8221; locked=&#8221;off&#8221; global_colors_info=&#8221;{}&#8221;][et_pb_column type=&#8221;2_5&#8243; _builder_version=&#8221;4.27.4&#8243; _module_preset=&#8221;default&#8221; global_colors_info=&#8221;{}&#8221;][et_pb_image src=&#8221;https:\/\/www.atlasens.fr\/wp-content\/uploads\/2026\/03\/formation.png&#8221; title_text=&#8221;formation&#8221; align=&#8221;center&#8221; _builder_version=&#8221;4.27.4&#8243; _module_preset=&#8221;default&#8221; background_color=&#8221;RGBA(255,255,255,0)&#8221; custom_margin=&#8221;||||false|false&#8221; global_colors_info=&#8221;{}&#8221;][\/et_pb_image][\/et_pb_column][et_pb_column type=&#8221;3_5&#8243; _builder_version=&#8221;4.27.4&#8243; _module_preset=&#8221;default&#8221; global_colors_info=&#8221;{}&#8221;][et_pb_text _builder_version=&#8221;4.27.4&#8243; _module_preset=&#8221;default&#8221; header_2_line_height=&#8221;1.3em&#8221; global_colors_info=&#8221;{}&#8221;]<\/p>\n<h2><strong>Outiller pour aider la mont\u00e9e en comp\u00e9tences et faire grandir pour des changements qui tiennent dans la dur\u00e9e.<\/strong><\/h2>\n<h2><em>D\u00e9velopper les comp\u00e9tences <\/em><\/h2>\n<h2><em>Ancrer les transformations<\/em><\/h2>\n<p>[\/et_pb_text][\/et_pb_column][\/et_pb_row][et_pb_row _builder_version=&#8221;4.27.4&#8243; _module_preset=&#8221;default&#8221; global_colors_info=&#8221;{}&#8221;][et_pb_column type=&#8221;4_4&#8243; _builder_version=&#8221;4.27.4&#8243; _module_preset=&#8221;default&#8221; global_colors_info=&#8221;{}&#8221;][et_pb_text _builder_version=&#8221;4.27.4&#8243; _module_preset=&#8221;default&#8221; header_2_line_height=&#8221;1.3em&#8221; global_colors_info=&#8221;{}&#8221;]<\/p>\n<h2>Dans un environnement professionnel en constante \u00e9volution, la formation devient un levier strat\u00e9gique pour d\u00e9velopper le leadership, ancrer les postures manag\u00e9riales et dynamiser les pratiques collectives. Nos formations allient p\u00e9dagogie active et adaptation au contexte sp\u00e9cifique de votre structure, que ce soit en intra-entreprise ou en inter-entreprises.<\/h2>\n<p>[\/et_pb_text][\/et_pb_column][\/et_pb_row][et_pb_row _builder_version=&#8221;4.27.4&#8243; _module_preset=&#8221;default&#8221; global_colors_info=&#8221;{}&#8221;][et_pb_column type=&#8221;4_4&#8243; _builder_version=&#8221;4.27.4&#8243; _module_preset=&#8221;default&#8221; global_colors_info=&#8221;{}&#8221;][\/et_pb_column][\/et_pb_row][et_pb_row disabled_on=&#8221;off|off|on&#8221; _builder_version=&#8221;4.27.4&#8243; _module_preset=&#8221;default&#8221; locked=&#8221;off&#8221; global_colors_info=&#8221;{}&#8221;][et_pb_column type=&#8221;4_4&#8243; _builder_version=&#8221;4.27.4&#8243; _module_preset=&#8221;default&#8221; global_colors_info=&#8221;{}&#8221;][et_pb_divider color=&#8221;#3686c9&#8243; divider_weight=&#8221;2px&#8221; _builder_version=&#8221;4.16&#8243; max_width=&#8221;60px&#8221; module_alignment=&#8221;center&#8221; height=&#8221;2px&#8221; global_colors_info=&#8221;{}&#8221;][\/et_pb_divider][\/et_pb_column][\/et_pb_row][et_pb_row disabled_on=&#8221;off|on|on&#8221; _builder_version=&#8221;4.27.4&#8243; _module_preset=&#8221;default&#8221; locked=&#8221;off&#8221; global_colors_info=&#8221;{}&#8221;][et_pb_column type=&#8221;4_4&#8243; _builder_version=&#8221;4.27.4&#8243; _module_preset=&#8221;default&#8221; global_colors_info=&#8221;{}&#8221;][et_pb_text module_id=&#8221;offres&#8221; _builder_version=&#8221;4.27.4&#8243; text_font=&#8221;||||||||&#8221; header_font=&#8221;||||||||&#8221; header_2_font=&#8221;Playfair Display|700|||||||&#8221; header_2_font_size=&#8221;38px&#8221; header_2_letter_spacing=&#8221;1px&#8221; header_2_line_height=&#8221;1.4em&#8221; header_3_font=&#8221;Poppins|700||on|||||&#8221; header_3_text_color=&#8221;#edbb5f&#8221; header_3_font_size=&#8221;14px&#8221; header_3_letter_spacing=&#8221;1px&#8221; header_3_line_height=&#8221;2em&#8221; background_layout=&#8221;dark&#8221; custom_margin=&#8221;|1px|9px|1px|false|false&#8221; custom_padding=&#8221;|5px|1px|5px||true&#8221; animation_style=&#8221;fade&#8221; locked=&#8221;off&#8221; inline_fonts=&#8221;Belleza&#8221; global_colors_info=&#8221;{}&#8221;]<\/p>\n<h3 style=\"text-align: center;\"><span style=\"color: #3686c9; font-family: Belleza; font-weight: normal; font-size: x-large;\"><strong>Notre Valeur Ajout\u00e9e<\/strong><\/span><\/h3>\n<p>[\/et_pb_text][et_pb_text _builder_version=&#8221;4.27.4&#8243; _module_preset=&#8221;default&#8221; global_colors_info=&#8221;{}&#8221;]<\/p>\n<ul>\n<li>\n<h2><strong>Une p\u00e9dagogie sur-mesure<\/strong> m\u00ealant apports th\u00e9oriques et temps d&#8217;exploration de situations r\u00e9elles, d&#8217;\u00e9coute et de partage collectif<\/h2>\n<\/li>\n<li>\n<h2><strong>Une approche adapt\u00e9e aux dirigeants, cadres et managers<\/strong> qui souhaitent d\u00e9velopper leur leadership et ancrer leur posture manag\u00e9riale<\/h2>\n<\/li>\n<li>\n<h2><strong>Des formations concr\u00e8tes<\/strong> centr\u00e9es sur le d\u00e9veloppement de comp\u00e9tences directement applicables dans le contexte professionnel<\/h2>\n<\/li>\n<li>\n<h2><strong>Un accompagnement global<\/strong> couvrant les dimensions leadership, management et organisation pour des changements durables<\/h2>\n<\/li>\n<\/ul>\n<h2>Nos formations s&#8217;appuient sur notre expertise des organisations complexes et notre connaissance des enjeux sp\u00e9cifiques aux structures \u00e0 gouvernance double (coop\u00e9ratives, syndicats, collectivit\u00e9s, associations).<\/h2>\n<p>[\/et_pb_text][\/et_pb_column][\/et_pb_row][et_pb_row _builder_version=&#8221;4.27.4&#8243; _module_preset=&#8221;default&#8221; global_colors_info=&#8221;{}&#8221;][et_pb_column type=&#8221;4_4&#8243; _builder_version=&#8221;4.27.4&#8243; _module_preset=&#8221;default&#8221; global_colors_info=&#8221;{}&#8221;][\/et_pb_column][\/et_pb_row][et_pb_row column_structure=&#8221;2_5,3_5&#8243; use_custom_gutter=&#8221;on&#8221; gutter_width=&#8221;0&#8243; disabled_on=&#8221;on|on|off&#8221; _builder_version=&#8221;4.27.4&#8243; min_height=&#8221;459px&#8221; custom_margin=&#8221;|auto|-57px|auto||&#8221; custom_padding=&#8221;0px|0px|42px|37px||&#8221; locked=&#8221;off&#8221; global_colors_info=&#8221;{}&#8221;][et_pb_column type=&#8221;2_5&#8243; _builder_version=&#8221;4.27.4&#8243; z_index=&#8221;8&#8243; custom_padding=&#8221;|||&#8221; global_colors_info=&#8221;{}&#8221; custom_padding__hover=&#8221;|||&#8221;][et_pb_cta title=&#8221;Notre Valeur Ajout\u00e9e&#8221; button_url=&#8221;#&#8221; _builder_version=&#8221;4.27.4&#8243; header_font=&#8221;Poppins|700||on|||||&#8221; header_font_size=&#8221;14px&#8221; header_letter_spacing=&#8221;2px&#8221; header_line_height=&#8221;2em&#8221; body_font=&#8221;Playfair Display|700||on|||||&#8221; body_font_size=&#8221;34px&#8221; body_line_height=&#8221;1.4em&#8221; background_color=&#8221;#3e8ac9&#8243; custom_button=&#8221;on&#8221; button_text_color=&#8221;#f3cd7e&#8221; button_bg_color=&#8221;#ffffff&#8221; button_border_width=&#8221;0px&#8221; button_border_radius=&#8221;0px&#8221; button_letter_spacing=&#8221;1px&#8221; button_font=&#8221;Saira Extra Condensed|600||on|||||&#8221; button_icon=&#8221;&#x24;||divi||400&#8243; z_index=&#8221;0&#8243; custom_margin=&#8221;-100px||-36px||false|false&#8221; custom_padding=&#8221;53px|16px|16px|12px|false|false&#8221; animation_style=&#8221;slide&#8221; animation_direction=&#8221;bottom&#8221; animation_intensity_slide=&#8221;10%&#8221; animation_starting_opacity=&#8221;100%&#8221; button_border_radius_hover=&#8221;1px&#8221; locked=&#8221;off&#8221; inline_fonts=&#8221;Belleza&#8221; global_colors_info=&#8221;{}&#8221; button_text_size__hover_enabled=&#8221;off&#8221; button_one_text_size__hover_enabled=&#8221;off&#8221; button_two_text_size__hover_enabled=&#8221;off&#8221; button_text_color__hover_enabled=&#8221;off&#8221; button_one_text_color__hover_enabled=&#8221;off&#8221; button_two_text_color__hover_enabled=&#8221;off&#8221; button_border_width__hover_enabled=&#8221;off&#8221; button_one_border_width__hover_enabled=&#8221;off&#8221; button_two_border_width__hover_enabled=&#8221;off&#8221; button_border_color__hover_enabled=&#8221;off&#8221; button_one_border_color__hover_enabled=&#8221;off&#8221; button_two_border_color__hover_enabled=&#8221;off&#8221; button_border_radius__hover_enabled=&#8221;on&#8221; button_border_radius__hover=&#8221;1px&#8221; button_one_border_radius__hover_enabled=&#8221;off&#8221; button_two_border_radius__hover_enabled=&#8221;off&#8221; button_letter_spacing__hover_enabled=&#8221;off&#8221; button_one_letter_spacing__hover_enabled=&#8221;off&#8221; button_two_letter_spacing__hover_enabled=&#8221;off&#8221; button_bg_color__hover_enabled=&#8221;off&#8221; button_one_bg_color__hover_enabled=&#8221;off&#8221; button_two_bg_color__hover_enabled=&#8221;off&#8221;][\/et_pb_cta][\/et_pb_column][et_pb_column type=&#8221;3_5&#8243; _builder_version=&#8221;4.16&#8243; custom_padding=&#8221;|||&#8221; global_colors_info=&#8221;{}&#8221; custom_padding__hover=&#8221;|||&#8221;][et_pb_text _builder_version=&#8221;4.27.4&#8243; text_font=&#8221;&#8211;et_global_heading_font|500|||||||&#8221; text_font_size=&#8221;16px&#8221; text_letter_spacing=&#8221;2px&#8221; text_line_height=&#8221;2em&#8221; ul_font=&#8221;||||||||&#8221; background_color=&#8221;#e0e0e0&#8243; z_index=&#8221;0&#8243; background_layout=&#8221;dark&#8221; custom_margin=&#8221;0px||0px|-198px|true|false&#8221; custom_padding=&#8221;30px|20px|30px|30px|true|false&#8221; animation_style=&#8221;slide&#8221; animation_direction=&#8221;top&#8221; animation_duration=&#8221;1500ms&#8221; animation_intensity_slide=&#8221;10%&#8221; animation_starting_opacity=&#8221;100%&#8221; z_index_last_edited=&#8221;off|desktop&#8221; box_shadow_style=&#8221;preset1&#8243; box_shadow_color=&#8221;rgba(0,0,0,0.15)&#8221; global_colors_info=&#8221;{}&#8221;]<\/p>\n<ul>\n<li><span style=\"color: #000000;\"><strong>Une p\u00e9dagogie sur-mesure<\/strong> m\u00ealant apports th\u00e9oriques et temps d&#8217;exploration de situations r\u00e9elles, d&#8217;\u00e9coute et de partage collectif<\/span><\/li>\n<li><span style=\"color: #000000;\"><strong>Une approche adapt\u00e9e aux dirigeants, cadres et managers<\/strong> qui souhaitent d\u00e9velopper leur leadership et ancrer leur posture manag\u00e9riale<\/span><\/li>\n<li><span style=\"color: #000000;\"><strong>Des formations concr\u00e8tes<\/strong> centr\u00e9es sur le d\u00e9veloppement de comp\u00e9tences directement applicables dans le contexte professionnel<\/span><\/li>\n<li><span style=\"color: #000000;\"><strong>Un accompagnement global<\/strong> couvrant les dimensions leadership, management et organisation pour des changements durables<\/span><\/li>\n<\/ul>\n<p><span style=\"color: #000000;\">Nos formations s&#8217;appuient sur notre expertise des organisations complexes et notre connaissance des enjeux sp\u00e9cifiques aux <strong>structures \u00e0 gouvernance double<\/strong> (coop\u00e9ratives, syndicats, collectivit\u00e9s, associations).<\/span><\/p>\n<p>[\/et_pb_text][\/et_pb_column][\/et_pb_row][et_pb_row _builder_version=&#8221;4.27.4&#8243; _module_preset=&#8221;default&#8221; global_colors_info=&#8221;{}&#8221;][et_pb_column type=&#8221;4_4&#8243; _builder_version=&#8221;4.27.4&#8243; _module_preset=&#8221;default&#8221; global_colors_info=&#8221;{}&#8221;][et_pb_divider color=&#8221;#3686c9&#8243; divider_weight=&#8221;2px&#8221; _builder_version=&#8221;4.16&#8243; max_width=&#8221;60px&#8221; module_alignment=&#8221;center&#8221; height=&#8221;2px&#8221; global_colors_info=&#8221;{}&#8221;][\/et_pb_divider][et_pb_text module_id=&#8221;offres&#8221; _builder_version=&#8221;4.27.4&#8243; text_font=&#8221;||||||||&#8221; header_font=&#8221;||||||||&#8221; header_2_font=&#8221;Playfair Display|700|||||||&#8221; header_2_font_size=&#8221;38px&#8221; header_2_letter_spacing=&#8221;1px&#8221; header_2_line_height=&#8221;1.4em&#8221; header_3_font=&#8221;Poppins|700||on|||||&#8221; header_3_text_color=&#8221;#edbb5f&#8221; header_3_font_size=&#8221;14px&#8221; header_3_letter_spacing=&#8221;1px&#8221; header_3_line_height=&#8221;2em&#8221; background_layout=&#8221;dark&#8221; custom_margin=&#8221;|1px|9px|1px|false|false&#8221; custom_padding=&#8221;|5px|1px|5px||true&#8221; animation_style=&#8221;fade&#8221; locked=&#8221;off&#8221; inline_fonts=&#8221;Belleza&#8221; global_colors_info=&#8221;{}&#8221;]<\/p>\n<h3 style=\"text-align: center;\"><span style=\"color: #3686c9; font-family: Belleza; font-weight: normal; font-size: x-large;\"><strong>Nos offres en Formations<\/strong><\/span><\/h3>\n<p>[\/et_pb_text][\/et_pb_column][\/et_pb_row][et_pb_row _builder_version=&#8221;4.27.4&#8243; _module_preset=&#8221;default&#8221; global_colors_info=&#8221;{}&#8221;][et_pb_column type=&#8221;4_4&#8243; _builder_version=&#8221;4.27.4&#8243; _module_preset=&#8221;default&#8221; global_colors_info=&#8221;{}&#8221;][et_pb_code _builder_version=&#8221;4.27.6&#8243; _module_preset=&#8221;default&#8221; hover_enabled=&#8221;0&#8243; global_colors_info=&#8221;{}&#8221; sticky_enabled=&#8221;0&#8243;]<\/p>\n<style><!-- [et_pb_line_break_holder] -->@import url('https:\/\/fonts.googleapis.com\/css2?family=Belleza&display=swap');<!-- [et_pb_line_break_holder] --><!-- [et_pb_line_break_holder] -->.atlasens-services {<!-- [et_pb_line_break_holder] -->    display: grid;<!-- [et_pb_line_break_holder] -->    grid-template-columns: repeat(3, 1fr);<!-- [et_pb_line_break_holder] -->    gap: 30px;<!-- [et_pb_line_break_holder] -->    max-width: 1200px;<!-- [et_pb_line_break_holder] -->    margin: 40px auto;<!-- [et_pb_line_break_holder] -->    padding: 0 20px;<!-- [et_pb_line_break_holder] -->}<!-- [et_pb_line_break_holder] --><!-- [et_pb_line_break_holder] -->.service-card {<!-- [et_pb_line_break_holder] -->    background: #ffffff;<!-- [et_pb_line_break_holder] -->    transition: all 0.3s ease;<!-- [et_pb_line_break_holder] -->    display: flex;<!-- [et_pb_line_break_holder] -->    flex-direction: column;<!-- [et_pb_line_break_holder] -->}<!-- [et_pb_line_break_holder] --><!-- [et_pb_line_break_holder] -->.service-card:hover {<!-- [et_pb_line_break_holder] -->    transform: translateY(-10px);<!-- [et_pb_line_break_holder] -->}<!-- [et_pb_line_break_holder] --><!-- [et_pb_line_break_holder] -->.service-card img {<!-- [et_pb_line_break_holder] -->    width: 75%;<!-- [et_pb_line_break_holder] -->    height: auto;<!-- [et_pb_line_break_holder] -->    display: block;<!-- [et_pb_line_break_holder] -->    margin: 0 auto;<!-- [et_pb_line_break_holder] -->}<!-- [et_pb_line_break_holder] --><!-- [et_pb_line_break_holder] -->.service-content {<!-- [et_pb_line_break_holder] -->    padding: 25px 20px;<!-- [et_pb_line_break_holder] -->    flex-grow: 1;<!-- [et_pb_line_break_holder] -->    display: flex;<!-- [et_pb_line_break_holder] -->    flex-direction: column;<!-- [et_pb_line_break_holder] -->    text-align: center;<!-- [et_pb_line_break_holder] -->}<!-- [et_pb_line_break_holder] --><!-- [et_pb_line_break_holder] -->.service-title {<!-- [et_pb_line_break_holder] -->    font-family: 'Belleza', sans-serif;<!-- [et_pb_line_break_holder] -->    font-size: 25px;<!-- [et_pb_line_break_holder] -->    font-weight: bold;<!-- [et_pb_line_break_holder] -->    color: #333;<!-- [et_pb_line_break_holder] -->    margin: 0 0 15px 0;<!-- [et_pb_line_break_holder] -->    text-transform: uppercase;<!-- [et_pb_line_break_holder] -->    letter-spacing: 0.5px;<!-- [et_pb_line_break_holder] -->}<!-- [et_pb_line_break_holder] --><!-- [et_pb_line_break_holder] -->.service-description {<!-- [et_pb_line_break_holder] -->    font-family: 'Belleza', sans-serif;<!-- [et_pb_line_break_holder] -->    font-size: 20px;<!-- [et_pb_line_break_holder] -->    color: #666;<!-- [et_pb_line_break_holder] -->    line-height: 1.4;<!-- [et_pb_line_break_holder] -->    margin: 0 0 20px 0;<!-- [et_pb_line_break_holder] -->    flex-grow: 1;<!-- [et_pb_line_break_holder] -->}<!-- [et_pb_line_break_holder] --><!-- [et_pb_line_break_holder] -->.service-button {<!-- [et_pb_line_break_holder] -->    display: inline-block;<!-- [et_pb_line_break_holder] -->    padding: 10px 25px;<!-- [et_pb_line_break_holder] -->    background-color: #0066cc;<!-- [et_pb_line_break_holder] -->    color: #ffffff;<!-- [et_pb_line_break_holder] -->    text-decoration: none;<!-- [et_pb_line_break_holder] -->    border-radius: 4px;<!-- [et_pb_line_break_holder] -->    font-size: 14px;<!-- [et_pb_line_break_holder] -->    font-weight: 600;<!-- [et_pb_line_break_holder] -->    transition: background-color 0.3s ease;<!-- [et_pb_line_break_holder] -->    text-align: center;<!-- [et_pb_line_break_holder] -->    font-family: 'Belleza', sans-serif;<!-- [et_pb_line_break_holder] -->}<!-- [et_pb_line_break_holder] --><!-- [et_pb_line_break_holder] -->.service-button:hover {<!-- [et_pb_line_break_holder] -->    background-color: #0052a3;<!-- [et_pb_line_break_holder] -->    text-decoration: none;<!-- [et_pb_line_break_holder] -->}<!-- [et_pb_line_break_holder] --><!-- [et_pb_line_break_holder] -->\/* Responsive *\/<!-- [et_pb_line_break_holder] -->@media (max-width: 1024px) {<!-- [et_pb_line_break_holder] -->    .atlasens-services {<!-- [et_pb_line_break_holder] -->        grid-template-columns: repeat(2, 1fr);<!-- [et_pb_line_break_holder] -->        gap: 25px;<!-- [et_pb_line_break_holder] -->    }<!-- [et_pb_line_break_holder] -->}<!-- [et_pb_line_break_holder] --><!-- [et_pb_line_break_holder] -->@media (max-width: 640px) {<!-- [et_pb_line_break_holder] -->    .atlasens-services {<!-- [et_pb_line_break_holder] -->        grid-template-columns: 1fr;<!-- [et_pb_line_break_holder] -->        gap: 20px;<!-- [et_pb_line_break_holder] -->    }<!-- [et_pb_line_break_holder] -->}<!-- [et_pb_line_break_holder] --><\/style>\n<p><!-- [et_pb_line_break_holder] --><!-- [et_pb_line_break_holder] --><\/p>\n<div class=\"atlasens-services\"><!-- [et_pb_line_break_holder] -->    <\/p>\n<div class=\"service-card\"><!-- [et_pb_line_break_holder] -->        <img decoding=\"async\" src=\"https:\/\/www.atlasens.fr\/wp-content\/uploads\/2025\/12\/carre_05.png\" alt=\"Les Raisins de la Transition\"><!-- [et_pb_line_break_holder] -->        <\/p>\n<div class=\"service-content\"><!-- [et_pb_line_break_holder] -->            <\/p>\n<h3 class=\"service-title\">LES RAISINS DE LA TRANSITION<\/h3>\n<p><!-- [et_pb_line_break_holder] -->            <pee class=\"service-description\">Piloter les transitions dans la fili\u00e8re viticole<\/pee><!-- [et_pb_line_break_holder] -->            <a href=\"https:\/\/www.atlasens.fr\/index.php\/formations\/lrdlt\/\" class=\"service-button\">En savoir +<\/a><!-- [et_pb_line_break_holder] -->        <\/div>\n<p><!-- [et_pb_line_break_holder] -->    <\/div>\n<p><!-- [et_pb_line_break_holder] --><!-- [et_pb_line_break_holder] -->    <\/p>\n<div class=\"service-card\"><!-- [et_pb_line_break_holder] -->        <img decoding=\"async\" src=\"https:\/\/www.atlasens.fr\/wp-content\/uploads\/2025\/12\/carre_07.png\" alt=\"Managers Sensibles\"><!-- [et_pb_line_break_holder] -->        <\/p>\n<div class=\"service-content\"><!-- [et_pb_line_break_holder] -->            <\/p>\n<h3 class=\"service-title\">MANAGERS SENSIBLES<\/h3>\n<p><!-- [et_pb_line_break_holder] -->            <pee class=\"service-description\">D\u00e9velopper ses comp\u00e9tences de leadership, de management et d&#8217;organisation au service du sens<\/pee><!-- [et_pb_line_break_holder] -->            <a href=\"https:\/\/www.atlasens.fr\/index.php\/formations\/managers-sensibles\/\" class=\"service-button\">En savoir +<\/a><!-- [et_pb_line_break_holder] -->        <\/div>\n<p><!-- [et_pb_line_break_holder] -->    <\/div>\n<p><!-- [et_pb_line_break_holder] --><!-- [et_pb_line_break_holder] -->    <\/p>\n<div class=\"service-card\"><!-- [et_pb_line_break_holder] -->        <img decoding=\"async\" src=\"https:\/\/www.atlasens.fr\/wp-content\/uploads\/2025\/12\/carre_08.png\" alt=\"Autres\"><!-- [et_pb_line_break_holder] -->        <\/p>\n<div class=\"service-content\"><!-- [et_pb_line_break_holder] -->            <\/p>\n<h3 class=\"service-title\">FORMATIONS VIA DES TIERS<\/h3>\n<p><!-- [et_pb_line_break_holder] -->            <pee class=\"service-description\">Accompagner la mont\u00e9e en puissance des Dirigeants (Elus et Cadres) sur les th\u00e9matiques Strat\u00e9gie, Leadership, Communication&#8230; en partenariat avec des tiers<\/pee><!-- [et_pb_line_break_holder] -->            <a href=\"https:\/\/www.atlasens.fr\/index.php\/formations\/formations-tiers\/\" class=\"service-button\">En savoir +<\/a><!-- [et_pb_line_break_holder] -->        <\/div>\n<p><!-- [et_pb_line_break_holder] -->    <\/div>\n<p>[\/et_pb_code][\/et_pb_column][\/et_pb_row][\/et_pb_section]<\/p>\n","protected":false},"excerpt":{"rendered":"<p>FormationsOutiller pour aider la mont\u00e9e en comp\u00e9tences et faire grandir pour des changements qui tiennent dans la dur\u00e9e. D\u00e9velopper les comp\u00e9tences Ancrer les transformationsDans un environnement professionnel en constante \u00e9volution, la formation devient un levier strat\u00e9gique pour d\u00e9velopper le leadership, ancrer les postures manag\u00e9riales et dynamiser les pratiques collectives. Nos formations allient p\u00e9dagogie active et [&hellip;]<\/p>\n","protected":false},"author":3,"featured_media":0,"parent":0,"menu_order":0,"comment_status":"closed","ping_status":"closed","template":"","meta":{"_et_pb_use_builder":"on","_et_pb_old_content":"","_et_gb_content_width":"","footnotes":""},"class_list":["post-5785","page","type-page","status-publish","hentry"],"_links":{"self":[{"href":"https:\/\/www.atlasens.fr\/index.php\/wp-json\/wp\/v2\/pages\/5785","targetHints":{"allow":["GET"]}}],"collection":[{"href":"https:\/\/www.atlasens.fr\/index.php\/wp-json\/wp\/v2\/pages"}],"about":[{"href":"https:\/\/www.atlasens.fr\/index.php\/wp-json\/wp\/v2\/types\/page"}],"author":[{"embeddable":true,"href":"https:\/\/www.atlasens.fr\/index.php\/wp-json\/wp\/v2\/users\/3"}],"replies":[{"embeddable":true,"href":"https:\/\/www.atlasens.fr\/index.php\/wp-json\/wp\/v2\/comments?post=5785"}],"version-history":[{"count":15,"href":"https:\/\/www.atlasens.fr\/index.php\/wp-json\/wp\/v2\/pages\/5785\/revisions"}],"predecessor-version":[{"id":6026,"href":"https:\/\/www.atlasens.fr\/index.php\/wp-json\/wp\/v2\/pages\/5785\/revisions\/6026"}],"wp:attachment":[{"href":"https:\/\/www.atlasens.fr\/index.php\/wp-json\/wp\/v2\/media?parent=5785"}],"curies":[{"name":"wp","href":"https:\/\/api.w.org\/{rel}","templated":true}]}}