{"id":5829,"date":"2026-03-09T17:14:30","date_gmt":"2026-03-09T16:14:30","guid":{"rendered":"https:\/\/www.atlasens.fr\/?page_id=5829"},"modified":"2026-03-11T17:57:17","modified_gmt":"2026-03-11T16:57:17","slug":"cooperatives-agricoles-unions","status":"publish","type":"page","link":"https:\/\/www.atlasens.fr\/index.php\/vous-etes\/cooperatives-agricoles-unions\/","title":{"rendered":"Coop\u00e9ratives agricoles &amp; Unions"},"content":{"rendered":"<p>[et_pb_section fb_built=&#8221;1&#8243; _builder_version=&#8221;4.27.4&#8243; _module_preset=&#8221;default&#8221; custom_margin=&#8221;0px||||false|false&#8221; custom_padding=&#8221;0px|||||&#8221; locked=&#8221;off&#8221; global_colors_info=&#8221;{}&#8221;][et_pb_row _builder_version=&#8221;4.27.4&#8243; _module_preset=&#8221;default&#8221; global_colors_info=&#8221;{}&#8221;][et_pb_column type=&#8221;4_4&#8243; _builder_version=&#8221;4.27.4&#8243; _module_preset=&#8221;default&#8221; global_colors_info=&#8221;{}&#8221;][et_pb_divider color=&#8221;#3686c9&#8243; divider_weight=&#8221;2px&#8221; _builder_version=&#8221;4.16&#8243; max_width=&#8221;60px&#8221; module_alignment=&#8221;center&#8221; height=&#8221;2px&#8221; global_colors_info=&#8221;{}&#8221;][\/et_pb_divider][et_pb_text module_id=&#8221;offres&#8221; _builder_version=&#8221;4.27.4&#8243; text_font=&#8221;||||||||&#8221; header_font=&#8221;||||||||&#8221; header_2_font=&#8221;Playfair Display|700|||||||&#8221; header_2_font_size=&#8221;38px&#8221; header_2_letter_spacing=&#8221;1px&#8221; header_2_line_height=&#8221;1.4em&#8221; header_3_font=&#8221;Poppins|700||on|||||&#8221; header_3_text_color=&#8221;#edbb5f&#8221; header_3_font_size=&#8221;14px&#8221; header_3_letter_spacing=&#8221;1px&#8221; header_3_line_height=&#8221;2em&#8221; background_layout=&#8221;dark&#8221; custom_margin=&#8221;|1px|9px|1px|false|false&#8221; custom_padding=&#8221;|5px|1px|5px||true&#8221; animation_style=&#8221;fade&#8221; locked=&#8221;off&#8221; inline_fonts=&#8221;Belleza&#8221; global_colors_info=&#8221;{}&#8221;]<\/p>\n<h3 style=\"text-align: center;\"><span style=\"color: #3686c9; font-family: Belleza; font-weight: normal; font-size: x-large;\"><strong>Coop\u00e9ratives agricoles &amp; Unions<\/strong><\/span><\/h3>\n<p>[\/et_pb_text][\/et_pb_column][\/et_pb_row][et_pb_row column_structure=&#8221;2_5,3_5&#8243; _builder_version=&#8221;4.27.4&#8243; _module_preset=&#8221;default&#8221; locked=&#8221;off&#8221; global_colors_info=&#8221;{}&#8221;][et_pb_column type=&#8221;2_5&#8243; _builder_version=&#8221;4.27.4&#8243; _module_preset=&#8221;default&#8221; global_colors_info=&#8221;{}&#8221;][et_pb_image src=&#8221;https:\/\/www.atlasens.fr\/wp-content\/uploads\/2026\/03\/union_coop.png&#8221; title_text=&#8221;union_coop&#8221; align=&#8221;center&#8221; _builder_version=&#8221;4.27.4&#8243; _module_preset=&#8221;default&#8221; background_color=&#8221;RGBA(255,255,255,0)&#8221; custom_margin=&#8221;||||false|false&#8221; global_colors_info=&#8221;{}&#8221;][\/et_pb_image][\/et_pb_column][et_pb_column type=&#8221;3_5&#8243; _builder_version=&#8221;4.27.4&#8243; _module_preset=&#8221;default&#8221; global_colors_info=&#8221;{}&#8221;][et_pb_text _builder_version=&#8221;4.27.6&#8243; _module_preset=&#8221;default&#8221; header_2_line_height=&#8221;1.3em&#8221; global_colors_info=&#8221;{}&#8221;]<\/p>\n<h2><strong>Piliers de l&#8217;\u00e9conomie agricole fran\u00e7aise, les coop\u00e9ratives et leurs unions mutualisant les forces de milliers d&#8217;agriculteurs pour cr\u00e9er de la valeur sur les territoires, peser sur les march\u00e9s et incarner un mod\u00e8le \u00e9conomique fond\u00e9 sur la solidarit\u00e9 et la responsabilit\u00e9 collective.<\/strong><\/h2>\n<p>[\/et_pb_text][\/et_pb_column][\/et_pb_row][et_pb_row _builder_version=&#8221;4.27.4&#8243; _module_preset=&#8221;default&#8221; global_colors_info=&#8221;{}&#8221;][et_pb_column type=&#8221;4_4&#8243; _builder_version=&#8221;4.27.4&#8243; _module_preset=&#8221;default&#8221; global_colors_info=&#8221;{}&#8221;][et_pb_text _builder_version=&#8221;4.27.6&#8243; _module_preset=&#8221;default&#8221; header_2_line_height=&#8221;1.3em&#8221; global_colors_info=&#8221;{}&#8221;]<\/p>\n<h2 class=\"font-claude-response-body break-words whitespace-normal leading-[1.7]\">Dans un contexte de transitions multiples \u2014 climatique, \u00e9conomique, soci\u00e9tale \u2014 les coop\u00e9ratives agricoles et leurs unions font face \u00e0 des pressions sans pr\u00e9c\u00e9dent : volatilit\u00e9 des march\u00e9s, exigences croissantes des adh\u00e9rents, n\u00e9cessit\u00e9 de se transformer sans trahir les valeurs fondatrices du mod\u00e8le coop\u00e9ratif.<\/h2>\n<h2 class=\"font-claude-response-body break-words whitespace-normal leading-[1.7]\">La gouvernance duale \u00e9lus\/salari\u00e9s, richesse structurelle du mod\u00e8le, est aussi une source de complexit\u00e9 : elle exige un alignement permanent entre le projet politique port\u00e9 par les \u00e9lus et la strat\u00e9gie op\u00e9rationnelle conduite par les \u00e9quipes dirigeantes. Dans ce contexte, construire une vision partag\u00e9e, renforcer la coh\u00e9sion des instances et d\u00e9velopper un leadership collectif \u00e0 la hauteur des enjeux devient un imp\u00e9ratif strat\u00e9gique.<\/h2>\n<p>[\/et_pb_text][\/et_pb_column][\/et_pb_row][et_pb_row _builder_version=&#8221;4.27.4&#8243; _module_preset=&#8221;default&#8221; global_colors_info=&#8221;{}&#8221;][et_pb_column type=&#8221;4_4&#8243; _builder_version=&#8221;4.27.4&#8243; _module_preset=&#8221;default&#8221; global_colors_info=&#8221;{}&#8221;][et_pb_divider color=&#8221;#3686c9&#8243; divider_weight=&#8221;2px&#8221; _builder_version=&#8221;4.16&#8243; max_width=&#8221;60px&#8221; module_alignment=&#8221;center&#8221; height=&#8221;2px&#8221; global_colors_info=&#8221;{}&#8221;][\/et_pb_divider][\/et_pb_column][\/et_pb_row][et_pb_row _builder_version=&#8221;4.27.4&#8243; _module_preset=&#8221;default&#8221; locked=&#8221;off&#8221; global_colors_info=&#8221;{}&#8221;][et_pb_column type=&#8221;4_4&#8243; _builder_version=&#8221;4.27.4&#8243; _module_preset=&#8221;default&#8221; global_colors_info=&#8221;{}&#8221;][et_pb_text module_id=&#8221;offres&#8221; _builder_version=&#8221;4.27.4&#8243; text_font=&#8221;||||||||&#8221; header_font=&#8221;||||||||&#8221; header_2_font=&#8221;Playfair Display|700|||||||&#8221; header_2_font_size=&#8221;38px&#8221; header_2_letter_spacing=&#8221;1px&#8221; header_2_line_height=&#8221;1.4em&#8221; header_3_font=&#8221;Poppins|700||on|||||&#8221; header_3_text_color=&#8221;#edbb5f&#8221; header_3_font_size=&#8221;14px&#8221; header_3_letter_spacing=&#8221;1px&#8221; header_3_line_height=&#8221;2em&#8221; background_layout=&#8221;dark&#8221; custom_margin=&#8221;|1px|9px|1px|false|false&#8221; custom_padding=&#8221;|5px|1px|5px||true&#8221; animation_style=&#8221;fade&#8221; locked=&#8221;off&#8221; inline_fonts=&#8221;Belleza&#8221; global_colors_info=&#8221;{}&#8221;]<\/p>\n<h3 style=\"text-align: center;\"><span style=\"color: #3686c9; font-family: Belleza; font-weight: normal; font-size: x-large;\"><strong>Exemples de questions pos\u00e9es en d\u00e9but de mission<\/strong><\/span><\/h3>\n<p>[\/et_pb_text][et_pb_text _builder_version=&#8221;4.27.6&#8243; _module_preset=&#8221;default&#8221; custom_padding=&#8221;|||20px|false|false&#8221; global_colors_info=&#8221;{}&#8221;]<\/p>\n<ul>\n<li class=\"whitespace-normal break-words pl-2\">\n<h2>Comment construire ou refonder notre projet strat\u00e9gique collectif en impliquant \u00e9lus et salari\u00e9s autour d&#8217;une vision commune ?<\/h2>\n<\/li>\n<li class=\"whitespace-normal break-words pl-2\">\n<h2>Comment renforcer l&#8217;engagement et la coh\u00e9sion de notre Conseil d&#8217;Administration face aux enjeux de transformation ?<\/h2>\n<\/li>\n<li class=\"whitespace-normal break-words pl-2\">\n<h2>Comment faire \u00e9voluer notre organisation pour r\u00e9pondre aux d\u00e9fis du march\u00e9 tout en pr\u00e9servant notre identit\u00e9 coop\u00e9rative ?<\/h2>\n<\/li>\n<li class=\"whitespace-normal break-words pl-2\">\n<h2>Comment d\u00e9velopper le leadership de nos dirigeants et managers pour accompagner le changement ?<\/h2>\n<\/li>\n<li class=\"whitespace-normal break-words pl-2\">\n<h2>Comment pr\u00e9parer notre coop\u00e9rative aux mutations \u00e0 venir gr\u00e2ce \u00e0 une d\u00e9marche prospective partag\u00e9e ?<\/h2>\n<\/li>\n<\/ul>\n<p>[\/et_pb_text][et_pb_divider color=&#8221;#3686c9&#8243; divider_weight=&#8221;2px&#8221; _builder_version=&#8221;4.16&#8243; max_width=&#8221;60px&#8221; module_alignment=&#8221;center&#8221; height=&#8221;2px&#8221; locked=&#8221;off&#8221; global_colors_info=&#8221;{}&#8221;][\/et_pb_divider][\/et_pb_column][\/et_pb_row][et_pb_row disabled_on=&#8221;off|on|on&#8221; _builder_version=&#8221;4.27.4&#8243; _module_preset=&#8221;default&#8221; locked=&#8221;off&#8221; global_colors_info=&#8221;{}&#8221;][et_pb_column type=&#8221;4_4&#8243; _builder_version=&#8221;4.27.4&#8243; _module_preset=&#8221;default&#8221; global_colors_info=&#8221;{}&#8221;][et_pb_text module_id=&#8221;offres&#8221; _builder_version=&#8221;4.27.4&#8243; text_font=&#8221;||||||||&#8221; header_font=&#8221;||||||||&#8221; header_2_font=&#8221;Playfair Display|700|||||||&#8221; header_2_font_size=&#8221;38px&#8221; header_2_letter_spacing=&#8221;1px&#8221; header_2_line_height=&#8221;1.4em&#8221; header_3_font=&#8221;Poppins|700||on|||||&#8221; header_3_text_color=&#8221;#edbb5f&#8221; header_3_font_size=&#8221;14px&#8221; header_3_letter_spacing=&#8221;1px&#8221; header_3_line_height=&#8221;2em&#8221; background_layout=&#8221;dark&#8221; custom_margin=&#8221;|1px|9px|1px|false|false&#8221; custom_padding=&#8221;|5px|1px|5px||true&#8221; animation_style=&#8221;fade&#8221; locked=&#8221;off&#8221; inline_fonts=&#8221;Belleza&#8221; global_colors_info=&#8221;{}&#8221;]<\/p>\n<h3 style=\"text-align: center;\"><span style=\"color: #3686c9; font-family: Belleza; font-weight: normal; font-size: x-large;\"><strong>Notre Positionnement<\/strong><\/span><\/h3>\n<p>[\/et_pb_text][et_pb_text _builder_version=&#8221;4.27.6&#8243; _module_preset=&#8221;default&#8221; global_colors_info=&#8221;{}&#8221;]<\/p>\n<h2 class=\"font-claude-response-body break-words whitespace-normal leading-[1.7]\"><strong>Une expertise sectorielle de longue date :<\/strong> 20 ans d&#8217;accompagnement de coop\u00e9ratives agricoles et d&#8217;unions dans toutes les fili\u00e8res (grandes cultures, \u00e9levage, vitivinicole, arboriculture, mara\u00eechage), avec une connaissance fine des sp\u00e9cificit\u00e9s de la gouvernance coop\u00e9rative et des dynamiques \u00e9lus\/salari\u00e9s.<\/h2>\n<h2 class=\"font-claude-response-body break-words whitespace-normal leading-[1.7]\"><strong>Une approche syst\u00e9mique du sens :<\/strong> Atlasens excelle dans l&#8217;alignement entre valeurs, strat\u00e9gie et op\u00e9rationnel. Nous transformons les orientations en dynamiques collectives durables \u2014 un enjeu central pour des structures o\u00f9 la r\u00e9ussite repose sur l&#8217;engagement de chaque partie prenante.<\/h2>\n<h2 class=\"font-claude-response-body break-words whitespace-normal leading-[1.7]\"><strong>Des m\u00e9thodes \u00e9prouv\u00e9es :<\/strong> Plus de 300 s\u00e9minaires anim\u00e9s avec des structures \u00e0 gouvernance complexe. Nos dispositifs participatifs (Strat&amp;Sens, Cap&amp;Com) permettent de faire \u00e9merger une vision partag\u00e9e et de mobiliser adh\u00e9rents, \u00e9lus et salari\u00e9s autour d&#8217;un projet commun.<\/h2>\n<h2 class=\"font-claude-response-body break-words whitespace-normal leading-[1.7]\"><strong>Une \u00e9quipe qui conna\u00eet vos r\u00e9alit\u00e9s :<\/strong> Nous intervenons depuis longtemps dans le secteur agricole et l&#8217;univers de la Coop\u00e9ration et nous sommes experts en accompagnement des transformations. Cette double culture sectorielle et m\u00e9thodologique nous permet d&#8217;adapter nos outils \u00e0 vos enjeux sp\u00e9cifiques.<\/h2>\n<p>[\/et_pb_text][\/et_pb_column][\/et_pb_row][et_pb_row _builder_version=&#8221;4.27.4&#8243; _module_preset=&#8221;default&#8221; global_colors_info=&#8221;{}&#8221;][et_pb_column type=&#8221;4_4&#8243; _builder_version=&#8221;4.27.4&#8243; _module_preset=&#8221;default&#8221; global_colors_info=&#8221;{}&#8221;][\/et_pb_column][\/et_pb_row][et_pb_row column_structure=&#8221;2_5,3_5&#8243; use_custom_gutter=&#8221;on&#8221; gutter_width=&#8221;0&#8243; disabled_on=&#8221;on|on|off&#8221; _builder_version=&#8221;4.27.4&#8243; min_height=&#8221;459px&#8221; custom_margin=&#8221;|auto|-57px|auto||&#8221; custom_padding=&#8221;0px|0px|42px|37px||&#8221; locked=&#8221;off&#8221; global_colors_info=&#8221;{}&#8221;][et_pb_column type=&#8221;2_5&#8243; _builder_version=&#8221;4.27.4&#8243; z_index=&#8221;8&#8243; custom_padding=&#8221;|||&#8221; global_colors_info=&#8221;{}&#8221; custom_padding__hover=&#8221;|||&#8221;][et_pb_cta title=&#8221;Notre Positionnement&#8221; button_url=&#8221;#&#8221; _builder_version=&#8221;4.27.4&#8243; header_font=&#8221;Poppins|700||on|||||&#8221; header_font_size=&#8221;14px&#8221; header_letter_spacing=&#8221;2px&#8221; header_line_height=&#8221;2em&#8221; body_font=&#8221;Playfair Display|700||on|||||&#8221; body_font_size=&#8221;34px&#8221; body_line_height=&#8221;1.4em&#8221; background_color=&#8221;#3e8ac9&#8243; custom_button=&#8221;on&#8221; button_text_color=&#8221;#f3cd7e&#8221; button_bg_color=&#8221;#ffffff&#8221; button_border_width=&#8221;0px&#8221; button_border_radius=&#8221;0px&#8221; button_letter_spacing=&#8221;1px&#8221; button_font=&#8221;Saira Extra Condensed|600||on|||||&#8221; button_icon=&#8221;&#x24;||divi||400&#8243; z_index=&#8221;0&#8243; custom_margin=&#8221;-100px||-36px||false|false&#8221; custom_padding=&#8221;53px|16px|16px|12px|false|false&#8221; animation_style=&#8221;slide&#8221; animation_direction=&#8221;bottom&#8221; animation_intensity_slide=&#8221;10%&#8221; animation_starting_opacity=&#8221;100%&#8221; button_border_radius_hover=&#8221;1px&#8221; locked=&#8221;off&#8221; inline_fonts=&#8221;Belleza&#8221; global_colors_info=&#8221;{}&#8221; button_text_size__hover_enabled=&#8221;off&#8221; button_one_text_size__hover_enabled=&#8221;off&#8221; button_two_text_size__hover_enabled=&#8221;off&#8221; button_text_color__hover_enabled=&#8221;off&#8221; button_one_text_color__hover_enabled=&#8221;off&#8221; button_two_text_color__hover_enabled=&#8221;off&#8221; button_border_width__hover_enabled=&#8221;off&#8221; button_one_border_width__hover_enabled=&#8221;off&#8221; button_two_border_width__hover_enabled=&#8221;off&#8221; button_border_color__hover_enabled=&#8221;off&#8221; button_one_border_color__hover_enabled=&#8221;off&#8221; button_two_border_color__hover_enabled=&#8221;off&#8221; button_border_radius__hover_enabled=&#8221;on&#8221; button_border_radius__hover=&#8221;1px&#8221; button_one_border_radius__hover_enabled=&#8221;off&#8221; button_two_border_radius__hover_enabled=&#8221;off&#8221; button_letter_spacing__hover_enabled=&#8221;off&#8221; button_one_letter_spacing__hover_enabled=&#8221;off&#8221; button_two_letter_spacing__hover_enabled=&#8221;off&#8221; button_bg_color__hover_enabled=&#8221;off&#8221; button_one_bg_color__hover_enabled=&#8221;off&#8221; button_two_bg_color__hover_enabled=&#8221;off&#8221;][\/et_pb_cta][\/et_pb_column][et_pb_column type=&#8221;3_5&#8243; _builder_version=&#8221;4.16&#8243; custom_padding=&#8221;|||&#8221; global_colors_info=&#8221;{}&#8221; custom_padding__hover=&#8221;|||&#8221;][et_pb_text _builder_version=&#8221;4.27.6&#8243; text_font=&#8221;&#8211;et_global_heading_font|500|||||||&#8221; text_font_size=&#8221;16px&#8221; text_letter_spacing=&#8221;2px&#8221; text_line_height=&#8221;2em&#8221; ul_font=&#8221;||||||||&#8221; background_color=&#8221;#e0e0e0&#8243; z_index=&#8221;0&#8243; background_layout=&#8221;dark&#8221; custom_margin=&#8221;0px||0px|-198px|true|false&#8221; custom_padding=&#8221;30px|20px|30px|30px|true|false&#8221; animation_style=&#8221;slide&#8221; animation_direction=&#8221;top&#8221; animation_duration=&#8221;1500ms&#8221; animation_intensity_slide=&#8221;10%&#8221; animation_starting_opacity=&#8221;100%&#8221; z_index_last_edited=&#8221;off|desktop&#8221; box_shadow_style=&#8221;preset1&#8243; box_shadow_color=&#8221;rgba(0,0,0,0.15)&#8221; global_colors_info=&#8221;{}&#8221;]<\/p>\n<p class=\"font-claude-response-body break-words whitespace-normal leading-[1.7]\"><span style=\"color: #000000;\"><strong>Une expertise sectorielle de longue date :<\/strong> 20 ans d&#8217;accompagnement de coop\u00e9ratives agricoles et d&#8217;unions dans toutes les fili\u00e8res (grandes cultures, \u00e9levage, vitivinicole, arboriculture, mara\u00eechage), avec une connaissance fine des sp\u00e9cificit\u00e9s de la gouvernance coop\u00e9rative et des dynamiques \u00e9lus\/salari\u00e9s.<\/span><\/p>\n<p class=\"font-claude-response-body break-words whitespace-normal leading-[1.7]\"><span style=\"color: #000000;\"><strong>Une approche syst\u00e9mique du sens :<\/strong> Atlasens excelle dans l&#8217;alignement entre valeurs, strat\u00e9gie et op\u00e9rationnel. Nous transformons les orientations en dynamiques collectives durables \u2014 un enjeu central pour des structures o\u00f9 la r\u00e9ussite repose sur l&#8217;engagement de chaque partie prenante.<\/span><\/p>\n<p class=\"font-claude-response-body break-words whitespace-normal leading-[1.7]\"><span style=\"color: #000000;\"><strong>Des m\u00e9thodes \u00e9prouv\u00e9es :<\/strong> Plus de 300 s\u00e9minaires anim\u00e9s avec des structures \u00e0 gouvernance complexe. Nos dispositifs participatifs (Strat&amp;Sens, Cap&amp;Com) permettent de faire \u00e9merger une vision partag\u00e9e et de mobiliser adh\u00e9rents, \u00e9lus et salari\u00e9s autour d&#8217;un projet commun.<\/span><\/p>\n<p class=\"font-claude-response-body break-words whitespace-normal leading-[1.7]\"><span style=\"color: #000000;\"><strong>Une \u00e9quipe qui conna\u00eet vos r\u00e9alit\u00e9s :<\/strong> Nous intervenons depuis longtemps dans le secteur agricole et l&#8217;univers de la Coop\u00e9ration et nous sommes experts en accompagnement des transformations. Cette double culture sectorielle et m\u00e9thodologique nous permet d&#8217;adapter nos outils \u00e0 vos enjeux sp\u00e9cifiques.<\/span><\/p>\n<p>[\/et_pb_text][\/et_pb_column][\/et_pb_row][et_pb_row _builder_version=&#8221;4.27.4&#8243; _module_preset=&#8221;default&#8221; global_colors_info=&#8221;{}&#8221;][et_pb_column type=&#8221;4_4&#8243; _builder_version=&#8221;4.27.4&#8243; _module_preset=&#8221;default&#8221; global_colors_info=&#8221;{}&#8221;][\/et_pb_column][\/et_pb_row][et_pb_row _builder_version=&#8221;4.27.4&#8243; _module_preset=&#8221;default&#8221; global_colors_info=&#8221;{}&#8221;][et_pb_column type=&#8221;4_4&#8243; _builder_version=&#8221;4.27.4&#8243; _module_preset=&#8221;default&#8221; global_colors_info=&#8221;{}&#8221;][et_pb_divider color=&#8221;#3686c9&#8243; divider_weight=&#8221;2px&#8221; _builder_version=&#8221;4.16&#8243; max_width=&#8221;60px&#8221; module_alignment=&#8221;center&#8221; height=&#8221;2px&#8221; locked=&#8221;off&#8221; global_colors_info=&#8221;{}&#8221;][\/et_pb_divider][et_pb_text module_id=&#8221;offres&#8221; _builder_version=&#8221;4.27.4&#8243; text_font=&#8221;||||||||&#8221; header_font=&#8221;||||||||&#8221; header_2_font=&#8221;Playfair Display|700|||||||&#8221; header_2_font_size=&#8221;38px&#8221; header_2_letter_spacing=&#8221;1px&#8221; header_2_line_height=&#8221;1.4em&#8221; header_3_font=&#8221;Poppins|700||on|||||&#8221; header_3_text_color=&#8221;#edbb5f&#8221; header_3_font_size=&#8221;14px&#8221; header_3_letter_spacing=&#8221;1px&#8221; header_3_line_height=&#8221;2em&#8221; background_layout=&#8221;dark&#8221; custom_margin=&#8221;|1px|9px|1px|false|false&#8221; custom_padding=&#8221;|5px|1px|5px||true&#8221; animation_style=&#8221;fade&#8221; locked=&#8221;off&#8221; inline_fonts=&#8221;Belleza&#8221; global_colors_info=&#8221;{}&#8221;]<\/p>\n<h3 style=\"text-align: center;\"><span style=\"color: #3686c9; font-family: Belleza; font-weight: normal; font-size: x-large;\"><strong>Ils nous font confiance<\/strong><\/span><\/h3>\n<p>[\/et_pb_text][et_pb_slider _builder_version=&#8221;4.27.6&#8243; _module_preset=&#8221;default&#8221; background_color=&#8221;#FFFFFF&#8221; min_height=&#8221;300px&#8221; height=&#8221;300px&#8221; max_height=&#8221;300px&#8221; custom_padding=&#8221;0px||0px|||&#8221; hover_enabled=&#8221;0&#8243; locked=&#8221;off&#8221; global_colors_info=&#8221;{}&#8221; sticky_enabled=&#8221;0&#8243;][et_pb_slide heading=&#8221;Jeune Montagne&#8221; image=&#8221;https:\/\/www.atlasens.fr\/wp-content\/uploads\/2026\/03\/Jeune-Montagne.png&#8221; _builder_version=&#8221;4.27.6&#8243; _module_preset=&#8221;default&#8221; background_layout=&#8221;light&#8221; hover_enabled=&#8221;0&#8243; locked=&#8221;off&#8221; global_colors_info=&#8221;{}&#8221; sticky_transition=&#8221;on&#8221; sticky_enabled=&#8221;0&#8243;]<\/p>\n<p>Coop\u00e9rative laiti\u00e8re &amp; fromag\u00e8re<\/p>\n<p>[\/et_pb_slide][et_pb_slide heading=&#8221;Arterris&#8221; image=&#8221;https:\/\/www.atlasens.fr\/wp-content\/uploads\/2026\/03\/logo_ARTERRIS_c.png&#8221; _builder_version=&#8221;4.27.6&#8243; _module_preset=&#8221;default&#8221; background_layout=&#8221;light&#8221; hover_enabled=&#8221;0&#8243; locked=&#8221;off&#8221; global_colors_info=&#8221;{}&#8221; sticky_transition=&#8221;on&#8221; title_text=&#8221;logo_ARTERRIS_c&#8221; sticky_enabled=&#8221;0&#8243;]<\/p>\n<p>Coop\u00e9rative agricole<\/p>\n<p>[\/et_pb_slide][et_pb_slide heading=&#8221;Mas Olivier&#8221; image=&#8221;https:\/\/www.atlasens.fr\/wp-content\/uploads\/2026\/03\/logo_MasOlivier_c.png&#8221; _builder_version=&#8221;4.27.6&#8243; _module_preset=&#8221;default&#8221; background_layout=&#8221;light&#8221; hover_enabled=&#8221;0&#8243; locked=&#8221;off&#8221; global_colors_info=&#8221;{}&#8221; sticky_transition=&#8221;on&#8221; title_text=&#8221;logo_MasOlivier_c&#8221; sticky_enabled=&#8221;0&#8243;]<\/p>\n<p>Cave Coop\u00e9rative de l&#8217;H\u00e9rault &#8211; AOP Faug\u00e8res<\/p>\n<p>[\/et_pb_slide][et_pb_slide heading=&#8221;La Coop\u00e9ration Agricole&#8221; image=&#8221;https:\/\/www.atlasens.fr\/wp-content\/uploads\/2026\/03\/Logo_LCA.png&#8221; _builder_version=&#8221;4.27.6&#8243; _module_preset=&#8221;default&#8221; background_layout=&#8221;light&#8221; hover_enabled=&#8221;0&#8243; locked=&#8221;off&#8221; global_colors_info=&#8221;{}&#8221; sticky_transition=&#8221;on&#8221; title_text=&#8221;Logo_LCA&#8221; sticky_enabled=&#8221;0&#8243;][\/et_pb_slide][et_pb_slide heading=&#8221;Amatik&#8221; image=&#8221;https:\/\/www.atlasens.fr\/wp-content\/uploads\/2026\/03\/logo_AMATIK_c.png&#8221; _builder_version=&#8221;4.27.6&#8243; _module_preset=&#8221;default&#8221; background_layout=&#8221;light&#8221; hover_enabled=&#8221;0&#8243; locked=&#8221;off&#8221; global_colors_info=&#8221;{}&#8221; sticky_transition=&#8221;on&#8221; title_text=&#8221;logo_AMATIK_c&#8221; sticky_enabled=&#8221;0&#8243;]<\/p>\n<p>Coop\u00e9rative d&#8217;\u00e9levage<\/p>\n<p>[\/et_pb_slide][et_pb_slide heading=&#8221;Gersycoop&#8221; image=&#8221;https:\/\/www.atlasens.fr\/wp-content\/uploads\/2026\/03\/logo_GERSYCOOP_c.png&#8221; _builder_version=&#8221;4.27.6&#8243; _module_preset=&#8221;default&#8221; background_layout=&#8221;light&#8221; hover_enabled=&#8221;0&#8243; locked=&#8221;off&#8221; global_colors_info=&#8221;{}&#8221; sticky_transition=&#8221;on&#8221; title_text=&#8221;logo_GERSYCOOP_c&#8221; sticky_enabled=&#8221;0&#8243;]<\/p>\n<p>Coop\u00e9rative agricole<\/p>\n<p>[\/et_pb_slide][et_pb_slide heading=&#8221;Les Vignerons Ard\u00e9chois&#8221; image=&#8221;https:\/\/www.atlasens.fr\/wp-content\/uploads\/2026\/03\/logo_VignArdechois_c.png&#8221; _builder_version=&#8221;4.27.6&#8243; _module_preset=&#8221;default&#8221; background_layout=&#8221;light&#8221; hover_enabled=&#8221;0&#8243; locked=&#8221;off&#8221; global_colors_info=&#8221;{}&#8221; sticky_transition=&#8221;on&#8221; title_text=&#8221;logo_VignArdechois_c&#8221; sticky_enabled=&#8221;0&#8243;]<\/p>\n<p>Union de Caves Coop\u00e9ratives<\/p>\n<p>[\/et_pb_slide][\/et_pb_slider][\/et_pb_column][\/et_pb_row][\/et_pb_section]<\/p>\n","protected":false},"excerpt":{"rendered":"<p>Coop\u00e9ratives agricoles &amp; UnionsPiliers de l&#8217;\u00e9conomie agricole fran\u00e7aise, les coop\u00e9ratives et leurs unions mutualisant les forces de milliers d&#8217;agriculteurs pour cr\u00e9er de la valeur sur les territoires, peser sur les march\u00e9s et incarner un mod\u00e8le \u00e9conomique fond\u00e9 sur la solidarit\u00e9 et la responsabilit\u00e9 collective.Dans un contexte de transitions multiples \u2014 climatique, \u00e9conomique, soci\u00e9tale \u2014 les [&hellip;]<\/p>\n","protected":false},"author":3,"featured_media":0,"parent":5818,"menu_order":0,"comment_status":"closed","ping_status":"closed","template":"","meta":{"_et_pb_use_builder":"on","_et_pb_old_content":"","_et_gb_content_width":"","footnotes":""},"class_list":["post-5829","page","type-page","status-publish","hentry"],"_links":{"self":[{"href":"https:\/\/www.atlasens.fr\/index.php\/wp-json\/wp\/v2\/pages\/5829","targetHints":{"allow":["GET"]}}],"collection":[{"href":"https:\/\/www.atlasens.fr\/index.php\/wp-json\/wp\/v2\/pages"}],"about":[{"href":"https:\/\/www.atlasens.fr\/index.php\/wp-json\/wp\/v2\/types\/page"}],"author":[{"embeddable":true,"href":"https:\/\/www.atlasens.fr\/index.php\/wp-json\/wp\/v2\/users\/3"}],"replies":[{"embeddable":true,"href":"https:\/\/www.atlasens.fr\/index.php\/wp-json\/wp\/v2\/comments?post=5829"}],"version-history":[{"count":20,"href":"https:\/\/www.atlasens.fr\/index.php\/wp-json\/wp\/v2\/pages\/5829\/revisions"}],"predecessor-version":[{"id":6087,"href":"https:\/\/www.atlasens.fr\/index.php\/wp-json\/wp\/v2\/pages\/5829\/revisions\/6087"}],"up":[{"embeddable":true,"href":"https:\/\/www.atlasens.fr\/index.php\/wp-json\/wp\/v2\/pages\/5818"}],"wp:attachment":[{"href":"https:\/\/www.atlasens.fr\/index.php\/wp-json\/wp\/v2\/media?parent=5829"}],"curies":[{"name":"wp","href":"https:\/\/api.w.org\/{rel}","templated":true}]}}