{"id":5852,"date":"2026-03-09T17:51:07","date_gmt":"2026-03-09T16:51:07","guid":{"rendered":"https:\/\/www.atlasens.fr\/?page_id=5852"},"modified":"2026-03-11T17:55:54","modified_gmt":"2026-03-11T16:55:54","slug":"chambres-agriculture","status":"publish","type":"page","link":"https:\/\/www.atlasens.fr\/index.php\/vous-etes\/chambres-agriculture\/","title":{"rendered":"Chambres d&#8217;Agriculture"},"content":{"rendered":"<p>[et_pb_section fb_built=&#8221;1&#8243; _builder_version=&#8221;4.27.4&#8243; _module_preset=&#8221;default&#8221; custom_margin=&#8221;0px||||false|false&#8221; custom_padding=&#8221;0px|||||&#8221; locked=&#8221;off&#8221; global_colors_info=&#8221;{}&#8221;][et_pb_row _builder_version=&#8221;4.27.4&#8243; _module_preset=&#8221;default&#8221; global_colors_info=&#8221;{}&#8221;][et_pb_column type=&#8221;4_4&#8243; _builder_version=&#8221;4.27.4&#8243; _module_preset=&#8221;default&#8221; global_colors_info=&#8221;{}&#8221;][et_pb_divider color=&#8221;#3686c9&#8243; divider_weight=&#8221;2px&#8221; _builder_version=&#8221;4.16&#8243; max_width=&#8221;60px&#8221; module_alignment=&#8221;center&#8221; height=&#8221;2px&#8221; global_colors_info=&#8221;{}&#8221;][\/et_pb_divider][et_pb_text module_id=&#8221;offres&#8221; _builder_version=&#8221;4.27.6&#8243; text_font=&#8221;||||||||&#8221; header_font=&#8221;||||||||&#8221; header_2_font=&#8221;Playfair Display|700|||||||&#8221; header_2_font_size=&#8221;38px&#8221; header_2_letter_spacing=&#8221;1px&#8221; header_2_line_height=&#8221;1.4em&#8221; header_3_font=&#8221;Poppins|700||on|||||&#8221; header_3_text_color=&#8221;#edbb5f&#8221; header_3_font_size=&#8221;14px&#8221; header_3_letter_spacing=&#8221;1px&#8221; header_3_line_height=&#8221;2em&#8221; background_layout=&#8221;dark&#8221; custom_margin=&#8221;|1px|9px|1px|false|false&#8221; custom_padding=&#8221;|5px|1px|5px||true&#8221; animation_style=&#8221;fade&#8221; locked=&#8221;off&#8221; inline_fonts=&#8221;Belleza&#8221; global_colors_info=&#8221;{}&#8221;]<\/p>\n<h3 style=\"text-align: center;\"><span style=\"color: #3686c9; font-family: Belleza; font-weight: normal; font-size: x-large;\"><strong>Chambres d&#8217;Agriculture<\/strong><\/span><\/h3>\n<p>[\/et_pb_text][\/et_pb_column][\/et_pb_row][et_pb_row column_structure=&#8221;2_5,3_5&#8243; _builder_version=&#8221;4.27.4&#8243; _module_preset=&#8221;default&#8221; locked=&#8221;off&#8221; global_colors_info=&#8221;{}&#8221;][et_pb_column type=&#8221;2_5&#8243; _builder_version=&#8221;4.27.4&#8243; _module_preset=&#8221;default&#8221; global_colors_info=&#8221;{}&#8221;][et_pb_image src=&#8221;https:\/\/www.atlasens.fr\/wp-content\/uploads\/2026\/03\/chambagri.png&#8221; title_text=&#8221;chambagri&#8221; align=&#8221;center&#8221; _builder_version=&#8221;4.27.4&#8243; _module_preset=&#8221;default&#8221; background_color=&#8221;RGBA(255,255,255,0)&#8221; custom_margin=&#8221;||||false|false&#8221; global_colors_info=&#8221;{}&#8221;][\/et_pb_image][\/et_pb_column][et_pb_column type=&#8221;3_5&#8243; _builder_version=&#8221;4.27.4&#8243; _module_preset=&#8221;default&#8221; global_colors_info=&#8221;{}&#8221;][et_pb_text _builder_version=&#8221;4.27.4&#8243; _module_preset=&#8221;default&#8221; header_2_line_height=&#8221;1.3em&#8221; global_colors_info=&#8221;{}&#8221;]<\/p>\n<h2><strong>Institutions professionnelles, les Chambres d\u2019agriculture sont le porte-parole de l\u2019agriculture et l\u2019interlocuteur des pouvoirs publics pour conduire des projets, des actions et des analyses au b\u00e9n\u00e9fice des agriculteurs dans tous les territoires.<\/strong><\/h2>\n<p>[\/et_pb_text][\/et_pb_column][\/et_pb_row][et_pb_row _builder_version=&#8221;4.27.4&#8243; _module_preset=&#8221;default&#8221; global_colors_info=&#8221;{}&#8221;][et_pb_column type=&#8221;4_4&#8243; _builder_version=&#8221;4.27.4&#8243; _module_preset=&#8221;default&#8221; global_colors_info=&#8221;{}&#8221;][et_pb_text _builder_version=&#8221;4.27.4&#8243; _module_preset=&#8221;default&#8221; header_2_line_height=&#8221;1.3em&#8221; global_colors_info=&#8221;{}&#8221;]<\/p>\n<h2>Les agriculteurs doivent s\u2019inscrire dans une d\u00e9marche de transitions de leurs syst\u00e8mes d\u2019exploitation afin de s\u2019adapter aux nouveaux enjeux sociaux, \u00e9conomiques et environnementaux. Les al\u00e9as climatiques destructeurs et fr\u00e9quents affectent fortement la p\u00e9rennit\u00e9 des exploitations. Pour autant, les agriculteurs contribuent \u00e9galement a\u0300 apporter une partie des solutions pour contenir ces changements ou en limiter les effets. Le maintien des actifs dans la profession agricole est donc aussi un enjeu crucial pour le maintien de syst\u00e8mes agro\u00e9cologiques.<\/h2>\n<h2>L\u2019accompagnement des agriculteurs et des futurs chefs d\u2019entreprise dans leurs r\u00e9flexions n\u00e9cessite d\u00e9sormais une approche globale (technique, \u00e9conomique, humaine, environnementale) pour mettre en \u0153uvre les projets ou optimiser les r\u00e9sultats. Contribuer \u00e0 relever les d\u00e9fis de performance \u00e9conomique, sociale et environnementale au c\u0153ur des territoires suppose une diversit\u00e9 de profils et de m\u00e9tiers, de nouvelles interactions entre eux au sein des chambres d\u2019agriculture pour susciter innovation et r\u00e9pondre aux besoins \u00e9mergents.<\/h2>\n<h2>\u00catre en capacit\u00e9 de se donner un cap strat\u00e9gique clair tout en faisant \u00e9voluer les pratiques et les interventions au service de la satisfaction client fait partie des principaux enjeux des chambres d\u2019agriculture dans le cadre de la nouvelle mandature.<\/h2>\n<h2>\u00a0<\/h2>\n<p>[\/et_pb_text][\/et_pb_column][\/et_pb_row][et_pb_row _builder_version=&#8221;4.27.4&#8243; _module_preset=&#8221;default&#8221; global_colors_info=&#8221;{}&#8221;][et_pb_column type=&#8221;4_4&#8243; _builder_version=&#8221;4.27.4&#8243; _module_preset=&#8221;default&#8221; global_colors_info=&#8221;{}&#8221;][et_pb_divider color=&#8221;#3686c9&#8243; divider_weight=&#8221;2px&#8221; _builder_version=&#8221;4.16&#8243; max_width=&#8221;60px&#8221; module_alignment=&#8221;center&#8221; height=&#8221;2px&#8221; global_colors_info=&#8221;{}&#8221;][\/et_pb_divider][\/et_pb_column][\/et_pb_row][et_pb_row _builder_version=&#8221;4.27.4&#8243; _module_preset=&#8221;default&#8221; locked=&#8221;off&#8221; global_colors_info=&#8221;{}&#8221;][et_pb_column type=&#8221;4_4&#8243; _builder_version=&#8221;4.27.4&#8243; _module_preset=&#8221;default&#8221; global_colors_info=&#8221;{}&#8221;][et_pb_text module_id=&#8221;offres&#8221; _builder_version=&#8221;4.27.4&#8243; text_font=&#8221;||||||||&#8221; header_font=&#8221;||||||||&#8221; header_2_font=&#8221;Playfair Display|700|||||||&#8221; header_2_font_size=&#8221;38px&#8221; header_2_letter_spacing=&#8221;1px&#8221; header_2_line_height=&#8221;1.4em&#8221; header_3_font=&#8221;Poppins|700||on|||||&#8221; header_3_text_color=&#8221;#edbb5f&#8221; header_3_font_size=&#8221;14px&#8221; header_3_letter_spacing=&#8221;1px&#8221; header_3_line_height=&#8221;2em&#8221; background_layout=&#8221;dark&#8221; custom_margin=&#8221;|1px|9px|1px|false|false&#8221; custom_padding=&#8221;|5px|1px|5px||true&#8221; animation_style=&#8221;fade&#8221; locked=&#8221;off&#8221; inline_fonts=&#8221;Belleza&#8221; global_colors_info=&#8221;{}&#8221;]<\/p>\n<h3 style=\"text-align: center;\"><span style=\"color: #3686c9; font-family: Belleza; font-weight: normal; font-size: x-large;\"><strong>Exemples de questions pos\u00e9es en d\u00e9but de mission<\/strong><\/span><\/h3>\n<p>[\/et_pb_text][et_pb_text _builder_version=&#8221;4.27.4&#8243; _module_preset=&#8221;default&#8221; custom_padding=&#8221;|||20px|false|false&#8221; global_colors_info=&#8221;{}&#8221;]<\/p>\n<ul>\n<li>\n<h2><strong>Comment clarifier notre projet strat\u00e9gique collectif dans un contexte de transition et de mutation de l\u2019agriculture ?<\/strong><\/h2>\n<\/li>\n<li>\n<h2><strong>Comment d\u00e9ployer et partager une prospective agricole territoriale pour mieux anticiper et piloter les \u00e9volutions du contexte ?<\/strong><\/h2>\n<\/li>\n<li>\n<h2><strong>Comment construire une culture d\u2019entreprise commune au service des agriculteurs et des territoires ?<\/strong><\/h2>\n<\/li>\n<li>\n<h2><strong>Comment accompagner la gouvernance pour piloter le projet strat\u00e9gique ?<\/strong><\/h2>\n<\/li>\n<li>\n<h2><strong>Comment aider les managers \u00e0 d\u00e9velopper leurs comp\u00e9tences pour r\u00e9pondre aux enjeux d\u2019organisation et des \u00e9quipes dans un monde en profonde transformation ?<\/strong><\/h2>\n<\/li>\n<\/ul>\n<p>[\/et_pb_text][et_pb_divider color=&#8221;#3686c9&#8243; divider_weight=&#8221;2px&#8221; _builder_version=&#8221;4.16&#8243; max_width=&#8221;60px&#8221; module_alignment=&#8221;center&#8221; height=&#8221;2px&#8221; locked=&#8221;off&#8221; global_colors_info=&#8221;{}&#8221;][\/et_pb_divider][\/et_pb_column][\/et_pb_row][et_pb_row disabled_on=&#8221;off|on|on&#8221; _builder_version=&#8221;4.27.4&#8243; _module_preset=&#8221;default&#8221; locked=&#8221;off&#8221; global_colors_info=&#8221;{}&#8221;][et_pb_column type=&#8221;4_4&#8243; _builder_version=&#8221;4.27.4&#8243; _module_preset=&#8221;default&#8221; global_colors_info=&#8221;{}&#8221;][et_pb_text module_id=&#8221;offres&#8221; _builder_version=&#8221;4.27.4&#8243; text_font=&#8221;||||||||&#8221; header_font=&#8221;||||||||&#8221; header_2_font=&#8221;Playfair Display|700|||||||&#8221; header_2_font_size=&#8221;38px&#8221; header_2_letter_spacing=&#8221;1px&#8221; header_2_line_height=&#8221;1.4em&#8221; header_3_font=&#8221;Poppins|700||on|||||&#8221; header_3_text_color=&#8221;#edbb5f&#8221; header_3_font_size=&#8221;14px&#8221; header_3_letter_spacing=&#8221;1px&#8221; header_3_line_height=&#8221;2em&#8221; background_layout=&#8221;dark&#8221; custom_margin=&#8221;|1px|9px|1px|false|false&#8221; custom_padding=&#8221;|5px|1px|5px||true&#8221; animation_style=&#8221;fade&#8221; locked=&#8221;off&#8221; inline_fonts=&#8221;Belleza&#8221; global_colors_info=&#8221;{}&#8221;]<\/p>\n<h3 style=\"text-align: center;\"><span style=\"color: #3686c9; font-family: Belleza; font-weight: normal; font-size: x-large;\"><strong>Notre Positionnement<\/strong><\/span><\/h3>\n<p>[\/et_pb_text][et_pb_text _builder_version=&#8221;4.27.4&#8243; _module_preset=&#8221;default&#8221; global_colors_info=&#8221;{}&#8221;]<\/p>\n<h2><strong>Une expertise sectorielle reconnue :<\/strong> 20 ans d&#8217;accompagnement d&#8217;organisations professionnelles agricoles dans toutes les fili\u00e8res, avec une connaissance fine des sp\u00e9cificit\u00e9s vitivinicoles (gouvernances duales \u00e9lus\/salari\u00e9s, logiques territoriales, \u00e9conomie coop\u00e9rative).<\/h2>\n<h2><strong>Une approche syst\u00e9mique du sens :<\/strong> Atlasens excelle dans l&#8217;alignement entre valeurs, strat\u00e9gie et op\u00e9rationnel. Nous transformons les orientations en dynamiques collectives durables, particuli\u00e8rement crucial dans un secteur o\u00f9 l&#8217;identit\u00e9 territoriale et la culture constituent des leviers de diff\u00e9renciation majeurs.<\/h2>\n<h2><strong>Des m\u00e9thodes \u00e9prouv\u00e9es :<\/strong> Plus de 300 s\u00e9minaires anim\u00e9s avec des structures \u00e0 gouvernance complexe. Nos dispositifs participatifs (Strat&amp;Sens, Cap&amp;Com) permettent de faire \u00e9merger une vision partag\u00e9e et de mobiliser l&#8217;ensemble des parties prenantes autour d&#8217;un projet commun.<\/h2>\n<h2><strong>Une \u00e9quipe experte :<\/strong> Plusieurs d\u2019entre nous ont travaill\u00e9 dans la fili\u00e8re vitivinicole avant de devenir expert en accompagnement des transformations. Cette double comp\u00e9tence sectorielle et m\u00e9thodologique garantit une compr\u00e9hension fine des enjeux et une adaptation des outils aux sp\u00e9cificit\u00e9s du secteur.<\/h2>\n<p>[\/et_pb_text][\/et_pb_column][\/et_pb_row][et_pb_row _builder_version=&#8221;4.27.4&#8243; _module_preset=&#8221;default&#8221; global_colors_info=&#8221;{}&#8221;][et_pb_column type=&#8221;4_4&#8243; _builder_version=&#8221;4.27.4&#8243; _module_preset=&#8221;default&#8221; global_colors_info=&#8221;{}&#8221;][\/et_pb_column][\/et_pb_row][et_pb_row column_structure=&#8221;2_5,3_5&#8243; use_custom_gutter=&#8221;on&#8221; gutter_width=&#8221;0&#8243; disabled_on=&#8221;on|on|off&#8221; _builder_version=&#8221;4.27.4&#8243; min_height=&#8221;459px&#8221; custom_margin=&#8221;|auto|-57px|auto||&#8221; custom_padding=&#8221;0px|0px|42px|37px||&#8221; locked=&#8221;off&#8221; global_colors_info=&#8221;{}&#8221;][et_pb_column type=&#8221;2_5&#8243; _builder_version=&#8221;4.27.4&#8243; z_index=&#8221;8&#8243; custom_padding=&#8221;|||&#8221; global_colors_info=&#8221;{}&#8221; custom_padding__hover=&#8221;|||&#8221;][et_pb_cta title=&#8221;Notre Positionnement&#8221; button_url=&#8221;#&#8221; _builder_version=&#8221;4.27.4&#8243; header_font=&#8221;Poppins|700||on|||||&#8221; header_font_size=&#8221;14px&#8221; header_letter_spacing=&#8221;2px&#8221; header_line_height=&#8221;2em&#8221; body_font=&#8221;Playfair Display|700||on|||||&#8221; body_font_size=&#8221;34px&#8221; body_line_height=&#8221;1.4em&#8221; background_color=&#8221;#3e8ac9&#8243; custom_button=&#8221;on&#8221; button_text_color=&#8221;#f3cd7e&#8221; button_bg_color=&#8221;#ffffff&#8221; button_border_width=&#8221;0px&#8221; button_border_radius=&#8221;0px&#8221; button_letter_spacing=&#8221;1px&#8221; button_font=&#8221;Saira Extra Condensed|600||on|||||&#8221; button_icon=&#8221;&#x24;||divi||400&#8243; z_index=&#8221;0&#8243; custom_margin=&#8221;-100px||-36px||false|false&#8221; custom_padding=&#8221;53px|16px|16px|12px|false|false&#8221; animation_style=&#8221;slide&#8221; animation_direction=&#8221;bottom&#8221; animation_intensity_slide=&#8221;10%&#8221; animation_starting_opacity=&#8221;100%&#8221; button_border_radius_hover=&#8221;1px&#8221; locked=&#8221;off&#8221; inline_fonts=&#8221;Belleza&#8221; global_colors_info=&#8221;{}&#8221; button_text_size__hover_enabled=&#8221;off&#8221; button_one_text_size__hover_enabled=&#8221;off&#8221; button_two_text_size__hover_enabled=&#8221;off&#8221; button_text_color__hover_enabled=&#8221;off&#8221; button_one_text_color__hover_enabled=&#8221;off&#8221; button_two_text_color__hover_enabled=&#8221;off&#8221; button_border_width__hover_enabled=&#8221;off&#8221; button_one_border_width__hover_enabled=&#8221;off&#8221; button_two_border_width__hover_enabled=&#8221;off&#8221; button_border_color__hover_enabled=&#8221;off&#8221; button_one_border_color__hover_enabled=&#8221;off&#8221; button_two_border_color__hover_enabled=&#8221;off&#8221; button_border_radius__hover_enabled=&#8221;on&#8221; button_border_radius__hover=&#8221;1px&#8221; button_one_border_radius__hover_enabled=&#8221;off&#8221; button_two_border_radius__hover_enabled=&#8221;off&#8221; button_letter_spacing__hover_enabled=&#8221;off&#8221; button_one_letter_spacing__hover_enabled=&#8221;off&#8221; button_two_letter_spacing__hover_enabled=&#8221;off&#8221; button_bg_color__hover_enabled=&#8221;off&#8221; button_one_bg_color__hover_enabled=&#8221;off&#8221; button_two_bg_color__hover_enabled=&#8221;off&#8221;][\/et_pb_cta][\/et_pb_column][et_pb_column type=&#8221;3_5&#8243; _builder_version=&#8221;4.16&#8243; custom_padding=&#8221;|||&#8221; global_colors_info=&#8221;{}&#8221; custom_padding__hover=&#8221;|||&#8221;][et_pb_text _builder_version=&#8221;4.27.4&#8243; text_font=&#8221;&#8211;et_global_heading_font|500|||||||&#8221; text_font_size=&#8221;16px&#8221; text_letter_spacing=&#8221;2px&#8221; text_line_height=&#8221;2em&#8221; ul_font=&#8221;||||||||&#8221; background_color=&#8221;#e0e0e0&#8243; z_index=&#8221;0&#8243; background_layout=&#8221;dark&#8221; custom_margin=&#8221;0px||0px|-198px|true|false&#8221; custom_padding=&#8221;30px|20px|30px|30px|true|false&#8221; animation_style=&#8221;slide&#8221; animation_direction=&#8221;top&#8221; animation_duration=&#8221;1500ms&#8221; animation_intensity_slide=&#8221;10%&#8221; animation_starting_opacity=&#8221;100%&#8221; z_index_last_edited=&#8221;off|desktop&#8221; box_shadow_style=&#8221;preset1&#8243; box_shadow_color=&#8221;rgba(0,0,0,0.15)&#8221; global_colors_info=&#8221;{}&#8221;]<\/p>\n<p><span style=\"color: #000000;\"><strong>Une expertise sectorielle reconnue :<\/strong> 20 ans d&#8217;accompagnement d&#8217;organisations professionnelles agricoles dans toutes les fili\u00e8res, avec une connaissance fine des sp\u00e9cificit\u00e9s vitivinicoles (gouvernances duales \u00e9lus\/salari\u00e9s, logiques territoriales, \u00e9conomie coop\u00e9rative).<\/span><\/p>\n<p><span style=\"color: #000000;\"><strong>Une approche syst\u00e9mique du sens :<\/strong> Atlasens excelle dans l&#8217;alignement entre valeurs, strat\u00e9gie et op\u00e9rationnel. Nous transformons les orientations en dynamiques collectives durables, particuli\u00e8rement crucial dans un secteur o\u00f9 l&#8217;identit\u00e9 territoriale et la culture constituent des leviers de diff\u00e9renciation majeurs.<\/span><\/p>\n<p><span style=\"color: #000000;\"><strong>Des m\u00e9thodes \u00e9prouv\u00e9es :<\/strong> Plus de 300 s\u00e9minaires anim\u00e9s avec des structures \u00e0 gouvernance complexe. Nos dispositifs participatifs (Strat&amp;Sens, Cap&amp;Com) permettent de faire \u00e9merger une vision partag\u00e9e et de mobiliser l&#8217;ensemble des parties prenantes autour d&#8217;un projet commun.<\/span><\/p>\n<p><span style=\"color: #000000;\"><strong>Une \u00e9quipe experte :<\/strong> Plusieurs d\u2019entre nous ont travaill\u00e9 dans la fili\u00e8re vitivinicole avant de devenir expert en accompagnement des transformations. Cette double comp\u00e9tence sectorielle et m\u00e9thodologique garantit une compr\u00e9hension fine des enjeux et une adaptation des outils aux sp\u00e9cificit\u00e9s du secteur.<\/span><\/p>\n<p>[\/et_pb_text][\/et_pb_column][\/et_pb_row][et_pb_row _builder_version=&#8221;4.27.4&#8243; _module_preset=&#8221;default&#8221; global_colors_info=&#8221;{}&#8221;][et_pb_column type=&#8221;4_4&#8243; _builder_version=&#8221;4.27.4&#8243; _module_preset=&#8221;default&#8221; global_colors_info=&#8221;{}&#8221;][\/et_pb_column][\/et_pb_row][et_pb_row _builder_version=&#8221;4.27.4&#8243; _module_preset=&#8221;default&#8221; global_colors_info=&#8221;{}&#8221;][et_pb_column type=&#8221;4_4&#8243; _builder_version=&#8221;4.27.4&#8243; _module_preset=&#8221;default&#8221; global_colors_info=&#8221;{}&#8221;][et_pb_divider color=&#8221;#3686c9&#8243; divider_weight=&#8221;2px&#8221; _builder_version=&#8221;4.16&#8243; max_width=&#8221;60px&#8221; module_alignment=&#8221;center&#8221; height=&#8221;2px&#8221; locked=&#8221;off&#8221; global_colors_info=&#8221;{}&#8221;][\/et_pb_divider][et_pb_text module_id=&#8221;offres&#8221; _builder_version=&#8221;4.27.4&#8243; text_font=&#8221;||||||||&#8221; header_font=&#8221;||||||||&#8221; header_2_font=&#8221;Playfair Display|700|||||||&#8221; header_2_font_size=&#8221;38px&#8221; header_2_letter_spacing=&#8221;1px&#8221; header_2_line_height=&#8221;1.4em&#8221; header_3_font=&#8221;Poppins|700||on|||||&#8221; header_3_text_color=&#8221;#edbb5f&#8221; header_3_font_size=&#8221;14px&#8221; header_3_letter_spacing=&#8221;1px&#8221; header_3_line_height=&#8221;2em&#8221; background_layout=&#8221;dark&#8221; custom_margin=&#8221;|1px|9px|1px|false|false&#8221; custom_padding=&#8221;|5px|1px|5px||true&#8221; animation_style=&#8221;fade&#8221; locked=&#8221;off&#8221; inline_fonts=&#8221;Belleza&#8221; global_colors_info=&#8221;{}&#8221;]<\/p>\n<h3 style=\"text-align: center;\"><span style=\"color: #3686c9; font-family: Belleza; font-weight: normal; font-size: x-large;\"><strong>Ils nous font confiance<\/strong><\/span><\/h3>\n<p>[\/et_pb_text][et_pb_slider _builder_version=&#8221;4.27.6&#8243; _module_preset=&#8221;default&#8221; background_color=&#8221;#FFFFFF&#8221; min_height=&#8221;300px&#8221; height=&#8221;300px&#8221; max_height=&#8221;300px&#8221; custom_padding=&#8221;0px||0px|||&#8221; hover_enabled=&#8221;0&#8243; locked=&#8221;off&#8221; global_colors_info=&#8221;{}&#8221; sticky_enabled=&#8221;0&#8243;][et_pb_slide heading=&#8221;CRA PACA&#8221; image=&#8221;https:\/\/www.atlasens.fr\/wp-content\/uploads\/2026\/03\/Logo_CRA_PACA_c.png&#8221; _builder_version=&#8221;4.27.6&#8243; _module_preset=&#8221;default&#8221; background_layout=&#8221;light&#8221; hover_enabled=&#8221;0&#8243; locked=&#8221;off&#8221; global_colors_info=&#8221;{}&#8221; sticky_transition=&#8221;on&#8221; title_text=&#8221;Logo_CRA_PACA_c&#8221; sticky_enabled=&#8221;0&#8243;]<\/p>\n<p>Chambre R\u00e9gionale d&#8217;Agriculture PACA<\/p>\n<p>[\/et_pb_slide][et_pb_slide heading=&#8221;CDA PO&#8221; image=&#8221;https:\/\/www.atlasens.fr\/wp-content\/uploads\/2026\/03\/Logo_CDA_66.png&#8221; _builder_version=&#8221;4.27.6&#8243; _module_preset=&#8221;default&#8221; background_layout=&#8221;light&#8221; locked=&#8221;off&#8221; global_colors_info=&#8221;{}&#8221; sticky_transition=&#8221;on&#8221;]<\/p>\n<p>Chambre D\u00e9partementale d&#8217;Agriculture des Pyr\u00e9n\u00e9es Orientales<\/p>\n<p>[\/et_pb_slide][et_pb_slide heading=&#8221;CDA 88&#8243; image=&#8221;https:\/\/www.atlasens.fr\/wp-content\/uploads\/2026\/03\/Logo_CDA_88.png&#8221; _builder_version=&#8221;4.27.6&#8243; _module_preset=&#8221;default&#8221; background_layout=&#8221;light&#8221; locked=&#8221;off&#8221; global_colors_info=&#8221;{}&#8221; sticky_transition=&#8221;on&#8221;]<\/p>\n<p>Chambre D\u00e9partementale d&#8217;Agriculture des Vosges<\/p>\n<p>[\/et_pb_slide][et_pb_slide heading=&#8221;CDA 10&#038;52&#8243; image=&#8221;https:\/\/www.atlasens.fr\/wp-content\/uploads\/2026\/03\/Logo_CDA_1052.png&#8221; _builder_version=&#8221;4.27.6&#8243; _module_preset=&#8221;default&#8221; background_layout=&#8221;light&#8221; locked=&#8221;off&#8221; global_colors_info=&#8221;{}&#8221; sticky_transition=&#8221;on&#8221;]<\/p>\n<p>Chambre D\u00e9partementale d&#8217;Agriculture de l&#8217;Aube et de la Haute-Marne<\/p>\n<p>[\/et_pb_slide][et_pb_slide heading=&#8221;CDA 55&#8243; image=&#8221;https:\/\/www.atlasens.fr\/wp-content\/uploads\/2026\/03\/Logo_CDA_Meuse.png&#8221; _builder_version=&#8221;4.27.6&#8243; _module_preset=&#8221;default&#8221; background_layout=&#8221;light&#8221; locked=&#8221;off&#8221; global_colors_info=&#8221;{}&#8221; sticky_transition=&#8221;on&#8221;]<\/p>\n<p>Chambre D\u00e9partementale d&#8217;Agriculture de la Meuse<\/p>\n<p>[\/et_pb_slide][et_pb_slide heading=&#8221;CDA 84&#8243; image=&#8221;https:\/\/www.atlasens.fr\/wp-content\/uploads\/2026\/03\/Logo_CDA_Meuse.png&#8221; _builder_version=&#8221;4.27.6&#8243; _module_preset=&#8221;default&#8221; background_layout=&#8221;light&#8221; locked=&#8221;off&#8221; global_colors_info=&#8221;{}&#8221; sticky_transition=&#8221;on&#8221;]<\/p>\n<p>Chambre D\u00e9partementale d&#8217;Agriculture du Vaucluse<\/p>\n<p>[\/et_pb_slide][\/et_pb_slider][\/et_pb_column][\/et_pb_row][\/et_pb_section]<\/p>\n","protected":false},"excerpt":{"rendered":"<p>Chambres d&#8217;AgricultureInstitutions professionnelles, les Chambres d\u2019agriculture sont le porte-parole de l\u2019agriculture et l\u2019interlocuteur des pouvoirs publics pour conduire des projets, des actions et des analyses au b\u00e9n\u00e9fice des agriculteurs dans tous les territoires.Les agriculteurs doivent s\u2019inscrire dans une d\u00e9marche de transitions de leurs syst\u00e8mes d\u2019exploitation afin de s\u2019adapter aux nouveaux enjeux sociaux, \u00e9conomiques et environnementaux. [&hellip;]<\/p>\n","protected":false},"author":3,"featured_media":0,"parent":5818,"menu_order":0,"comment_status":"closed","ping_status":"closed","template":"","meta":{"_et_pb_use_builder":"on","_et_pb_old_content":"","_et_gb_content_width":"","footnotes":""},"class_list":["post-5852","page","type-page","status-publish","hentry"],"_links":{"self":[{"href":"https:\/\/www.atlasens.fr\/index.php\/wp-json\/wp\/v2\/pages\/5852","targetHints":{"allow":["GET"]}}],"collection":[{"href":"https:\/\/www.atlasens.fr\/index.php\/wp-json\/wp\/v2\/pages"}],"about":[{"href":"https:\/\/www.atlasens.fr\/index.php\/wp-json\/wp\/v2\/types\/page"}],"author":[{"embeddable":true,"href":"https:\/\/www.atlasens.fr\/index.php\/wp-json\/wp\/v2\/users\/3"}],"replies":[{"embeddable":true,"href":"https:\/\/www.atlasens.fr\/index.php\/wp-json\/wp\/v2\/comments?post=5852"}],"version-history":[{"count":6,"href":"https:\/\/www.atlasens.fr\/index.php\/wp-json\/wp\/v2\/pages\/5852\/revisions"}],"predecessor-version":[{"id":6084,"href":"https:\/\/www.atlasens.fr\/index.php\/wp-json\/wp\/v2\/pages\/5852\/revisions\/6084"}],"up":[{"embeddable":true,"href":"https:\/\/www.atlasens.fr\/index.php\/wp-json\/wp\/v2\/pages\/5818"}],"wp:attachment":[{"href":"https:\/\/www.atlasens.fr\/index.php\/wp-json\/wp\/v2\/media?parent=5852"}],"curies":[{"name":"wp","href":"https:\/\/api.w.org\/{rel}","templated":true}]}}