{"id":5867,"date":"2026-03-09T22:03:36","date_gmt":"2026-03-09T21:03:36","guid":{"rendered":"https:\/\/www.atlasens.fr\/?page_id=5867"},"modified":"2026-03-10T08:30:29","modified_gmt":"2026-03-10T07:30:29","slug":"artlasens","status":"publish","type":"page","link":"https:\/\/www.atlasens.fr\/index.php\/artlasens\/","title":{"rendered":"Atlasens &amp; Art"},"content":{"rendered":"<p>[et_pb_section fb_built=&#8221;1&#8243; _builder_version=&#8221;4.16&#8243; _module_preset=&#8221;default&#8221; global_colors_info=&#8221;{}&#8221;][et_pb_row use_custom_gutter=&#8221;on&#8221; gutter_width=&#8221;4&#8243; _builder_version=&#8221;4.16&#8243; min_height=&#8221;125px&#8221; custom_margin=&#8221;-52px|auto||auto||&#8221; custom_padding=&#8221;27px|||||&#8221; animation_style=&#8221;fade&#8221; locked=&#8221;off&#8221; global_colors_info=&#8221;{}&#8221;][et_pb_column type=&#8221;4_4&#8243; _builder_version=&#8221;4.16&#8243; custom_padding=&#8221;|||&#8221; global_colors_info=&#8221;{}&#8221; custom_padding__hover=&#8221;|||&#8221;][et_pb_divider color=&#8221;#3686c9&#8243; divider_weight=&#8221;2px&#8221; _builder_version=&#8221;4.16&#8243; max_width=&#8221;60px&#8221; module_alignment=&#8221;center&#8221; height=&#8221;2px&#8221; global_colors_info=&#8221;{}&#8221; locked=&#8221;off&#8221;][\/et_pb_divider][et_pb_text module_id=&#8221;offres&#8221; _builder_version=&#8221;4.27.6&#8243; text_font=&#8221;||||||||&#8221; header_font=&#8221;||||||||&#8221; header_2_font=&#8221;Playfair Display|700|||||||&#8221; header_2_font_size=&#8221;38px&#8221; header_2_letter_spacing=&#8221;1px&#8221; header_2_line_height=&#8221;1.4em&#8221; header_3_font=&#8221;Poppins|700||on|||||&#8221; header_3_text_color=&#8221;#edbb5f&#8221; header_3_font_size=&#8221;14px&#8221; header_3_letter_spacing=&#8221;1px&#8221; header_3_line_height=&#8221;2em&#8221; background_layout=&#8221;dark&#8221; custom_margin=&#8221;|1px|9px|1px|false|false&#8221; custom_padding=&#8221;|5px|1px|5px||true&#8221; animation_style=&#8221;fade&#8221; hover_enabled=&#8221;0&#8243; locked=&#8221;off&#8221; inline_fonts=&#8221;Belleza&#8221; global_colors_info=&#8221;{}&#8221; sticky_enabled=&#8221;0&#8243;]<\/p>\n<h3 style=\"text-align: center;\"><span style=\"color: #3686c9; font-family: Belleza; font-weight: normal; font-size: x-large;\"><strong>Atlasens &amp; Art<\/strong><\/span><\/h3>\n<p>[\/et_pb_text][et_pb_text module_id=&#8221;equipe&#8221; _builder_version=&#8221;4.16&#8243; text_font=&#8221;Belleza||||||||&#8221; header_font=&#8221;Belleza||||||||&#8221; header_2_font=&#8221;Playfair Display|700|||||||&#8221; header_2_font_size=&#8221;38px&#8221; header_2_letter_spacing=&#8221;1px&#8221; header_2_line_height=&#8221;1.4em&#8221; header_3_font=&#8221;Poppins|700||on|||||&#8221; header_3_text_color=&#8221;#edbb5f&#8221; header_3_font_size=&#8221;14px&#8221; header_3_letter_spacing=&#8221;1px&#8221; header_3_line_height=&#8221;2em&#8221; text_orientation=&#8221;center&#8221; max_width=&#8221;550px&#8221; module_alignment=&#8221;center&#8221; custom_margin=&#8221;||17px|||&#8221; animation_style=&#8221;fade&#8221; locked=&#8221;off&#8221; inline_fonts=&#8221;Belleza&#8221; global_colors_info=&#8221;{}&#8221;]<\/p>\n<h3><span style=\"font-family: Belleza; font-weight: normal; font-size: x-large; color: #000000;\"><strong>Pourquoi choisir des oeuvres d&#8217;art dans notre communication ?<\/strong><\/span><\/h3>\n<p>[\/et_pb_text][\/et_pb_column][\/et_pb_row][et_pb_row column_structure=&#8221;1_2,1_2&#8243; _builder_version=&#8221;4.16&#8243; _module_preset=&#8221;default&#8221; locked=&#8221;off&#8221; global_colors_info=&#8221;{}&#8221;][et_pb_column type=&#8221;1_2&#8243; _builder_version=&#8221;4.16&#8243; _module_preset=&#8221;default&#8221; global_colors_info=&#8221;{}&#8221;][et_pb_image src=&#8221;https:\/\/www.atlasens.fr\/wp-content\/uploads\/2022\/08\/Atlasens_art_trans.png&#8221; title_text=&#8221;Atlasens_art_trans&#8221; _builder_version=&#8221;4.16&#8243; _module_preset=&#8221;default&#8221; global_colors_info=&#8221;{}&#8221;][\/et_pb_image][\/et_pb_column][et_pb_column type=&#8221;1_2&#8243; _builder_version=&#8221;4.16&#8243; _module_preset=&#8221;default&#8221; global_colors_info=&#8221;{}&#8221;][et_pb_text _builder_version=&#8221;4.27.4&#8243; _module_preset=&#8221;default&#8221; text_text_color=&#8221;#FFFFFF&#8221; global_colors_info=&#8221;{}&#8221;]<\/p>\n<p><span style=\"color: #000000;\">Les \u0153uvres d\u2019art nous inspirent, nous \u00e9meuvent, nous questionnent\u2026 en observant une \u0153uvre, je r\u00e9agis avec ma t\u00eate, mon c\u0153ur et mon ventre, en \u00e9tant libre d\u2019interpr\u00e9ter et de ressentir ce qui est juste pour moi.<\/span><\/p>\n<p><span style=\"color: #000000;\">L\u2019art offre un d\u00e9tour, un appel \u00e0 la m\u00e9taphore, sollicite nos ressentis, nos \u00e9motions\u2026 Il permet ainsi un changement de regard sur les pr\u00e9occupations quotidiennes mais aussi sur notre chemin parcouru ou \u00e0 venir. En ce sens, l\u2019art trouve un formidable \u00e9cho dans le coaching et plus globalement dans l\u2019accompagnement d\u2019une personne ou d\u2019un collectif.<\/span><\/p>\n<p><span style=\"color: #000000;\">Dans notre pratique, nous exploitons la subjectivit\u00e9, les r\u00e9actions et sch\u00e9mas mentaux, \u00e9motionnels ou physiques\u00a0des personnes que nous accompagnons, sans jugement, comme une mati\u00e8re premi\u00e8re pour \u00e9clairer les situations, aider \u00e0 la prise de d\u00e9cisions et au passage \u00e0 l\u2019action. C\u2019est permettre le changement en s\u2019appuyant sur des positions perceptuelles diff\u00e9rentes, d\u00e9cal\u00e9es.<\/span><\/p>\n<p><span style=\"color: #000000;\">Il n\u2019y a pas d\u2019\u0153uvres \u201cbelles\u201d ou \u201cjoyeuses\u201d dans l\u2019absolu. Pas plus que de liens \u00e9vidents entre telle offre de service et tel th\u00e8me artistique choisi dans nos supports de communication. Chacun est libre de voir ce qu\u2019il y souhaite dans ce rapprochement\u00a0en analogie au libre arbitre mobilis\u00e9 dans les changements \u00e0 op\u00e9rer.<\/span><\/p>\n<p><span style=\"color: #000000;\">Nous utilisons les bases en Open Access de mus\u00e9es pour trouver des images inspirantes et notamment :<\/span><\/p>\n<ul>\n<li><span style=\"color: #000000;\">Metropolitan Museum : <a href=\"https:\/\/www.metmuseum.org\/\" style=\"color: #000000;\">https:\/\/www.metmuseum.org\/<\/a>\u00a0<a href=\"https:\/\/www.metmuseum.org\/\" style=\"color: #000000;\"><\/a><\/span><\/li>\n<li><span style=\"color: #000000;\">National Gallery of Arts : <a href=\"https:\/\/www.nga.gov\/\" style=\"color: #000000;\">https:\/\/www.nga.gov\/<\/a><\/span><\/li>\n<li><span style=\"color: #000000;\">The Public Domain Review : <a href=\"https:\/\/publicdomainreview.org\/\" style=\"color: #000000;\">https:\/\/publicdomainreview.org\/<\/a><\/span><\/li>\n<\/ul>\n<p>[\/et_pb_text][\/et_pb_column][\/et_pb_row][\/et_pb_section][et_pb_section fb_built=&#8221;1&#8243; _builder_version=&#8221;4.16&#8243; _module_preset=&#8221;default&#8221; custom_margin=&#8221;-61px||-45px|||&#8221; custom_padding=&#8221;0px|||||&#8221; global_colors_info=&#8221;{}&#8221;][\/et_pb_section]<\/p>\n","protected":false},"excerpt":{"rendered":"<p>Atlasens &amp; ArtPourquoi choisir des oeuvres d&#8217;art dans notre communication ?Les \u0153uvres d\u2019art nous inspirent, nous \u00e9meuvent, nous questionnent\u2026 en observant une \u0153uvre, je r\u00e9agis avec ma t\u00eate, mon c\u0153ur et mon ventre, en \u00e9tant libre d\u2019interpr\u00e9ter et de ressentir ce qui est juste pour moi. L\u2019art offre un d\u00e9tour, un appel \u00e0 la m\u00e9taphore, [&hellip;]<\/p>\n","protected":false},"author":3,"featured_media":0,"parent":0,"menu_order":0,"comment_status":"closed","ping_status":"closed","template":"","meta":{"_et_pb_use_builder":"on","_et_pb_old_content":"","_et_gb_content_width":"","footnotes":""},"class_list":["post-5867","page","type-page","status-publish","hentry"],"_links":{"self":[{"href":"https:\/\/www.atlasens.fr\/index.php\/wp-json\/wp\/v2\/pages\/5867","targetHints":{"allow":["GET"]}}],"collection":[{"href":"https:\/\/www.atlasens.fr\/index.php\/wp-json\/wp\/v2\/pages"}],"about":[{"href":"https:\/\/www.atlasens.fr\/index.php\/wp-json\/wp\/v2\/types\/page"}],"author":[{"embeddable":true,"href":"https:\/\/www.atlasens.fr\/index.php\/wp-json\/wp\/v2\/users\/3"}],"replies":[{"embeddable":true,"href":"https:\/\/www.atlasens.fr\/index.php\/wp-json\/wp\/v2\/comments?post=5867"}],"version-history":[{"count":4,"href":"https:\/\/www.atlasens.fr\/index.php\/wp-json\/wp\/v2\/pages\/5867\/revisions"}],"predecessor-version":[{"id":5965,"href":"https:\/\/www.atlasens.fr\/index.php\/wp-json\/wp\/v2\/pages\/5867\/revisions\/5965"}],"wp:attachment":[{"href":"https:\/\/www.atlasens.fr\/index.php\/wp-json\/wp\/v2\/media?parent=5867"}],"curies":[{"name":"wp","href":"https:\/\/api.w.org\/{rel}","templated":true}]}}